{"id":203,"date":"2021-01-09T00:49:02","date_gmt":"2021-01-08T23:49:02","guid":{"rendered":"https:\/\/apps.avecnous.eu\/?page_id=203"},"modified":"2026-01-02T15:57:21","modified_gmt":"2026-01-02T14:57:21","slug":"mentions-legales","status":"publish","type":"page","link":"https:\/\/apps.avecnous.eu\/en\/mentions-legales\/","title":{"rendered":"Legal mentions"},"content":{"rendered":"\n<p>NOUS \u2013 Ouvert, Utile et Simple (SAS)<br>11 rue des Oli\u00e8res, 31310 MONTESQUIEU-VOLVESTRE<br>t\u00e9l. : \u00a0+33 5 82 95 66 56<br>email : apps[at]avecnous.eu<\/p>\n\n\n\n<p>Soci\u00e9t\u00e9 par Actions Simplifi\u00e9e au capital de 1000 euros.<br>RCS 802 195 925 000 10<br>Code APE : 6311Z<br>N\u00b0 TVA : FR 36 802 195 925<\/p>\n\n\n\n<p>Responsable de la publication : Bastien Ho<\/p>\n\n\n\n<p>Site h\u00e9berg\u00e9 par Infomaniak Network SA &#8211; Rue Eug\u00e8ne Marziano 25 &#8211; 1227 Les Acacias (GE) &#8211; SUISSE<\/p>\n","protected":false},"excerpt":{"rendered":"<p>NOUS \u2013 Ouvert, Utile et Simple (SAS)11 rue des Oli\u00e8res, 31310 MONTESQUIEU-VOLVESTREt\u00e9l. : \u00a0+33 5 82 95 66 56email : apps[at]avecnous.eu Soci\u00e9t\u00e9 par Actions Simplifi\u00e9e au capital de 1000 euros.RCS 802 195 925 000 10Code APE : 6311ZN\u00b0 TVA : FR 36 802 195 925 Responsable de la publication : Bastien Ho Site h\u00e9berg\u00e9 par [&hellip;]<\/p>\n","protected":false},"author":3,"featured_media":0,"parent":0,"menu_order":0,"comment_status":"closed","ping_status":"closed","template":"","meta":{"_eb_attr":"","footnotes":""},"class_list":["post-203","page","type-page","status-publish","hentry"],"yoast_head":"<!-- This site is optimized with the Yoast SEO plugin v27.3 - https:\/\/yoast.com\/product\/yoast-seo-wordpress\/ -->\n<title>Mentions l\u00e9gales | Apps NOUS<\/title>\n<meta name=\"robots\" content=\"index, follow, max-snippet:-1, max-image-preview:large, max-video-preview:-1\" \/>\n<link rel=\"canonical\" href=\"https:\/\/apps.avecnous.eu\/en\/mentions-legales\/\" \/>\n<meta property=\"og:locale\" content=\"en_GB\" \/>\n<meta property=\"og:type\" content=\"article\" \/>\n<meta property=\"og:title\" content=\"Mentions l\u00e9gales | Apps NOUS\" \/>\n<meta property=\"og:description\" content=\"NOUS \u2013 Ouvert, Utile et Simple (SAS)11 rue des Oli\u00e8res, 31310 MONTESQUIEU-VOLVESTREt\u00e9l. : \u00a0+33 5 82 95 66 56email : apps[at]avecnous.eu Soci\u00e9t\u00e9 par Actions Simplifi\u00e9e au capital de 1000 euros.RCS 802 195 925 000 10Code APE : 6311ZN\u00b0 TVA : FR 36 802 195 925 Responsable de la publication : Bastien Ho Site h\u00e9berg\u00e9 par [&hellip;]\" \/>\n<meta property=\"og:url\" content=\"https:\/\/apps.avecnous.eu\/en\/mentions-legales\/\" \/>\n<meta property=\"og:site_name\" content=\"Apps\" \/>\n<meta property=\"article:modified_time\" content=\"2026-01-02T14:57:21+00:00\" \/>\n<meta name=\"twitter:card\" content=\"summary_large_image\" \/>\n<meta name=\"twitter:label1\" content=\"Estimated reading time\" \/>\n\t<meta name=\"twitter:data1\" content=\"1 minute\" \/>\n<script type=\"application\/ld+json\" class=\"yoast-schema-graph\">{\"@context\":\"https:\\\/\\\/schema.org\",\"@graph\":[{\"@type\":\"WebPage\",\"@id\":\"https:\\\/\\\/apps.avecnous.eu\\\/mentions-legales\\\/\",\"url\":\"https:\\\/\\\/apps.avecnous.eu\\\/mentions-legales\\\/\",\"name\":\"Mentions l\u00e9gales | Apps NOUS\",\"isPartOf\":{\"@id\":\"https:\\\/\\\/apps.avecnous.eu\\\/#website\"},\"datePublished\":\"2021-01-08T23:49:02+00:00\",\"dateModified\":\"2026-01-02T14:57:21+00:00\",\"breadcrumb\":{\"@id\":\"https:\\\/\\\/apps.avecnous.eu\\\/mentions-legales\\\/#breadcrumb\"},\"inLanguage\":\"en-GB\",\"potentialAction\":[{\"@type\":\"ReadAction\",\"target\":[\"https:\\\/\\\/apps.avecnous.eu\\\/mentions-legales\\\/\"]}]},{\"@type\":\"BreadcrumbList\",\"@id\":\"https:\\\/\\\/apps.avecnous.eu\\\/mentions-legales\\\/#breadcrumb\",\"itemListElement\":[{\"@type\":\"ListItem\",\"position\":1,\"name\":\"Home\",\"item\":\"https:\\\/\\\/apps.avecnous.eu\\\/\"},{\"@type\":\"ListItem\",\"position\":2,\"name\":\"Mentions l\u00e9gales\"}]},{\"@type\":\"WebSite\",\"@id\":\"https:\\\/\\\/apps.avecnous.eu\\\/#website\",\"url\":\"https:\\\/\\\/apps.avecnous.eu\\\/\",\"name\":\"Apps by N.O.U.S.\",\"description\":\"Nous Ouvert, Utile &amp; Simple, d\u00e9veloppe des extensions gratuites et premium pour WordPress et Woocommerce avec un engagement de livrer un code de qualit\u00e9 et respectueux de l&#039;environnement.\",\"publisher\":{\"@id\":\"https:\\\/\\\/apps.avecnous.eu\\\/#organization\"},\"alternateName\":\"Apps NOUS\",\"potentialAction\":[{\"@type\":\"SearchAction\",\"target\":{\"@type\":\"EntryPoint\",\"urlTemplate\":\"https:\\\/\\\/apps.avecnous.eu\\\/?s={search_term_string}\"},\"query-input\":{\"@type\":\"PropertyValueSpecification\",\"valueRequired\":true,\"valueName\":\"search_term_string\"}}],\"inLanguage\":\"en-GB\"},{\"@type\":\"Organization\",\"@id\":\"https:\\\/\\\/apps.avecnous.eu\\\/#organization\",\"name\":\"Apps by N.O.U.S.\",\"url\":\"https:\\\/\\\/apps.avecnous.eu\\\/\",\"logo\":{\"@type\":\"ImageObject\",\"inLanguage\":\"en-GB\",\"@id\":\"https:\\\/\\\/apps.avecnous.eu\\\/#\\\/schema\\\/logo\\\/image\\\/\",\"url\":\"https:\\\/\\\/apps.avecnous.eu\\\/wp-content\\\/uploads\\\/sites\\\/28\\\/2025\\\/07\\\/Logo_APPS_by_NOUS_2025.png\",\"contentUrl\":\"https:\\\/\\\/apps.avecnous.eu\\\/wp-content\\\/uploads\\\/sites\\\/28\\\/2025\\\/07\\\/Logo_APPS_by_NOUS_2025.png\",\"width\":500,\"height\":112,\"caption\":\"Apps by N.O.U.S.\"},\"image\":{\"@id\":\"https:\\\/\\\/apps.avecnous.eu\\\/#\\\/schema\\\/logo\\\/image\\\/\"}}]}<\/script>\n<!-- \/ Yoast SEO plugin. -->","yoast_head_json":{"title":"Mentions l\u00e9gales | Apps NOUS","robots":{"index":"index","follow":"follow","max-snippet":"max-snippet:-1","max-image-preview":"max-image-preview:large","max-video-preview":"max-video-preview:-1"},"canonical":"https:\/\/apps.avecnous.eu\/en\/mentions-legales\/","og_locale":"en_GB","og_type":"article","og_title":"Mentions l\u00e9gales | Apps NOUS","og_description":"NOUS \u2013 Ouvert, Utile et Simple (SAS)11 rue des Oli\u00e8res, 31310 MONTESQUIEU-VOLVESTREt\u00e9l. : \u00a0+33 5 82 95 66 56email : apps[at]avecnous.eu Soci\u00e9t\u00e9 par Actions Simplifi\u00e9e au capital de 1000 euros.RCS 802 195 925 000 10Code APE : 6311ZN\u00b0 TVA : FR 36 802 195 925 Responsable de la publication : Bastien Ho Site h\u00e9berg\u00e9 par [&hellip;]","og_url":"https:\/\/apps.avecnous.eu\/en\/mentions-legales\/","og_site_name":"Apps","article_modified_time":"2026-01-02T14:57:21+00:00","twitter_card":"summary_large_image","twitter_misc":{"Estimated reading time":"1 minute"},"schema":{"@context":"https:\/\/schema.org","@graph":[{"@type":"WebPage","@id":"https:\/\/apps.avecnous.eu\/mentions-legales\/","url":"https:\/\/apps.avecnous.eu\/mentions-legales\/","name":"Mentions l\u00e9gales | Apps NOUS","isPartOf":{"@id":"https:\/\/apps.avecnous.eu\/#website"},"datePublished":"2021-01-08T23:49:02+00:00","dateModified":"2026-01-02T14:57:21+00:00","breadcrumb":{"@id":"https:\/\/apps.avecnous.eu\/mentions-legales\/#breadcrumb"},"inLanguage":"en-GB","potentialAction":[{"@type":"ReadAction","target":["https:\/\/apps.avecnous.eu\/mentions-legales\/"]}]},{"@type":"BreadcrumbList","@id":"https:\/\/apps.avecnous.eu\/mentions-legales\/#breadcrumb","itemListElement":[{"@type":"ListItem","position":1,"name":"Home","item":"https:\/\/apps.avecnous.eu\/"},{"@type":"ListItem","position":2,"name":"Mentions l\u00e9gales"}]},{"@type":"WebSite","@id":"https:\/\/apps.avecnous.eu\/#website","url":"https:\/\/apps.avecnous.eu\/","name":"Apps by N.O.U.S.","description":"NOUS - Open, Useful &amp; Simple develop free and premium plugins for WordPress and Woocommerce with a commitment to delivering high-quality, environmentally friendly code.","publisher":{"@id":"https:\/\/apps.avecnous.eu\/#organization"},"alternateName":"Apps NOUS","potentialAction":[{"@type":"SearchAction","target":{"@type":"EntryPoint","urlTemplate":"https:\/\/apps.avecnous.eu\/?s={search_term_string}"},"query-input":{"@type":"PropertyValueSpecification","valueRequired":true,"valueName":"search_term_string"}}],"inLanguage":"en-GB"},{"@type":"Organization","@id":"https:\/\/apps.avecnous.eu\/#organization","name":"Apps by N.O.U.S.","url":"https:\/\/apps.avecnous.eu\/","logo":{"@type":"ImageObject","inLanguage":"en-GB","@id":"https:\/\/apps.avecnous.eu\/#\/schema\/logo\/image\/","url":"https:\/\/apps.avecnous.eu\/wp-content\/uploads\/sites\/28\/2025\/07\/Logo_APPS_by_NOUS_2025.png","contentUrl":"https:\/\/apps.avecnous.eu\/wp-content\/uploads\/sites\/28\/2025\/07\/Logo_APPS_by_NOUS_2025.png","width":500,"height":112,"caption":"Apps by N.O.U.S."},"image":{"@id":"https:\/\/apps.avecnous.eu\/#\/schema\/logo\/image\/"}}]}},"_links":{"self":[{"href":"https:\/\/apps.avecnous.eu\/en\/wp-json\/wp\/v2\/pages\/203","targetHints":{"allow":["GET"]}}],"collection":[{"href":"https:\/\/apps.avecnous.eu\/en\/wp-json\/wp\/v2\/pages"}],"about":[{"href":"https:\/\/apps.avecnous.eu\/en\/wp-json\/wp\/v2\/types\/page"}],"author":[{"embeddable":true,"href":"https:\/\/apps.avecnous.eu\/en\/wp-json\/wp\/v2\/users\/3"}],"replies":[{"embeddable":true,"href":"https:\/\/apps.avecnous.eu\/en\/wp-json\/wp\/v2\/comments?post=203"}],"version-history":[{"count":7,"href":"https:\/\/apps.avecnous.eu\/en\/wp-json\/wp\/v2\/pages\/203\/revisions"}],"predecessor-version":[{"id":4757446,"href":"https:\/\/apps.avecnous.eu\/en\/wp-json\/wp\/v2\/pages\/203\/revisions\/4757446"}],"wp:attachment":[{"href":"https:\/\/apps.avecnous.eu\/en\/wp-json\/wp\/v2\/media?parent=203"}],"curies":[{"name":"wp","href":"https:\/\/api.w.org\/{rel}","templated":true}]}}