{"id":2127,"date":"2021-10-29T14:47:18","date_gmt":"2021-10-29T12:47:18","guid":{"rendered":"https:\/\/apps.avecnous.eu\/?post_type=product&#038;p=2127"},"modified":"2025-12-30T16:50:57","modified_gmt":"2025-12-30T15:50:57","slug":"journal-de-banque-comptabilite-pour-woocommerce","status":"publish","type":"product","link":"https:\/\/apps.avecnous.eu\/en\/boutique\/comptabilite-woocommerce\/journal-de-banque-comptabilite-pour-woocommerce\/","title":{"rendered":"Bank journal - Accounting for Woocommerce 1.0.3"},"content":{"rendered":"<div id=\"magicdomid10\" class=\"\"><span class=\"author-a-gz67zz88zz68zz69zz72zz67z1z73zz85zdz80zz79zz85zz90zz122z\">Adding a bank journal for bank reconciliation in <span class=\"\">adding financial movement lines to the export file<strong> <a href=\"https:\/\/fr.wordpress.org\/plugins\/accounting-for-woocommerce\/\" target=\"_blank\" rel=\"noopener\">Accounting for Woocommerce<\/a>.<br \/>\n<\/strong><\/span><br \/>\n<\/span><\/div>\n<pre><strong><span style=\"text-decoration: underline;\">Warning<\/span> : <span class=\"author-a-gz67zz88zz68zz69zz72zz67z1z73zz85zdz80zz79zz85zz90zz122z\"><span class=\"\"> <a href=\"https:\/\/fr.wordpress.org\/plugins\/accounting-for-woocommerce\/\" target=\"_blank\" rel=\"noopener\">Accounting for Woocommerce<\/a><\/span><\/span> must be installed for this plugin to work.<\/strong><\/pre>\n<div><\/div>\n<div>Payments are aggregated by date or according to the following cases:<\/div>\n<div><\/div>\n<div>If you have the plugin <strong>Sepa Direct Debit<\/strong> : per XML export date<\/div>\n<div id=\"magicdomid12\" class=\"\"><span class=\"author-a-drz80zz81zuz83zemtz68zdgjxz87z1\">If you have an online payment via <\/span><span class=\"\"><a href=\"https:\/\/fr.wordpress.org\/plugins\/paybox-woocommerce-gateway\/\" target=\"_blank\" rel=\"noopener\"><strong>Paybox<\/strong><\/a> : by remote collection date<br \/>\n<\/span><\/div>\n<div id=\"magicdomid14\" class=\"\">If you have the plugin <span class=\"author-a-gz67zz88zz68zz69zz72zz67z1z73zz85zdz80zz79zz85zz90zz122z\"><a href=\"https:\/\/fr.wordpress.org\/plugins\/bank-slip-for-woocommerce\/\" target=\"_blank\" rel=\"noopener\"><strong>Bank Slip for WooCommerce<\/strong><\/a> : <\/span><span class=\"author-a-gz67zz88zz68zz69zz72zz67z1z73zz85zdz80zz79zz85zz90zz122z\">by delivery note<\/span><\/div>","protected":false},"excerpt":{"rendered":"<p>Ajout d&rsquo;un journal de banque pour le rapprochement bancaire en ajoutant des lignes de mouvement financier au fichier d&rsquo;export de Comptabilit\u00e9 pour WooCommerce. Attention : Comptabilit\u00e9 pour WooCommerce doit \u00eatre install\u00e9 pour que cette extension fonctionne. Les paiements sont agr\u00e9g\u00e9s par date ou selon les cas suivants : Si vous disposez de l&rsquo;extension Sepa Direct [&hellip;]<\/p>\n","protected":false},"featured_media":2128,"comment_status":"open","ping_status":"closed","template":"","meta":{"_eb_attr":""},"product_brand":[139],"product_cat":[41],"product_tag":[99],"class_list":{"0":"post-2127","1":"product","2":"type-product","3":"status-publish","4":"has-post-thumbnail","6":"product_brand-woocommerce","7":"product_cat-comptabilite-woocommerce","8":"product_tag-premium","10":"first","11":"instock","12":"downloadable","13":"virtual","14":"taxable","15":"purchasable","16":"product-type-simple"},"yoast_head":"<!-- This site is optimized with the Yoast SEO plugin v27.3 - https:\/\/yoast.com\/product\/yoast-seo-wordpress\/ -->\n<title>Journal de banque - Comptabilit\u00e9 pour WooCommerce | Apps NOUS<\/title>\n<meta name=\"robots\" content=\"index, follow, max-snippet:-1, max-image-preview:large, max-video-preview:-1\" \/>\n<link rel=\"canonical\" href=\"https:\/\/apps.avecnous.eu\/en\/boutique\/comptabilite-woocommerce\/journal-de-banque-comptabilite-pour-woocommerce\/\" \/>\n<meta property=\"og:locale\" content=\"en_GB\" \/>\n<meta property=\"og:type\" content=\"article\" \/>\n<meta property=\"og:title\" content=\"Journal de banque - Comptabilit\u00e9 pour WooCommerce | Apps NOUS\" \/>\n<meta property=\"og:description\" content=\"Ajout d&rsquo;un journal de banque pour le rapprochement bancaire en ajoutant des lignes de mouvement financier au fichier d&rsquo;export de Comptabilit\u00e9 pour WooCommerce. Attention : Comptabilit\u00e9 pour WooCommerce doit \u00eatre install\u00e9 pour que cette extension fonctionne. Les paiements sont agr\u00e9g\u00e9s par date ou selon les cas suivants : Si vous disposez de l&rsquo;extension Sepa Direct [&hellip;]\" \/>\n<meta property=\"og:url\" content=\"https:\/\/apps.avecnous.eu\/en\/boutique\/comptabilite-woocommerce\/journal-de-banque-comptabilite-pour-woocommerce\/\" \/>\n<meta property=\"og:site_name\" content=\"Apps\" \/>\n<meta property=\"article:modified_time\" content=\"2025-12-30T15:50:57+00:00\" \/>\n<meta property=\"og:image\" content=\"https:\/\/apps.avecnous.eu\/wp-content\/uploads\/sites\/28\/2021\/10\/logo.png\" \/>\n\t<meta property=\"og:image:width\" content=\"512\" \/>\n\t<meta property=\"og:image:height\" content=\"512\" \/>\n\t<meta property=\"og:image:type\" content=\"image\/png\" \/>\n<meta name=\"twitter:card\" content=\"summary_large_image\" \/>\n<meta name=\"twitter:label1\" content=\"Estimated reading time\" \/>\n\t<meta name=\"twitter:data1\" content=\"1 minute\" \/>\n<script type=\"application\/ld+json\" class=\"yoast-schema-graph\">{\"@context\":\"https:\\\/\\\/schema.org\",\"@graph\":[{\"@type\":\"WebPage\",\"@id\":\"https:\\\/\\\/apps.avecnous.eu\\\/boutique\\\/comptabilite-woocommerce\\\/journal-de-banque-comptabilite-pour-woocommerce\\\/\",\"url\":\"https:\\\/\\\/apps.avecnous.eu\\\/boutique\\\/comptabilite-woocommerce\\\/journal-de-banque-comptabilite-pour-woocommerce\\\/\",\"name\":\"Journal de banque - Comptabilit\u00e9 pour WooCommerce | Apps NOUS\",\"isPartOf\":{\"@id\":\"https:\\\/\\\/apps.avecnous.eu\\\/#website\"},\"primaryImageOfPage\":{\"@id\":\"https:\\\/\\\/apps.avecnous.eu\\\/boutique\\\/comptabilite-woocommerce\\\/journal-de-banque-comptabilite-pour-woocommerce\\\/#primaryimage\"},\"image\":{\"@id\":\"https:\\\/\\\/apps.avecnous.eu\\\/boutique\\\/comptabilite-woocommerce\\\/journal-de-banque-comptabilite-pour-woocommerce\\\/#primaryimage\"},\"thumbnailUrl\":\"https:\\\/\\\/apps.avecnous.eu\\\/wp-content\\\/uploads\\\/sites\\\/28\\\/2021\\\/10\\\/logo.png\",\"datePublished\":\"2021-10-29T12:47:18+00:00\",\"dateModified\":\"2025-12-30T15:50:57+00:00\",\"breadcrumb\":{\"@id\":\"https:\\\/\\\/apps.avecnous.eu\\\/boutique\\\/comptabilite-woocommerce\\\/journal-de-banque-comptabilite-pour-woocommerce\\\/#breadcrumb\"},\"inLanguage\":\"en-GB\",\"potentialAction\":[{\"@type\":\"ReadAction\",\"target\":[\"https:\\\/\\\/apps.avecnous.eu\\\/boutique\\\/comptabilite-woocommerce\\\/journal-de-banque-comptabilite-pour-woocommerce\\\/\"]}]},{\"@type\":\"ImageObject\",\"inLanguage\":\"en-GB\",\"@id\":\"https:\\\/\\\/apps.avecnous.eu\\\/boutique\\\/comptabilite-woocommerce\\\/journal-de-banque-comptabilite-pour-woocommerce\\\/#primaryimage\",\"url\":\"https:\\\/\\\/apps.avecnous.eu\\\/wp-content\\\/uploads\\\/sites\\\/28\\\/2021\\\/10\\\/logo.png\",\"contentUrl\":\"https:\\\/\\\/apps.avecnous.eu\\\/wp-content\\\/uploads\\\/sites\\\/28\\\/2021\\\/10\\\/logo.png\",\"width\":512,\"height\":512,\"caption\":\"Image produit Journal de banque\"},{\"@type\":\"BreadcrumbList\",\"@id\":\"https:\\\/\\\/apps.avecnous.eu\\\/boutique\\\/comptabilite-woocommerce\\\/journal-de-banque-comptabilite-pour-woocommerce\\\/#breadcrumb\",\"itemListElement\":[{\"@type\":\"ListItem\",\"position\":1,\"name\":\"Home\",\"item\":\"https:\\\/\\\/apps.avecnous.eu\\\/\"},{\"@type\":\"ListItem\",\"position\":2,\"name\":\"Toutes nos extensions WordPress et WooCommerce\",\"item\":\"https:\\\/\\\/apps.avecnous.eu\\\/boutique\\\/\"},{\"@type\":\"ListItem\",\"position\":3,\"name\":\"Comptabilit\u00e9\",\"item\":\"https:\\\/\\\/apps.avecnous.eu\\\/categorie-produit\\\/comptabilite-woocommerce\\\/\"},{\"@type\":\"ListItem\",\"position\":4,\"name\":\"Journal de banque &#8211; Comptabilit\u00e9 pour WooCommerce\"}]},{\"@type\":\"WebSite\",\"@id\":\"https:\\\/\\\/apps.avecnous.eu\\\/#website\",\"url\":\"https:\\\/\\\/apps.avecnous.eu\\\/\",\"name\":\"Apps by N.O.U.S.\",\"description\":\"Nous Ouvert, Utile &amp; Simple, d\u00e9veloppe des extensions gratuites et premium pour WordPress et Woocommerce avec un engagement de livrer un code de qualit\u00e9 et respectueux de l&#039;environnement.\",\"publisher\":{\"@id\":\"https:\\\/\\\/apps.avecnous.eu\\\/#organization\"},\"alternateName\":\"Apps NOUS\",\"potentialAction\":[{\"@type\":\"SearchAction\",\"target\":{\"@type\":\"EntryPoint\",\"urlTemplate\":\"https:\\\/\\\/apps.avecnous.eu\\\/?s={search_term_string}\"},\"query-input\":{\"@type\":\"PropertyValueSpecification\",\"valueRequired\":true,\"valueName\":\"search_term_string\"}}],\"inLanguage\":\"en-GB\"},{\"@type\":\"Organization\",\"@id\":\"https:\\\/\\\/apps.avecnous.eu\\\/#organization\",\"name\":\"Apps by N.O.U.S.\",\"url\":\"https:\\\/\\\/apps.avecnous.eu\\\/\",\"logo\":{\"@type\":\"ImageObject\",\"inLanguage\":\"en-GB\",\"@id\":\"https:\\\/\\\/apps.avecnous.eu\\\/#\\\/schema\\\/logo\\\/image\\\/\",\"url\":\"https:\\\/\\\/apps.avecnous.eu\\\/wp-content\\\/uploads\\\/sites\\\/28\\\/2025\\\/07\\\/Logo_APPS_by_NOUS_2025.png\",\"contentUrl\":\"https:\\\/\\\/apps.avecnous.eu\\\/wp-content\\\/uploads\\\/sites\\\/28\\\/2025\\\/07\\\/Logo_APPS_by_NOUS_2025.png\",\"width\":500,\"height\":112,\"caption\":\"Apps by N.O.U.S.\"},\"image\":{\"@id\":\"https:\\\/\\\/apps.avecnous.eu\\\/#\\\/schema\\\/logo\\\/image\\\/\"}}]}<\/script>\n<!-- \/ Yoast SEO plugin. -->","yoast_head_json":{"title":"Journal de banque - Comptabilit\u00e9 pour WooCommerce | Apps NOUS","robots":{"index":"index","follow":"follow","max-snippet":"max-snippet:-1","max-image-preview":"max-image-preview:large","max-video-preview":"max-video-preview:-1"},"canonical":"https:\/\/apps.avecnous.eu\/en\/boutique\/comptabilite-woocommerce\/journal-de-banque-comptabilite-pour-woocommerce\/","og_locale":"en_GB","og_type":"article","og_title":"Journal de banque - Comptabilit\u00e9 pour WooCommerce | Apps NOUS","og_description":"Ajout d&rsquo;un journal de banque pour le rapprochement bancaire en ajoutant des lignes de mouvement financier au fichier d&rsquo;export de Comptabilit\u00e9 pour WooCommerce. Attention : Comptabilit\u00e9 pour WooCommerce doit \u00eatre install\u00e9 pour que cette extension fonctionne. Les paiements sont agr\u00e9g\u00e9s par date ou selon les cas suivants : Si vous disposez de l&rsquo;extension Sepa Direct [&hellip;]","og_url":"https:\/\/apps.avecnous.eu\/en\/boutique\/comptabilite-woocommerce\/journal-de-banque-comptabilite-pour-woocommerce\/","og_site_name":"Apps","article_modified_time":"2025-12-30T15:50:57+00:00","og_image":[{"width":512,"height":512,"url":"https:\/\/apps.avecnous.eu\/wp-content\/uploads\/sites\/28\/2021\/10\/logo.png","type":"image\/png"}],"twitter_card":"summary_large_image","twitter_misc":{"Estimated reading time":"1 minute"},"schema":{"@context":"https:\/\/schema.org","@graph":[{"@type":"WebPage","@id":"https:\/\/apps.avecnous.eu\/boutique\/comptabilite-woocommerce\/journal-de-banque-comptabilite-pour-woocommerce\/","url":"https:\/\/apps.avecnous.eu\/boutique\/comptabilite-woocommerce\/journal-de-banque-comptabilite-pour-woocommerce\/","name":"Journal de banque - Comptabilit\u00e9 pour WooCommerce | Apps NOUS","isPartOf":{"@id":"https:\/\/apps.avecnous.eu\/#website"},"primaryImageOfPage":{"@id":"https:\/\/apps.avecnous.eu\/boutique\/comptabilite-woocommerce\/journal-de-banque-comptabilite-pour-woocommerce\/#primaryimage"},"image":{"@id":"https:\/\/apps.avecnous.eu\/boutique\/comptabilite-woocommerce\/journal-de-banque-comptabilite-pour-woocommerce\/#primaryimage"},"thumbnailUrl":"https:\/\/apps.avecnous.eu\/wp-content\/uploads\/sites\/28\/2021\/10\/logo.png","datePublished":"2021-10-29T12:47:18+00:00","dateModified":"2025-12-30T15:50:57+00:00","breadcrumb":{"@id":"https:\/\/apps.avecnous.eu\/boutique\/comptabilite-woocommerce\/journal-de-banque-comptabilite-pour-woocommerce\/#breadcrumb"},"inLanguage":"en-GB","potentialAction":[{"@type":"ReadAction","target":["https:\/\/apps.avecnous.eu\/boutique\/comptabilite-woocommerce\/journal-de-banque-comptabilite-pour-woocommerce\/"]}]},{"@type":"ImageObject","inLanguage":"en-GB","@id":"https:\/\/apps.avecnous.eu\/boutique\/comptabilite-woocommerce\/journal-de-banque-comptabilite-pour-woocommerce\/#primaryimage","url":"https:\/\/apps.avecnous.eu\/wp-content\/uploads\/sites\/28\/2021\/10\/logo.png","contentUrl":"https:\/\/apps.avecnous.eu\/wp-content\/uploads\/sites\/28\/2021\/10\/logo.png","width":512,"height":512,"caption":"Image produit Journal de banque"},{"@type":"BreadcrumbList","@id":"https:\/\/apps.avecnous.eu\/boutique\/comptabilite-woocommerce\/journal-de-banque-comptabilite-pour-woocommerce\/#breadcrumb","itemListElement":[{"@type":"ListItem","position":1,"name":"Home","item":"https:\/\/apps.avecnous.eu\/"},{"@type":"ListItem","position":2,"name":"Toutes nos extensions WordPress et WooCommerce","item":"https:\/\/apps.avecnous.eu\/boutique\/"},{"@type":"ListItem","position":3,"name":"Comptabilit\u00e9","item":"https:\/\/apps.avecnous.eu\/categorie-produit\/comptabilite-woocommerce\/"},{"@type":"ListItem","position":4,"name":"Journal de banque &#8211; Comptabilit\u00e9 pour WooCommerce"}]},{"@type":"WebSite","@id":"https:\/\/apps.avecnous.eu\/#website","url":"https:\/\/apps.avecnous.eu\/","name":"Apps by N.O.U.S.","description":"NOUS - Open, Useful &amp; Simple develop free and premium plugins for WordPress and Woocommerce with a commitment to delivering high-quality, environmentally friendly code.","publisher":{"@id":"https:\/\/apps.avecnous.eu\/#organization"},"alternateName":"Apps NOUS","potentialAction":[{"@type":"SearchAction","target":{"@type":"EntryPoint","urlTemplate":"https:\/\/apps.avecnous.eu\/?s={search_term_string}"},"query-input":{"@type":"PropertyValueSpecification","valueRequired":true,"valueName":"search_term_string"}}],"inLanguage":"en-GB"},{"@type":"Organization","@id":"https:\/\/apps.avecnous.eu\/#organization","name":"Apps by N.O.U.S.","url":"https:\/\/apps.avecnous.eu\/","logo":{"@type":"ImageObject","inLanguage":"en-GB","@id":"https:\/\/apps.avecnous.eu\/#\/schema\/logo\/image\/","url":"https:\/\/apps.avecnous.eu\/wp-content\/uploads\/sites\/28\/2025\/07\/Logo_APPS_by_NOUS_2025.png","contentUrl":"https:\/\/apps.avecnous.eu\/wp-content\/uploads\/sites\/28\/2025\/07\/Logo_APPS_by_NOUS_2025.png","width":500,"height":112,"caption":"Apps by N.O.U.S."},"image":{"@id":"https:\/\/apps.avecnous.eu\/#\/schema\/logo\/image\/"}}]}},"_links":{"self":[{"href":"https:\/\/apps.avecnous.eu\/en\/wp-json\/wp\/v2\/product\/2127","targetHints":{"allow":["GET"]}}],"collection":[{"href":"https:\/\/apps.avecnous.eu\/en\/wp-json\/wp\/v2\/product"}],"about":[{"href":"https:\/\/apps.avecnous.eu\/en\/wp-json\/wp\/v2\/types\/product"}],"replies":[{"embeddable":true,"href":"https:\/\/apps.avecnous.eu\/en\/wp-json\/wp\/v2\/comments?post=2127"}],"wp:featuredmedia":[{"embeddable":true,"href":"https:\/\/apps.avecnous.eu\/en\/wp-json\/wp\/v2\/media\/2128"}],"wp:attachment":[{"href":"https:\/\/apps.avecnous.eu\/en\/wp-json\/wp\/v2\/media?parent=2127"}],"wp:term":[{"taxonomy":"product_brand","embeddable":true,"href":"https:\/\/apps.avecnous.eu\/en\/wp-json\/wp\/v2\/product_brand?post=2127"},{"taxonomy":"product_cat","embeddable":true,"href":"https:\/\/apps.avecnous.eu\/en\/wp-json\/wp\/v2\/product_cat?post=2127"},{"taxonomy":"product_tag","embeddable":true,"href":"https:\/\/apps.avecnous.eu\/en\/wp-json\/wp\/v2\/product_tag?post=2127"}],"curies":[{"name":"wp","href":"https:\/\/api.w.org\/{rel}","templated":true}]}}