{"id":2681,"date":"2022-04-29T07:44:21","date_gmt":"2022-04-29T05:44:21","guid":{"rendered":"https:\/\/apps.avecnous.eu\/?post_type=product&#038;p=2681"},"modified":"2026-01-22T12:14:55","modified_gmt":"2026-01-22T11:14:55","slug":"pack-plugin-comptabilite-pour-woocommerce-wordpress","status":"publish","type":"product","link":"https:\/\/apps.avecnous.eu\/en\/boutique\/comptabilite-woocommerce\/pack-plugin-comptabilite-pour-woocommerce-wordpress\/","title":{"rendered":"Pack Accounting for Woocommerce"},"content":{"rendered":"<p>The Accounting plugin Pack for WooCommerce. Everything your WooCommerce shop needs for its accounting.\u00a0<\/p>\r\n<p class=\"has-text-color\">No complex and costly synchronisation: <strong>Generate directly your accounting exports<\/strong> to the main accounting softwares :\u00a0 <strong>CIEL, EBP Comptabilit\u00e9, Cogilog, GNUcash, <a href=\"https:\/\/www.isagri.fr\/\" target=\"_blank\" rel=\"noopener\">Isagri<\/a><\/strong>, respecting <strong>the accounting plan of your enterprise - analytic accounting included.<\/strong>.<\/p>\r\n<p><!-- \/wp:post-content --><\/p>\r\n<p>The Accounting for WooCommerce plugin pack also allows you to export CSV files according to different VAT rates.<\/p>\r\n<p>&nbsp;<\/p>\r\n<h2>The Accounting for WooCommerce Pack includes:<\/h2>\r\n<h3><strong>WooCommerce PDF Invoices &amp; Packing Slips<\/strong><\/h3>\r\n<div id=\"magicdomid1252\" class=\"ace-line\">\r\n<div id=\"magicdomid1194\" class=\"ace-line\"><span class=\"author-a-gz67zz88zz68zz69zz72zz67z1z73zz85zdz80zz79zz85zz90zz122z\">While <strong>Accounting for WooCommerce<\/strong> is installed at the same time as<strong> <a href=\"https:\/\/wordpress.org\/plugins\/woocommerce-pdf-invoices-packing-slips\/\" target=\"_blank\" rel=\"noopener\"><span class=\"author-a-drz80zz81zuz83zemtz68zdgjxz87z1\">WooCommerce PDF Invoices &amp; Packing Slips<\/span><\/a><\/strong><span class=\"author-a-drz80zz81zuz83zemtz68zdgjxz87z1\">,<\/span> it is then possible to use the invoice date and invoice number in the accounting export<\/span><span class=\"author-a-drz80zz81zuz83zemtz68zdgjxz87z1\">.<\/span><\/div>\r\n<div>\r\n<div>\u00a0<\/div>\r\n<div>\r\n<h3 id=\"magicdomid1236\" class=\"ace-line\"><span class=\"author-a-gz67zz88zz68zz69zz72zz67z1z73zz85zdz80zz79zz85zz90zz122z b\"><b>Bank Slip for WooCommerce (free)<\/b><\/span><\/h3>\r\n<\/div>\r\n<div>\r\n<div id=\"magicdomid1270\" class=\"ace-line\">\r\n<div id=\"magicdomid1192\" class=\"ace-line\"><strong><span class=\"author-a-gz67zz88zz68zz69zz72zz67z1z73zz85zdz80zz79zz85zz90zz122z\">Consolidation by delivery notes.<\/span><\/strong><\/div>\r\n<\/div>\r\n<div id=\"magicdomid1237\" class=\"ace-line\"><span class=\"author-a-gz67zz88zz68zz69zz72zz67z1z73zz85zdz80zz79zz85zz90zz122z\">Enables the generation of bank remittance slips, particularly for cheque<\/span><span class=\"author-a-drz80zz81zuz83zemtz68zdgjxz87z1\">s<\/span><\/div>\r\n<div id=\"magicdomid1238\" class=\"ace-line\"><span class=\"author-a-gz67zz88zz68zz69zz72zz67z1z73zz85zdz80zz79zz85zz90zz122z\">Generate a PDF, add the bank transfer number to each relevant order<br \/><br \/><a href=\"https:\/\/apps.avecnous.eu\/en\/produit\/bank-slip-for-woocommerce\/\">Read more<\/a><\/span><\/div>\r\n<div>\u00a0<\/div>\r\n<\/div>\r\n<\/div>\r\n<\/div>\r\n<div>\r\n<h3 class=\"ace-line\"><span class=\"author-a-drz80zz81zuz83zemtz68zdgjxz87z1\">Accounting for WooCommerce \u2013 Bank reconciliation addon<\/span><\/h3>\r\n<div class=\"ace-line\"><span class=\"author-a-drz80zz81zuz83zemtz68zdgjxz87z1\">If you manage your payments online via <a href=\"https:\/\/fr.wordpress.org\/plugins\/paybox-woocommerce-gateway\/\" target=\"_blank\" rel=\"noopener\"><strong>Paybox WooCommerce Payment Gateway<\/strong><\/a> :<\/span>\r\n<ul>\r\n<li id=\"magicdomid1005\" class=\"ace-line\"><span class=\"author-a-gz67zz88zz68zz69zz72zz67z1z73zz85zdz80zz79zz85zz90zz122z\">Consolidation by remote collection day<\/span><\/li>\r\n<li class=\"ace-line\"><span class=\"\">adds financial transaction lines for Paybox remote collections<\/span><\/li>\r\n<\/ul>\r\n<p><a href=\"https:\/\/apps.avecnous.eu\/en\/produit\/module-journal-de-banque-comptabilite-pour-woocommerce\/\">Read more<\/a><\/p>\r\n<\/div>\r\n<\/div>\r\n<h2><br \/>1 year licence<\/h2>\r\n<p><strong>The one-year licence gives you access to all updates and technical support via email.<\/strong><\/p>\r\n<h4>You are <strong>freelance, Microbusiness or SME<\/strong> This pack of WooCommerce accounting plugins will simplify your life!<\/h4>\r\n<!-- \/wp:paragraph -->\r\n\r\n<!-- wp:paragraph {\"style\":{\"color\":{\"text\":\"#1c1c1b\"}},\"translatedWithWPMLTM\":\"1\",\"wpmlTranslatedContent\":\"1\"} -->\r\n<p class=\"has-text-color\" style=\"color: #1c1c1b;\">Manage your online shop's accounts in WooCommerce in just a few clicks with this pack of WooCommerce accounting export plugins.<\/p>\r\n<!-- \/wp:paragraph -->\r\n\r\n<!-- wp:paragraph {\"style\":{\"color\":{\"text\":\"#1c1c1b\"}},\"translatedWithWPMLTM\":\"1\",\"wpmlTranslatedContent\":\"1\"} -->\r\n\r\n<div class=\"bloc-link-article\">\r\n<h2>Would you like more information?<\/h2>\r\n<div class=\"btn-cta-violet maillage-int wp-block-button\"><a href=\"\/en\/blog\/comptabilite\/simplifiez-votre-comptabilite-avec-le-pack-dextensions-comptabilite-pour-woocommerce\/\" title=\"Consulter notre article complet sur les extensions Packs Comptabilit\u00e9 pour Woocommerce\" target=\"_BLANK\">Discover now our complete article on Accounting Packs for Woocommerce<\/a><\/div>\r\n<\/div>","protected":false},"excerpt":{"rendered":"<p><!-- wp:paragraph --><\/p>\n<p>Tout ce dont vous avez besoin pour transf\u00e9rer vos ventes de Woocommerce vers les logiciels comptables, effectuer votre rapprochement bancaire, ou \u00e9diter des bordereaux de banque !<\/p>\n<p><a href=\"\/en\/conditions-generales-de-vente\/#remboursement\" target=\"_ext\" rel=\"noopener\"><strong><span style=\"text-decoration: underline;\">Satisfait ou rembours\u00e9 *<\/span> (30 jours)<\/strong><\/a><\/p>\n<p><strong>Updates :<\/strong> Vous avez achet\u00e9 une version ant\u00e9rieure il y a plus d&rsquo;un an ? B\u00e9n\u00e9ficiez de 50% de remise pour le renouvellement de l&rsquo;extension<\/p>\n<p><!-- \/wp:paragraph --><\/p>","protected":false},"featured_media":2698,"comment_status":"open","ping_status":"closed","template":"","meta":{"_eb_attr":""},"product_brand":[139,138],"product_cat":[41,102],"product_tag":[99,140],"class_list":{"0":"post-2681","1":"product","2":"type-product","3":"status-publish","4":"has-post-thumbnail","6":"product_brand-woocommerce","7":"product_brand-wordpress","8":"product_cat-comptabilite-woocommerce","9":"product_cat-packs-extensions","10":"product_tag-premium","11":"product_tag-woocommerce","13":"first","14":"instock","15":"sale","16":"featured","17":"downloadable","18":"virtual","19":"sold-individually","20":"taxable","21":"purchasable","22":"product-type-woosb"},"yoast_head":"<!-- This site is optimized with the Yoast SEO plugin v27.3 - https:\/\/yoast.com\/product\/yoast-seo-wordpress\/ -->\n<title>Pack Comptabilit\u00e9 pour WooCommerce | Export comptable complet<\/title>\n<meta name=\"description\" content=\"Pack extensions comptabilit\u00e9 wordpress, woocommerce | Apps NOUS. Extension d&#039;export comptable compatible \u00e0 vos logiciels, id\u00e9ale pour les TPE et PME !\" \/>\n<meta name=\"robots\" content=\"index, follow, max-snippet:-1, max-image-preview:large, max-video-preview:-1\" \/>\n<link rel=\"canonical\" href=\"https:\/\/apps.avecnous.eu\/en\/boutique\/comptabilite-woocommerce\/pack-plugin-comptabilite-pour-woocommerce-wordpress\/\" \/>\n<meta property=\"og:locale\" content=\"en_GB\" \/>\n<meta property=\"og:type\" content=\"article\" \/>\n<meta property=\"og:title\" content=\"Pack Comptabilit\u00e9 pour WooCommerce | Export comptable complet\" \/>\n<meta property=\"og:description\" content=\"Pack extensions comptabilit\u00e9 wordpress, woocommerce | Apps NOUS. Extension d&#039;export comptable compatible \u00e0 vos logiciels, id\u00e9ale pour les TPE et PME !\" \/>\n<meta property=\"og:url\" content=\"https:\/\/apps.avecnous.eu\/en\/boutique\/comptabilite-woocommerce\/pack-plugin-comptabilite-pour-woocommerce-wordpress\/\" \/>\n<meta property=\"og:site_name\" content=\"Apps\" \/>\n<meta property=\"article:modified_time\" content=\"2026-01-22T11:14:55+00:00\" \/>\n<meta property=\"og:image\" content=\"https:\/\/apps.avecnous.eu\/wp-content\/uploads\/sites\/28\/2022\/02\/icon-pack.png\" \/>\n\t<meta property=\"og:image:width\" content=\"512\" \/>\n\t<meta property=\"og:image:height\" content=\"512\" \/>\n\t<meta property=\"og:image:type\" content=\"image\/png\" \/>\n<meta name=\"twitter:card\" content=\"summary_large_image\" \/>\n<meta name=\"twitter:label1\" content=\"Estimated reading time\" \/>\n\t<meta name=\"twitter:data1\" content=\"2 minutes\" \/>\n<script type=\"application\/ld+json\" class=\"yoast-schema-graph\">{\"@context\":\"https:\\\/\\\/schema.org\",\"@graph\":[{\"@type\":\"WebPage\",\"@id\":\"https:\\\/\\\/apps.avecnous.eu\\\/boutique\\\/comptabilite-woocommerce\\\/pack-plugin-comptabilite-pour-woocommerce-wordpress\\\/\",\"url\":\"https:\\\/\\\/apps.avecnous.eu\\\/boutique\\\/comptabilite-woocommerce\\\/pack-plugin-comptabilite-pour-woocommerce-wordpress\\\/\",\"name\":\"Pack Comptabilit\u00e9 pour WooCommerce | Export comptable complet\",\"isPartOf\":{\"@id\":\"https:\\\/\\\/apps.avecnous.eu\\\/#website\"},\"primaryImageOfPage\":{\"@id\":\"https:\\\/\\\/apps.avecnous.eu\\\/boutique\\\/comptabilite-woocommerce\\\/pack-plugin-comptabilite-pour-woocommerce-wordpress\\\/#primaryimage\"},\"image\":{\"@id\":\"https:\\\/\\\/apps.avecnous.eu\\\/boutique\\\/comptabilite-woocommerce\\\/pack-plugin-comptabilite-pour-woocommerce-wordpress\\\/#primaryimage\"},\"thumbnailUrl\":\"https:\\\/\\\/apps.avecnous.eu\\\/wp-content\\\/uploads\\\/sites\\\/28\\\/2022\\\/02\\\/icon-pack.png\",\"datePublished\":\"2022-04-29T05:44:21+00:00\",\"dateModified\":\"2026-01-22T11:14:55+00:00\",\"description\":\"Pack extensions comptabilit\u00e9 wordpress, woocommerce | Apps NOUS. Extension d'export comptable compatible \u00e0 vos logiciels, id\u00e9ale pour les TPE et PME !\",\"breadcrumb\":{\"@id\":\"https:\\\/\\\/apps.avecnous.eu\\\/boutique\\\/comptabilite-woocommerce\\\/pack-plugin-comptabilite-pour-woocommerce-wordpress\\\/#breadcrumb\"},\"inLanguage\":\"en-GB\",\"potentialAction\":[{\"@type\":\"ReadAction\",\"target\":[\"https:\\\/\\\/apps.avecnous.eu\\\/boutique\\\/comptabilite-woocommerce\\\/pack-plugin-comptabilite-pour-woocommerce-wordpress\\\/\"]}]},{\"@type\":\"ImageObject\",\"inLanguage\":\"en-GB\",\"@id\":\"https:\\\/\\\/apps.avecnous.eu\\\/boutique\\\/comptabilite-woocommerce\\\/pack-plugin-comptabilite-pour-woocommerce-wordpress\\\/#primaryimage\",\"url\":\"https:\\\/\\\/apps.avecnous.eu\\\/wp-content\\\/uploads\\\/sites\\\/28\\\/2022\\\/02\\\/icon-pack.png\",\"contentUrl\":\"https:\\\/\\\/apps.avecnous.eu\\\/wp-content\\\/uploads\\\/sites\\\/28\\\/2022\\\/02\\\/icon-pack.png\",\"width\":512,\"height\":512,\"caption\":\"Logo Comptabilit\u00e9 pour WooCommerce\"},{\"@type\":\"BreadcrumbList\",\"@id\":\"https:\\\/\\\/apps.avecnous.eu\\\/boutique\\\/comptabilite-woocommerce\\\/pack-plugin-comptabilite-pour-woocommerce-wordpress\\\/#breadcrumb\",\"itemListElement\":[{\"@type\":\"ListItem\",\"position\":1,\"name\":\"Home\",\"item\":\"https:\\\/\\\/apps.avecnous.eu\\\/\"},{\"@type\":\"ListItem\",\"position\":2,\"name\":\"Toutes nos extensions WordPress et WooCommerce\",\"item\":\"https:\\\/\\\/apps.avecnous.eu\\\/boutique\\\/\"},{\"@type\":\"ListItem\",\"position\":3,\"name\":\"Comptabilit\u00e9\",\"item\":\"https:\\\/\\\/apps.avecnous.eu\\\/categorie-produit\\\/comptabilite-woocommerce\\\/\"},{\"@type\":\"ListItem\",\"position\":4,\"name\":\"Pack Comptabilit\u00e9 pour WooCommerce\"}]},{\"@type\":\"WebSite\",\"@id\":\"https:\\\/\\\/apps.avecnous.eu\\\/#website\",\"url\":\"https:\\\/\\\/apps.avecnous.eu\\\/\",\"name\":\"Apps by N.O.U.S.\",\"description\":\"Nous Ouvert, Utile &amp; Simple, d\u00e9veloppe des extensions gratuites et premium pour WordPress et Woocommerce avec un engagement de livrer un code de qualit\u00e9 et respectueux de l&#039;environnement.\",\"publisher\":{\"@id\":\"https:\\\/\\\/apps.avecnous.eu\\\/#organization\"},\"alternateName\":\"Apps NOUS\",\"potentialAction\":[{\"@type\":\"SearchAction\",\"target\":{\"@type\":\"EntryPoint\",\"urlTemplate\":\"https:\\\/\\\/apps.avecnous.eu\\\/?s={search_term_string}\"},\"query-input\":{\"@type\":\"PropertyValueSpecification\",\"valueRequired\":true,\"valueName\":\"search_term_string\"}}],\"inLanguage\":\"en-GB\"},{\"@type\":\"Organization\",\"@id\":\"https:\\\/\\\/apps.avecnous.eu\\\/#organization\",\"name\":\"Apps by N.O.U.S.\",\"url\":\"https:\\\/\\\/apps.avecnous.eu\\\/\",\"logo\":{\"@type\":\"ImageObject\",\"inLanguage\":\"en-GB\",\"@id\":\"https:\\\/\\\/apps.avecnous.eu\\\/#\\\/schema\\\/logo\\\/image\\\/\",\"url\":\"https:\\\/\\\/apps.avecnous.eu\\\/wp-content\\\/uploads\\\/sites\\\/28\\\/2025\\\/07\\\/Logo_APPS_by_NOUS_2025.png\",\"contentUrl\":\"https:\\\/\\\/apps.avecnous.eu\\\/wp-content\\\/uploads\\\/sites\\\/28\\\/2025\\\/07\\\/Logo_APPS_by_NOUS_2025.png\",\"width\":500,\"height\":112,\"caption\":\"Apps by N.O.U.S.\"},\"image\":{\"@id\":\"https:\\\/\\\/apps.avecnous.eu\\\/#\\\/schema\\\/logo\\\/image\\\/\"}}]}<\/script>\n<!-- \/ Yoast SEO plugin. -->","yoast_head_json":{"title":"Pack Comptabilit\u00e9 pour WooCommerce | Export comptable complet","description":"Pack extensions comptabilit\u00e9 wordpress, woocommerce | Apps NOUS. Extension d'export comptable compatible \u00e0 vos logiciels, id\u00e9ale pour les TPE et PME !","robots":{"index":"index","follow":"follow","max-snippet":"max-snippet:-1","max-image-preview":"max-image-preview:large","max-video-preview":"max-video-preview:-1"},"canonical":"https:\/\/apps.avecnous.eu\/en\/boutique\/comptabilite-woocommerce\/pack-plugin-comptabilite-pour-woocommerce-wordpress\/","og_locale":"en_GB","og_type":"article","og_title":"Pack Comptabilit\u00e9 pour WooCommerce | Export comptable complet","og_description":"Pack extensions comptabilit\u00e9 wordpress, woocommerce | Apps NOUS. Extension d'export comptable compatible \u00e0 vos logiciels, id\u00e9ale pour les TPE et PME !","og_url":"https:\/\/apps.avecnous.eu\/en\/boutique\/comptabilite-woocommerce\/pack-plugin-comptabilite-pour-woocommerce-wordpress\/","og_site_name":"Apps","article_modified_time":"2026-01-22T11:14:55+00:00","og_image":[{"width":512,"height":512,"url":"https:\/\/apps.avecnous.eu\/wp-content\/uploads\/sites\/28\/2022\/02\/icon-pack.png","type":"image\/png"}],"twitter_card":"summary_large_image","twitter_misc":{"Estimated reading time":"2 minutes"},"schema":{"@context":"https:\/\/schema.org","@graph":[{"@type":"WebPage","@id":"https:\/\/apps.avecnous.eu\/boutique\/comptabilite-woocommerce\/pack-plugin-comptabilite-pour-woocommerce-wordpress\/","url":"https:\/\/apps.avecnous.eu\/boutique\/comptabilite-woocommerce\/pack-plugin-comptabilite-pour-woocommerce-wordpress\/","name":"Pack Comptabilit\u00e9 pour WooCommerce | Export comptable complet","isPartOf":{"@id":"https:\/\/apps.avecnous.eu\/#website"},"primaryImageOfPage":{"@id":"https:\/\/apps.avecnous.eu\/boutique\/comptabilite-woocommerce\/pack-plugin-comptabilite-pour-woocommerce-wordpress\/#primaryimage"},"image":{"@id":"https:\/\/apps.avecnous.eu\/boutique\/comptabilite-woocommerce\/pack-plugin-comptabilite-pour-woocommerce-wordpress\/#primaryimage"},"thumbnailUrl":"https:\/\/apps.avecnous.eu\/wp-content\/uploads\/sites\/28\/2022\/02\/icon-pack.png","datePublished":"2022-04-29T05:44:21+00:00","dateModified":"2026-01-22T11:14:55+00:00","description":"Pack extensions comptabilit\u00e9 wordpress, woocommerce | Apps NOUS. Extension d'export comptable compatible \u00e0 vos logiciels, id\u00e9ale pour les TPE et PME !","breadcrumb":{"@id":"https:\/\/apps.avecnous.eu\/boutique\/comptabilite-woocommerce\/pack-plugin-comptabilite-pour-woocommerce-wordpress\/#breadcrumb"},"inLanguage":"en-GB","potentialAction":[{"@type":"ReadAction","target":["https:\/\/apps.avecnous.eu\/boutique\/comptabilite-woocommerce\/pack-plugin-comptabilite-pour-woocommerce-wordpress\/"]}]},{"@type":"ImageObject","inLanguage":"en-GB","@id":"https:\/\/apps.avecnous.eu\/boutique\/comptabilite-woocommerce\/pack-plugin-comptabilite-pour-woocommerce-wordpress\/#primaryimage","url":"https:\/\/apps.avecnous.eu\/wp-content\/uploads\/sites\/28\/2022\/02\/icon-pack.png","contentUrl":"https:\/\/apps.avecnous.eu\/wp-content\/uploads\/sites\/28\/2022\/02\/icon-pack.png","width":512,"height":512,"caption":"Logo Comptabilit\u00e9 pour WooCommerce"},{"@type":"BreadcrumbList","@id":"https:\/\/apps.avecnous.eu\/boutique\/comptabilite-woocommerce\/pack-plugin-comptabilite-pour-woocommerce-wordpress\/#breadcrumb","itemListElement":[{"@type":"ListItem","position":1,"name":"Home","item":"https:\/\/apps.avecnous.eu\/"},{"@type":"ListItem","position":2,"name":"Toutes nos extensions WordPress et WooCommerce","item":"https:\/\/apps.avecnous.eu\/boutique\/"},{"@type":"ListItem","position":3,"name":"Comptabilit\u00e9","item":"https:\/\/apps.avecnous.eu\/categorie-produit\/comptabilite-woocommerce\/"},{"@type":"ListItem","position":4,"name":"Pack Comptabilit\u00e9 pour WooCommerce"}]},{"@type":"WebSite","@id":"https:\/\/apps.avecnous.eu\/#website","url":"https:\/\/apps.avecnous.eu\/","name":"Apps by N.O.U.S.","description":"NOUS - Open, Useful &amp; Simple develop free and premium plugins for WordPress and Woocommerce with a commitment to delivering high-quality, environmentally friendly code.","publisher":{"@id":"https:\/\/apps.avecnous.eu\/#organization"},"alternateName":"Apps NOUS","potentialAction":[{"@type":"SearchAction","target":{"@type":"EntryPoint","urlTemplate":"https:\/\/apps.avecnous.eu\/?s={search_term_string}"},"query-input":{"@type":"PropertyValueSpecification","valueRequired":true,"valueName":"search_term_string"}}],"inLanguage":"en-GB"},{"@type":"Organization","@id":"https:\/\/apps.avecnous.eu\/#organization","name":"Apps by N.O.U.S.","url":"https:\/\/apps.avecnous.eu\/","logo":{"@type":"ImageObject","inLanguage":"en-GB","@id":"https:\/\/apps.avecnous.eu\/#\/schema\/logo\/image\/","url":"https:\/\/apps.avecnous.eu\/wp-content\/uploads\/sites\/28\/2025\/07\/Logo_APPS_by_NOUS_2025.png","contentUrl":"https:\/\/apps.avecnous.eu\/wp-content\/uploads\/sites\/28\/2025\/07\/Logo_APPS_by_NOUS_2025.png","width":500,"height":112,"caption":"Apps by N.O.U.S."},"image":{"@id":"https:\/\/apps.avecnous.eu\/#\/schema\/logo\/image\/"}}]}},"_links":{"self":[{"href":"https:\/\/apps.avecnous.eu\/en\/wp-json\/wp\/v2\/product\/2681","targetHints":{"allow":["GET"]}}],"collection":[{"href":"https:\/\/apps.avecnous.eu\/en\/wp-json\/wp\/v2\/product"}],"about":[{"href":"https:\/\/apps.avecnous.eu\/en\/wp-json\/wp\/v2\/types\/product"}],"replies":[{"embeddable":true,"href":"https:\/\/apps.avecnous.eu\/en\/wp-json\/wp\/v2\/comments?post=2681"}],"wp:featuredmedia":[{"embeddable":true,"href":"https:\/\/apps.avecnous.eu\/en\/wp-json\/wp\/v2\/media\/2698"}],"wp:attachment":[{"href":"https:\/\/apps.avecnous.eu\/en\/wp-json\/wp\/v2\/media?parent=2681"}],"wp:term":[{"taxonomy":"product_brand","embeddable":true,"href":"https:\/\/apps.avecnous.eu\/en\/wp-json\/wp\/v2\/product_brand?post=2681"},{"taxonomy":"product_cat","embeddable":true,"href":"https:\/\/apps.avecnous.eu\/en\/wp-json\/wp\/v2\/product_cat?post=2681"},{"taxonomy":"product_tag","embeddable":true,"href":"https:\/\/apps.avecnous.eu\/en\/wp-json\/wp\/v2\/product_tag?post=2681"}],"curies":[{"name":"wp","href":"https:\/\/api.w.org\/{rel}","templated":true}]}}