{"id":2831,"date":"2022-11-22T14:47:05","date_gmt":"2022-11-22T13:47:05","guid":{"rendered":"https:\/\/apps.avecnous.eu\/?post_type=product&#038;p=2831"},"modified":"2025-08-20T10:29:26","modified_gmt":"2025-08-20T08:29:26","slug":"ticket-daide-pour-support","status":"publish","type":"product","link":"https:\/\/apps.avecnous.eu\/en\/boutique\/comptabilite-woocommerce\/ticket-daide-pour-support\/","title":{"rendered":"Support help ticket"},"content":{"rendered":"<p>You purchase one or more of our plugins, but you do not have a technician?<\/p>\n<p>With our 1-hour service tickets, we offer you tailor-made support.<\/p>\n<p>These tickets will enable us to install your extension for you and\/or allow you to contact us with any questions regarding the installation, use, or updates of our products.<br \/>\nThe exact time WE spend is counted down, allowing you to call US as long as your ticket time has not expired.<\/p>\n<pre><strong>Please do not hesitate to contact us before purchasing for an assessment of your requirements.<\/strong><\/pre>\n<p>&nbsp;<\/p>\n<h2><strong>Quick example view<br \/>\n<\/strong><\/h2>\n<h3>Installing WooCommerce Accounting<\/h3>\n<ul>\n<li>1 ticket :\n<ul>\n<li>Installation on a \u2018standard\u2019 WooCommerce site, using only extensions listed as compatible.<\/li>\n<li>You may upload your chart of accounts (to be provided in a compatible format).<\/li>\n<\/ul>\n<\/li>\n<li>more complex on-site installation: <strong>Contact us for a context analysis<\/strong> firstly, in order to determine the total intervention time required.<\/li>\n<\/ul>\n<h3>Development of additional features<\/h3>\n<ul>\n<li>consideration of compatibility with other plugins: 1 to 8 tickets<\/li>\n<li>addition of specific fields in the export: 1 to 5 tickets<\/li>\n<\/ul>","protected":false},"excerpt":{"rendered":"<p>Vous achetez un ou plusieurs de nos plugins, mais vous n&rsquo;avez pas de technicien\u22c5ne ? Avec nos tickets d&rsquo;intervention d&rsquo;1 heure, nous vous proposons un accompagnement sur mesure. Ces tickets nous permettront d&rsquo;installer pour vous votre extension, et\/ou vous permettront de nous contacter pour toute question li\u00e9e \u00e0 l&rsquo;installation, l&rsquo;utilisation ou les mises \u00e0 jours [&hellip;]<\/p>\n","protected":false},"featured_media":3052,"comment_status":"open","ping_status":"closed","template":"","meta":{"_eb_attr":""},"product_brand":[131,139,138],"product_cat":[41,170],"product_tag":[99],"class_list":{"0":"post-2831","1":"product","2":"type-product","3":"status-publish","4":"has-post-thumbnail","6":"product_brand-polaris","7":"product_brand-woocommerce","8":"product_brand-wordpress","9":"product_cat-comptabilite-woocommerce","10":"product_cat-productivite","11":"product_tag-premium","13":"first","14":"instock","15":"downloadable","16":"virtual","17":"taxable","18":"purchasable","19":"product-type-simple"},"yoast_head":"<!-- This site is optimized with the Yoast SEO plugin v27.3 - https:\/\/yoast.com\/product\/yoast-seo-wordpress\/ -->\n<title>Ticket d&#039;aide pour support | Apps NOUS<\/title>\n<meta name=\"robots\" content=\"index, follow, max-snippet:-1, max-image-preview:large, max-video-preview:-1\" \/>\n<link rel=\"canonical\" href=\"https:\/\/apps.avecnous.eu\/en\/boutique\/comptabilite-woocommerce\/ticket-daide-pour-support\/\" \/>\n<meta property=\"og:locale\" content=\"en_GB\" \/>\n<meta property=\"og:type\" content=\"article\" \/>\n<meta property=\"og:title\" content=\"Ticket d&#039;aide pour support | Apps NOUS\" \/>\n<meta property=\"og:description\" content=\"Vous achetez un ou plusieurs de nos plugins, mais vous n&rsquo;avez pas de technicien\u22c5ne ? Avec nos tickets d&rsquo;intervention d&rsquo;1 heure, nous vous proposons un accompagnement sur mesure. Ces tickets nous permettront d&rsquo;installer pour vous votre extension, et\/ou vous permettront de nous contacter pour toute question li\u00e9e \u00e0 l&rsquo;installation, l&rsquo;utilisation ou les mises \u00e0 jours [&hellip;]\" \/>\n<meta property=\"og:url\" content=\"https:\/\/apps.avecnous.eu\/en\/boutique\/comptabilite-woocommerce\/ticket-daide-pour-support\/\" \/>\n<meta property=\"og:site_name\" content=\"Apps\" \/>\n<meta property=\"article:modified_time\" content=\"2025-08-20T08:29:26+00:00\" \/>\n<meta property=\"og:image\" content=\"https:\/\/apps.avecnous.eu\/wp-content\/uploads\/sites\/28\/2022\/11\/tickets.png\" \/>\n\t<meta property=\"og:image:width\" content=\"1200\" \/>\n\t<meta property=\"og:image:height\" content=\"1200\" \/>\n\t<meta property=\"og:image:type\" content=\"image\/png\" \/>\n<meta name=\"twitter:card\" content=\"summary_large_image\" \/>\n<meta name=\"twitter:label1\" content=\"Estimated reading time\" \/>\n\t<meta name=\"twitter:data1\" content=\"2 minutes\" \/>\n<script type=\"application\/ld+json\" class=\"yoast-schema-graph\">{\"@context\":\"https:\\\/\\\/schema.org\",\"@graph\":[{\"@type\":\"WebPage\",\"@id\":\"https:\\\/\\\/apps.avecnous.eu\\\/boutique\\\/comptabilite-woocommerce\\\/ticket-daide-pour-support\\\/\",\"url\":\"https:\\\/\\\/apps.avecnous.eu\\\/boutique\\\/comptabilite-woocommerce\\\/ticket-daide-pour-support\\\/\",\"name\":\"Ticket d'aide pour support | Apps NOUS\",\"isPartOf\":{\"@id\":\"https:\\\/\\\/apps.avecnous.eu\\\/#website\"},\"primaryImageOfPage\":{\"@id\":\"https:\\\/\\\/apps.avecnous.eu\\\/boutique\\\/comptabilite-woocommerce\\\/ticket-daide-pour-support\\\/#primaryimage\"},\"image\":{\"@id\":\"https:\\\/\\\/apps.avecnous.eu\\\/boutique\\\/comptabilite-woocommerce\\\/ticket-daide-pour-support\\\/#primaryimage\"},\"thumbnailUrl\":\"https:\\\/\\\/apps.avecnous.eu\\\/wp-content\\\/uploads\\\/sites\\\/28\\\/2022\\\/11\\\/tickets.png\",\"datePublished\":\"2022-11-22T13:47:05+00:00\",\"dateModified\":\"2025-08-20T08:29:26+00:00\",\"breadcrumb\":{\"@id\":\"https:\\\/\\\/apps.avecnous.eu\\\/boutique\\\/comptabilite-woocommerce\\\/ticket-daide-pour-support\\\/#breadcrumb\"},\"inLanguage\":\"en-GB\",\"potentialAction\":[{\"@type\":\"ReadAction\",\"target\":[\"https:\\\/\\\/apps.avecnous.eu\\\/boutique\\\/comptabilite-woocommerce\\\/ticket-daide-pour-support\\\/\"]}]},{\"@type\":\"ImageObject\",\"inLanguage\":\"en-GB\",\"@id\":\"https:\\\/\\\/apps.avecnous.eu\\\/boutique\\\/comptabilite-woocommerce\\\/ticket-daide-pour-support\\\/#primaryimage\",\"url\":\"https:\\\/\\\/apps.avecnous.eu\\\/wp-content\\\/uploads\\\/sites\\\/28\\\/2022\\\/11\\\/tickets.png\",\"contentUrl\":\"https:\\\/\\\/apps.avecnous.eu\\\/wp-content\\\/uploads\\\/sites\\\/28\\\/2022\\\/11\\\/tickets.png\",\"width\":1200,\"height\":1200,\"caption\":\"Image produit Ticket Support\"},{\"@type\":\"BreadcrumbList\",\"@id\":\"https:\\\/\\\/apps.avecnous.eu\\\/boutique\\\/comptabilite-woocommerce\\\/ticket-daide-pour-support\\\/#breadcrumb\",\"itemListElement\":[{\"@type\":\"ListItem\",\"position\":1,\"name\":\"Home\",\"item\":\"https:\\\/\\\/apps.avecnous.eu\\\/\"},{\"@type\":\"ListItem\",\"position\":2,\"name\":\"Toutes nos extensions WordPress et WooCommerce\",\"item\":\"https:\\\/\\\/apps.avecnous.eu\\\/boutique\\\/\"},{\"@type\":\"ListItem\",\"position\":3,\"name\":\"Comptabilit\u00e9\",\"item\":\"https:\\\/\\\/apps.avecnous.eu\\\/categorie-produit\\\/comptabilite-woocommerce\\\/\"},{\"@type\":\"ListItem\",\"position\":4,\"name\":\"Ticket d&rsquo;aide pour support\"}]},{\"@type\":\"WebSite\",\"@id\":\"https:\\\/\\\/apps.avecnous.eu\\\/#website\",\"url\":\"https:\\\/\\\/apps.avecnous.eu\\\/\",\"name\":\"Apps by N.O.U.S.\",\"description\":\"Nous Ouvert, Utile &amp; Simple, d\u00e9veloppe des extensions gratuites et premium pour WordPress et Woocommerce avec un engagement de livrer un code de qualit\u00e9 et respectueux de l&#039;environnement.\",\"publisher\":{\"@id\":\"https:\\\/\\\/apps.avecnous.eu\\\/#organization\"},\"alternateName\":\"Apps NOUS\",\"potentialAction\":[{\"@type\":\"SearchAction\",\"target\":{\"@type\":\"EntryPoint\",\"urlTemplate\":\"https:\\\/\\\/apps.avecnous.eu\\\/?s={search_term_string}\"},\"query-input\":{\"@type\":\"PropertyValueSpecification\",\"valueRequired\":true,\"valueName\":\"search_term_string\"}}],\"inLanguage\":\"en-GB\"},{\"@type\":\"Organization\",\"@id\":\"https:\\\/\\\/apps.avecnous.eu\\\/#organization\",\"name\":\"Apps by N.O.U.S.\",\"url\":\"https:\\\/\\\/apps.avecnous.eu\\\/\",\"logo\":{\"@type\":\"ImageObject\",\"inLanguage\":\"en-GB\",\"@id\":\"https:\\\/\\\/apps.avecnous.eu\\\/#\\\/schema\\\/logo\\\/image\\\/\",\"url\":\"https:\\\/\\\/apps.avecnous.eu\\\/wp-content\\\/uploads\\\/sites\\\/28\\\/2025\\\/07\\\/Logo_APPS_by_NOUS_2025.png\",\"contentUrl\":\"https:\\\/\\\/apps.avecnous.eu\\\/wp-content\\\/uploads\\\/sites\\\/28\\\/2025\\\/07\\\/Logo_APPS_by_NOUS_2025.png\",\"width\":500,\"height\":112,\"caption\":\"Apps by N.O.U.S.\"},\"image\":{\"@id\":\"https:\\\/\\\/apps.avecnous.eu\\\/#\\\/schema\\\/logo\\\/image\\\/\"}}]}<\/script>\n<!-- \/ Yoast SEO plugin. -->","yoast_head_json":{"title":"Ticket d'aide pour support | Apps NOUS","robots":{"index":"index","follow":"follow","max-snippet":"max-snippet:-1","max-image-preview":"max-image-preview:large","max-video-preview":"max-video-preview:-1"},"canonical":"https:\/\/apps.avecnous.eu\/en\/boutique\/comptabilite-woocommerce\/ticket-daide-pour-support\/","og_locale":"en_GB","og_type":"article","og_title":"Ticket d'aide pour support | Apps NOUS","og_description":"Vous achetez un ou plusieurs de nos plugins, mais vous n&rsquo;avez pas de technicien\u22c5ne ? Avec nos tickets d&rsquo;intervention d&rsquo;1 heure, nous vous proposons un accompagnement sur mesure. Ces tickets nous permettront d&rsquo;installer pour vous votre extension, et\/ou vous permettront de nous contacter pour toute question li\u00e9e \u00e0 l&rsquo;installation, l&rsquo;utilisation ou les mises \u00e0 jours [&hellip;]","og_url":"https:\/\/apps.avecnous.eu\/en\/boutique\/comptabilite-woocommerce\/ticket-daide-pour-support\/","og_site_name":"Apps","article_modified_time":"2025-08-20T08:29:26+00:00","og_image":[{"width":1200,"height":1200,"url":"https:\/\/apps.avecnous.eu\/wp-content\/uploads\/sites\/28\/2022\/11\/tickets.png","type":"image\/png"}],"twitter_card":"summary_large_image","twitter_misc":{"Estimated reading time":"2 minutes"},"schema":{"@context":"https:\/\/schema.org","@graph":[{"@type":"WebPage","@id":"https:\/\/apps.avecnous.eu\/boutique\/comptabilite-woocommerce\/ticket-daide-pour-support\/","url":"https:\/\/apps.avecnous.eu\/boutique\/comptabilite-woocommerce\/ticket-daide-pour-support\/","name":"Ticket d'aide pour support | Apps NOUS","isPartOf":{"@id":"https:\/\/apps.avecnous.eu\/#website"},"primaryImageOfPage":{"@id":"https:\/\/apps.avecnous.eu\/boutique\/comptabilite-woocommerce\/ticket-daide-pour-support\/#primaryimage"},"image":{"@id":"https:\/\/apps.avecnous.eu\/boutique\/comptabilite-woocommerce\/ticket-daide-pour-support\/#primaryimage"},"thumbnailUrl":"https:\/\/apps.avecnous.eu\/wp-content\/uploads\/sites\/28\/2022\/11\/tickets.png","datePublished":"2022-11-22T13:47:05+00:00","dateModified":"2025-08-20T08:29:26+00:00","breadcrumb":{"@id":"https:\/\/apps.avecnous.eu\/boutique\/comptabilite-woocommerce\/ticket-daide-pour-support\/#breadcrumb"},"inLanguage":"en-GB","potentialAction":[{"@type":"ReadAction","target":["https:\/\/apps.avecnous.eu\/boutique\/comptabilite-woocommerce\/ticket-daide-pour-support\/"]}]},{"@type":"ImageObject","inLanguage":"en-GB","@id":"https:\/\/apps.avecnous.eu\/boutique\/comptabilite-woocommerce\/ticket-daide-pour-support\/#primaryimage","url":"https:\/\/apps.avecnous.eu\/wp-content\/uploads\/sites\/28\/2022\/11\/tickets.png","contentUrl":"https:\/\/apps.avecnous.eu\/wp-content\/uploads\/sites\/28\/2022\/11\/tickets.png","width":1200,"height":1200,"caption":"Image produit Ticket Support"},{"@type":"BreadcrumbList","@id":"https:\/\/apps.avecnous.eu\/boutique\/comptabilite-woocommerce\/ticket-daide-pour-support\/#breadcrumb","itemListElement":[{"@type":"ListItem","position":1,"name":"Home","item":"https:\/\/apps.avecnous.eu\/"},{"@type":"ListItem","position":2,"name":"Toutes nos extensions WordPress et WooCommerce","item":"https:\/\/apps.avecnous.eu\/boutique\/"},{"@type":"ListItem","position":3,"name":"Comptabilit\u00e9","item":"https:\/\/apps.avecnous.eu\/categorie-produit\/comptabilite-woocommerce\/"},{"@type":"ListItem","position":4,"name":"Ticket d&rsquo;aide pour support"}]},{"@type":"WebSite","@id":"https:\/\/apps.avecnous.eu\/#website","url":"https:\/\/apps.avecnous.eu\/","name":"Apps by N.O.U.S.","description":"NOUS - Open, Useful &amp; Simple develop free and premium plugins for WordPress and Woocommerce with a commitment to delivering high-quality, environmentally friendly code.","publisher":{"@id":"https:\/\/apps.avecnous.eu\/#organization"},"alternateName":"Apps NOUS","potentialAction":[{"@type":"SearchAction","target":{"@type":"EntryPoint","urlTemplate":"https:\/\/apps.avecnous.eu\/?s={search_term_string}"},"query-input":{"@type":"PropertyValueSpecification","valueRequired":true,"valueName":"search_term_string"}}],"inLanguage":"en-GB"},{"@type":"Organization","@id":"https:\/\/apps.avecnous.eu\/#organization","name":"Apps by N.O.U.S.","url":"https:\/\/apps.avecnous.eu\/","logo":{"@type":"ImageObject","inLanguage":"en-GB","@id":"https:\/\/apps.avecnous.eu\/#\/schema\/logo\/image\/","url":"https:\/\/apps.avecnous.eu\/wp-content\/uploads\/sites\/28\/2025\/07\/Logo_APPS_by_NOUS_2025.png","contentUrl":"https:\/\/apps.avecnous.eu\/wp-content\/uploads\/sites\/28\/2025\/07\/Logo_APPS_by_NOUS_2025.png","width":500,"height":112,"caption":"Apps by N.O.U.S."},"image":{"@id":"https:\/\/apps.avecnous.eu\/#\/schema\/logo\/image\/"}}]}},"_links":{"self":[{"href":"https:\/\/apps.avecnous.eu\/en\/wp-json\/wp\/v2\/product\/2831","targetHints":{"allow":["GET"]}}],"collection":[{"href":"https:\/\/apps.avecnous.eu\/en\/wp-json\/wp\/v2\/product"}],"about":[{"href":"https:\/\/apps.avecnous.eu\/en\/wp-json\/wp\/v2\/types\/product"}],"replies":[{"embeddable":true,"href":"https:\/\/apps.avecnous.eu\/en\/wp-json\/wp\/v2\/comments?post=2831"}],"wp:featuredmedia":[{"embeddable":true,"href":"https:\/\/apps.avecnous.eu\/en\/wp-json\/wp\/v2\/media\/3052"}],"wp:attachment":[{"href":"https:\/\/apps.avecnous.eu\/en\/wp-json\/wp\/v2\/media?parent=2831"}],"wp:term":[{"taxonomy":"product_brand","embeddable":true,"href":"https:\/\/apps.avecnous.eu\/en\/wp-json\/wp\/v2\/product_brand?post=2831"},{"taxonomy":"product_cat","embeddable":true,"href":"https:\/\/apps.avecnous.eu\/en\/wp-json\/wp\/v2\/product_cat?post=2831"},{"taxonomy":"product_tag","embeddable":true,"href":"https:\/\/apps.avecnous.eu\/en\/wp-json\/wp\/v2\/product_tag?post=2831"}],"curies":[{"name":"wp","href":"https:\/\/api.w.org\/{rel}","templated":true}]}}