{"id":2854,"date":"2022-06-02T13:57:21","date_gmt":"2022-06-02T11:57:21","guid":{"rendered":"https:\/\/apps.avecnous.eu\/?post_type=product&#038;p=2854"},"modified":"2026-01-22T12:14:55","modified_gmt":"2026-01-22T11:14:55","slug":"pack-comptabilite-pour-woocommerce-pour-toutes-vos-boutiques","status":"publish","type":"product","link":"https:\/\/apps.avecnous.eu\/en\/boutique\/comptabilite-woocommerce\/pack-comptabilite-pour-woocommerce-pour-toutes-vos-boutiques\/","title":{"rendered":"Complete  \u00ab\u00a0Agency\u00a0\u00bb Pack : Accounting for Woocommerce multi-stores (1 year)"},"content":{"rendered":"<h2>Are you an agency? Would you like to install our plugins on more than two websites? This package is for you!<\/h2>\n<p>Enable all your customers to export their accounts easily.<\/p>\n<p>Everything your WooCommerce shops need for their accounting.<br \/>\n<strong>This pack <a href=\"https:\/\/apps.avecnous.eu\/en\/produit\/module-journal-de-banque-comptabilite-pour-woocommerce\/\" target=\"_blank\" rel=\"noopener\">include the \u00ab\u00a0Bank journal\u00a0\u00bb plugin<\/a><\/strong> which allows payments to be aggregated by date and facilitates bank reconciliation.<\/p>\n<h2>1 year licence<\/h2>\n<p>For a period of one year, <strong>this pack is available for all your shops, without adress or number limit restrictions.<\/strong><br \/>\n<strong>The one-year licence gives you access to all updates and technical support via email.<\/strong><\/p>\n<div class=\"bloc-link-article\">\n<h2>Would you like more information?<\/h2>\n<div class=\"btn-cta-violet maillage-int wp-block-button\"><a href=\"\/en\/blog\/comptabilite\/simplifiez-votre-comptabilite-avec-le-pack-dextensions-comptabilite-pour-woocommerce\/\" title=\"Consulter notre article complet sur les extensions Packs Comptabilit\u00e9 pour Woocommerce\" target=\"_BLANK\">Discover now our complete article on Accounting Packs for Woocommerce<\/a><\/div>\n<\/div>","protected":false},"excerpt":{"rendered":"<p>Vous \u00eates une Agence ? Vous souhaitez installer nos extensions sur plus de 2 sites ? Ce pack est fait pour vous ! Permettez \u00e0 tous vos clients d&rsquo;exporter leur comptabilit\u00e9 facilement. Tout ce dont vos boutiques WooCommerce ont besoin pour faire leur comptabilit\u00e9. Ce pack inclue le Module \u00ab\u00a0Journal de banque\u00a0\u00bb qui permet d&rsquo;agr\u00e9ger [&hellip;]<\/p>\n","protected":false},"featured_media":2698,"comment_status":"open","ping_status":"closed","template":"","meta":{"_eb_attr":""},"product_brand":[139,138],"product_cat":[41,102],"product_tag":[99,140],"class_list":{"0":"post-2854","1":"product","2":"type-product","3":"status-publish","4":"has-post-thumbnail","6":"product_brand-woocommerce","7":"product_brand-wordpress","8":"product_cat-comptabilite-woocommerce","9":"product_cat-packs-extensions","10":"product_tag-premium","11":"product_tag-woocommerce","13":"first","14":"instock","15":"sale","16":"downloadable","17":"virtual","18":"sold-individually","19":"taxable","20":"purchasable","21":"product-type-woosb"},"yoast_head":"<!-- This site is optimized with the Yoast SEO plugin v27.3 - https:\/\/yoast.com\/product\/yoast-seo-wordpress\/ -->\n<title>Pack Complet &quot;Agence&quot; : Comptabilit\u00e9 pour WooCommerce multi-boutiques (1 an) | Apps NOUS<\/title>\n<meta name=\"robots\" content=\"index, follow, max-snippet:-1, max-image-preview:large, max-video-preview:-1\" \/>\n<link rel=\"canonical\" href=\"https:\/\/apps.avecnous.eu\/en\/boutique\/comptabilite-woocommerce\/pack-comptabilite-pour-woocommerce-pour-toutes-vos-boutiques\/\" \/>\n<meta property=\"og:locale\" content=\"en_GB\" \/>\n<meta property=\"og:type\" content=\"article\" \/>\n<meta property=\"og:title\" content=\"Pack Complet &quot;Agence&quot; : Comptabilit\u00e9 pour WooCommerce multi-boutiques (1 an) | Apps NOUS\" \/>\n<meta property=\"og:description\" content=\"Vous \u00eates une Agence ? Vous souhaitez installer nos extensions sur plus de 2 sites ? Ce pack est fait pour vous ! Permettez \u00e0 tous vos clients d&rsquo;exporter leur comptabilit\u00e9 facilement. Tout ce dont vos boutiques WooCommerce ont besoin pour faire leur comptabilit\u00e9. Ce pack inclue le Module \u00ab\u00a0Journal de banque\u00a0\u00bb qui permet d&rsquo;agr\u00e9ger [&hellip;]\" \/>\n<meta property=\"og:url\" content=\"https:\/\/apps.avecnous.eu\/en\/boutique\/comptabilite-woocommerce\/pack-comptabilite-pour-woocommerce-pour-toutes-vos-boutiques\/\" \/>\n<meta property=\"og:site_name\" content=\"Apps\" \/>\n<meta property=\"article:modified_time\" content=\"2026-01-22T11:14:55+00:00\" \/>\n<meta property=\"og:image\" content=\"https:\/\/apps.avecnous.eu\/wp-content\/uploads\/sites\/28\/2022\/02\/icon-pack.png\" \/>\n\t<meta property=\"og:image:width\" content=\"512\" \/>\n\t<meta property=\"og:image:height\" content=\"512\" \/>\n\t<meta property=\"og:image:type\" content=\"image\/png\" \/>\n<meta name=\"twitter:card\" content=\"summary_large_image\" \/>\n<meta name=\"twitter:label1\" content=\"Estimated reading time\" \/>\n\t<meta name=\"twitter:data1\" content=\"1 minute\" \/>\n<script type=\"application\/ld+json\" class=\"yoast-schema-graph\">{\"@context\":\"https:\\\/\\\/schema.org\",\"@graph\":[{\"@type\":\"WebPage\",\"@id\":\"https:\\\/\\\/apps.avecnous.eu\\\/boutique\\\/comptabilite-woocommerce\\\/pack-comptabilite-pour-woocommerce-pour-toutes-vos-boutiques\\\/\",\"url\":\"https:\\\/\\\/apps.avecnous.eu\\\/boutique\\\/comptabilite-woocommerce\\\/pack-comptabilite-pour-woocommerce-pour-toutes-vos-boutiques\\\/\",\"name\":\"Pack Complet \\\"Agence\\\" : Comptabilit\u00e9 pour WooCommerce multi-boutiques (1 an) | Apps NOUS\",\"isPartOf\":{\"@id\":\"https:\\\/\\\/apps.avecnous.eu\\\/#website\"},\"primaryImageOfPage\":{\"@id\":\"https:\\\/\\\/apps.avecnous.eu\\\/boutique\\\/comptabilite-woocommerce\\\/pack-comptabilite-pour-woocommerce-pour-toutes-vos-boutiques\\\/#primaryimage\"},\"image\":{\"@id\":\"https:\\\/\\\/apps.avecnous.eu\\\/boutique\\\/comptabilite-woocommerce\\\/pack-comptabilite-pour-woocommerce-pour-toutes-vos-boutiques\\\/#primaryimage\"},\"thumbnailUrl\":\"https:\\\/\\\/apps.avecnous.eu\\\/wp-content\\\/uploads\\\/sites\\\/28\\\/2022\\\/02\\\/icon-pack.png\",\"datePublished\":\"2022-06-02T11:57:21+00:00\",\"dateModified\":\"2026-01-22T11:14:55+00:00\",\"breadcrumb\":{\"@id\":\"https:\\\/\\\/apps.avecnous.eu\\\/boutique\\\/comptabilite-woocommerce\\\/pack-comptabilite-pour-woocommerce-pour-toutes-vos-boutiques\\\/#breadcrumb\"},\"inLanguage\":\"en-GB\",\"potentialAction\":[{\"@type\":\"ReadAction\",\"target\":[\"https:\\\/\\\/apps.avecnous.eu\\\/boutique\\\/comptabilite-woocommerce\\\/pack-comptabilite-pour-woocommerce-pour-toutes-vos-boutiques\\\/\"]}]},{\"@type\":\"ImageObject\",\"inLanguage\":\"en-GB\",\"@id\":\"https:\\\/\\\/apps.avecnous.eu\\\/boutique\\\/comptabilite-woocommerce\\\/pack-comptabilite-pour-woocommerce-pour-toutes-vos-boutiques\\\/#primaryimage\",\"url\":\"https:\\\/\\\/apps.avecnous.eu\\\/wp-content\\\/uploads\\\/sites\\\/28\\\/2022\\\/02\\\/icon-pack.png\",\"contentUrl\":\"https:\\\/\\\/apps.avecnous.eu\\\/wp-content\\\/uploads\\\/sites\\\/28\\\/2022\\\/02\\\/icon-pack.png\",\"width\":512,\"height\":512,\"caption\":\"Logo Comptabilit\u00e9 pour WooCommerce\"},{\"@type\":\"BreadcrumbList\",\"@id\":\"https:\\\/\\\/apps.avecnous.eu\\\/boutique\\\/comptabilite-woocommerce\\\/pack-comptabilite-pour-woocommerce-pour-toutes-vos-boutiques\\\/#breadcrumb\",\"itemListElement\":[{\"@type\":\"ListItem\",\"position\":1,\"name\":\"Home\",\"item\":\"https:\\\/\\\/apps.avecnous.eu\\\/\"},{\"@type\":\"ListItem\",\"position\":2,\"name\":\"Toutes nos extensions WordPress et WooCommerce\",\"item\":\"https:\\\/\\\/apps.avecnous.eu\\\/boutique\\\/\"},{\"@type\":\"ListItem\",\"position\":3,\"name\":\"Comptabilit\u00e9\",\"item\":\"https:\\\/\\\/apps.avecnous.eu\\\/categorie-produit\\\/comptabilite-woocommerce\\\/\"},{\"@type\":\"ListItem\",\"position\":4,\"name\":\"Pack Complet \u00ab\u00a0Agence\u00a0\u00bb : Comptabilit\u00e9 pour WooCommerce multi-boutiques (1 an)\"}]},{\"@type\":\"WebSite\",\"@id\":\"https:\\\/\\\/apps.avecnous.eu\\\/#website\",\"url\":\"https:\\\/\\\/apps.avecnous.eu\\\/\",\"name\":\"Apps by N.O.U.S.\",\"description\":\"Nous Ouvert, Utile &amp; Simple, d\u00e9veloppe des extensions gratuites et premium pour WordPress et Woocommerce avec un engagement de livrer un code de qualit\u00e9 et respectueux de l&#039;environnement.\",\"publisher\":{\"@id\":\"https:\\\/\\\/apps.avecnous.eu\\\/#organization\"},\"alternateName\":\"Apps NOUS\",\"potentialAction\":[{\"@type\":\"SearchAction\",\"target\":{\"@type\":\"EntryPoint\",\"urlTemplate\":\"https:\\\/\\\/apps.avecnous.eu\\\/?s={search_term_string}\"},\"query-input\":{\"@type\":\"PropertyValueSpecification\",\"valueRequired\":true,\"valueName\":\"search_term_string\"}}],\"inLanguage\":\"en-GB\"},{\"@type\":\"Organization\",\"@id\":\"https:\\\/\\\/apps.avecnous.eu\\\/#organization\",\"name\":\"Apps by N.O.U.S.\",\"url\":\"https:\\\/\\\/apps.avecnous.eu\\\/\",\"logo\":{\"@type\":\"ImageObject\",\"inLanguage\":\"en-GB\",\"@id\":\"https:\\\/\\\/apps.avecnous.eu\\\/#\\\/schema\\\/logo\\\/image\\\/\",\"url\":\"https:\\\/\\\/apps.avecnous.eu\\\/wp-content\\\/uploads\\\/sites\\\/28\\\/2025\\\/07\\\/Logo_APPS_by_NOUS_2025.png\",\"contentUrl\":\"https:\\\/\\\/apps.avecnous.eu\\\/wp-content\\\/uploads\\\/sites\\\/28\\\/2025\\\/07\\\/Logo_APPS_by_NOUS_2025.png\",\"width\":500,\"height\":112,\"caption\":\"Apps by N.O.U.S.\"},\"image\":{\"@id\":\"https:\\\/\\\/apps.avecnous.eu\\\/#\\\/schema\\\/logo\\\/image\\\/\"}}]}<\/script>\n<!-- \/ Yoast SEO plugin. -->","yoast_head_json":{"title":"Pack Complet \"Agence\" : Comptabilit\u00e9 pour WooCommerce multi-boutiques (1 an) | Apps NOUS","robots":{"index":"index","follow":"follow","max-snippet":"max-snippet:-1","max-image-preview":"max-image-preview:large","max-video-preview":"max-video-preview:-1"},"canonical":"https:\/\/apps.avecnous.eu\/en\/boutique\/comptabilite-woocommerce\/pack-comptabilite-pour-woocommerce-pour-toutes-vos-boutiques\/","og_locale":"en_GB","og_type":"article","og_title":"Pack Complet \"Agence\" : Comptabilit\u00e9 pour WooCommerce multi-boutiques (1 an) | Apps NOUS","og_description":"Vous \u00eates une Agence ? Vous souhaitez installer nos extensions sur plus de 2 sites ? Ce pack est fait pour vous ! Permettez \u00e0 tous vos clients d&rsquo;exporter leur comptabilit\u00e9 facilement. Tout ce dont vos boutiques WooCommerce ont besoin pour faire leur comptabilit\u00e9. Ce pack inclue le Module \u00ab\u00a0Journal de banque\u00a0\u00bb qui permet d&rsquo;agr\u00e9ger [&hellip;]","og_url":"https:\/\/apps.avecnous.eu\/en\/boutique\/comptabilite-woocommerce\/pack-comptabilite-pour-woocommerce-pour-toutes-vos-boutiques\/","og_site_name":"Apps","article_modified_time":"2026-01-22T11:14:55+00:00","og_image":[{"width":512,"height":512,"url":"https:\/\/apps.avecnous.eu\/wp-content\/uploads\/sites\/28\/2022\/02\/icon-pack.png","type":"image\/png"}],"twitter_card":"summary_large_image","twitter_misc":{"Estimated reading time":"1 minute"},"schema":{"@context":"https:\/\/schema.org","@graph":[{"@type":"WebPage","@id":"https:\/\/apps.avecnous.eu\/boutique\/comptabilite-woocommerce\/pack-comptabilite-pour-woocommerce-pour-toutes-vos-boutiques\/","url":"https:\/\/apps.avecnous.eu\/boutique\/comptabilite-woocommerce\/pack-comptabilite-pour-woocommerce-pour-toutes-vos-boutiques\/","name":"Pack Complet \"Agence\" : Comptabilit\u00e9 pour WooCommerce multi-boutiques (1 an) | Apps NOUS","isPartOf":{"@id":"https:\/\/apps.avecnous.eu\/#website"},"primaryImageOfPage":{"@id":"https:\/\/apps.avecnous.eu\/boutique\/comptabilite-woocommerce\/pack-comptabilite-pour-woocommerce-pour-toutes-vos-boutiques\/#primaryimage"},"image":{"@id":"https:\/\/apps.avecnous.eu\/boutique\/comptabilite-woocommerce\/pack-comptabilite-pour-woocommerce-pour-toutes-vos-boutiques\/#primaryimage"},"thumbnailUrl":"https:\/\/apps.avecnous.eu\/wp-content\/uploads\/sites\/28\/2022\/02\/icon-pack.png","datePublished":"2022-06-02T11:57:21+00:00","dateModified":"2026-01-22T11:14:55+00:00","breadcrumb":{"@id":"https:\/\/apps.avecnous.eu\/boutique\/comptabilite-woocommerce\/pack-comptabilite-pour-woocommerce-pour-toutes-vos-boutiques\/#breadcrumb"},"inLanguage":"en-GB","potentialAction":[{"@type":"ReadAction","target":["https:\/\/apps.avecnous.eu\/boutique\/comptabilite-woocommerce\/pack-comptabilite-pour-woocommerce-pour-toutes-vos-boutiques\/"]}]},{"@type":"ImageObject","inLanguage":"en-GB","@id":"https:\/\/apps.avecnous.eu\/boutique\/comptabilite-woocommerce\/pack-comptabilite-pour-woocommerce-pour-toutes-vos-boutiques\/#primaryimage","url":"https:\/\/apps.avecnous.eu\/wp-content\/uploads\/sites\/28\/2022\/02\/icon-pack.png","contentUrl":"https:\/\/apps.avecnous.eu\/wp-content\/uploads\/sites\/28\/2022\/02\/icon-pack.png","width":512,"height":512,"caption":"Logo Comptabilit\u00e9 pour WooCommerce"},{"@type":"BreadcrumbList","@id":"https:\/\/apps.avecnous.eu\/boutique\/comptabilite-woocommerce\/pack-comptabilite-pour-woocommerce-pour-toutes-vos-boutiques\/#breadcrumb","itemListElement":[{"@type":"ListItem","position":1,"name":"Home","item":"https:\/\/apps.avecnous.eu\/"},{"@type":"ListItem","position":2,"name":"Toutes nos extensions WordPress et WooCommerce","item":"https:\/\/apps.avecnous.eu\/boutique\/"},{"@type":"ListItem","position":3,"name":"Comptabilit\u00e9","item":"https:\/\/apps.avecnous.eu\/categorie-produit\/comptabilite-woocommerce\/"},{"@type":"ListItem","position":4,"name":"Pack Complet \u00ab\u00a0Agence\u00a0\u00bb : Comptabilit\u00e9 pour WooCommerce multi-boutiques (1 an)"}]},{"@type":"WebSite","@id":"https:\/\/apps.avecnous.eu\/#website","url":"https:\/\/apps.avecnous.eu\/","name":"Apps by N.O.U.S.","description":"NOUS - Open, Useful &amp; Simple develop free and premium plugins for WordPress and Woocommerce with a commitment to delivering high-quality, environmentally friendly code.","publisher":{"@id":"https:\/\/apps.avecnous.eu\/#organization"},"alternateName":"Apps NOUS","potentialAction":[{"@type":"SearchAction","target":{"@type":"EntryPoint","urlTemplate":"https:\/\/apps.avecnous.eu\/?s={search_term_string}"},"query-input":{"@type":"PropertyValueSpecification","valueRequired":true,"valueName":"search_term_string"}}],"inLanguage":"en-GB"},{"@type":"Organization","@id":"https:\/\/apps.avecnous.eu\/#organization","name":"Apps by N.O.U.S.","url":"https:\/\/apps.avecnous.eu\/","logo":{"@type":"ImageObject","inLanguage":"en-GB","@id":"https:\/\/apps.avecnous.eu\/#\/schema\/logo\/image\/","url":"https:\/\/apps.avecnous.eu\/wp-content\/uploads\/sites\/28\/2025\/07\/Logo_APPS_by_NOUS_2025.png","contentUrl":"https:\/\/apps.avecnous.eu\/wp-content\/uploads\/sites\/28\/2025\/07\/Logo_APPS_by_NOUS_2025.png","width":500,"height":112,"caption":"Apps by N.O.U.S."},"image":{"@id":"https:\/\/apps.avecnous.eu\/#\/schema\/logo\/image\/"}}]}},"_links":{"self":[{"href":"https:\/\/apps.avecnous.eu\/en\/wp-json\/wp\/v2\/product\/2854","targetHints":{"allow":["GET"]}}],"collection":[{"href":"https:\/\/apps.avecnous.eu\/en\/wp-json\/wp\/v2\/product"}],"about":[{"href":"https:\/\/apps.avecnous.eu\/en\/wp-json\/wp\/v2\/types\/product"}],"replies":[{"embeddable":true,"href":"https:\/\/apps.avecnous.eu\/en\/wp-json\/wp\/v2\/comments?post=2854"}],"wp:featuredmedia":[{"embeddable":true,"href":"https:\/\/apps.avecnous.eu\/en\/wp-json\/wp\/v2\/media\/2698"}],"wp:attachment":[{"href":"https:\/\/apps.avecnous.eu\/en\/wp-json\/wp\/v2\/media?parent=2854"}],"wp:term":[{"taxonomy":"product_brand","embeddable":true,"href":"https:\/\/apps.avecnous.eu\/en\/wp-json\/wp\/v2\/product_brand?post=2854"},{"taxonomy":"product_cat","embeddable":true,"href":"https:\/\/apps.avecnous.eu\/en\/wp-json\/wp\/v2\/product_cat?post=2854"},{"taxonomy":"product_tag","embeddable":true,"href":"https:\/\/apps.avecnous.eu\/en\/wp-json\/wp\/v2\/product_tag?post=2854"}],"curies":[{"name":"wp","href":"https:\/\/api.w.org\/{rel}","templated":true}]}}