{"id":4248,"date":"2024-02-29T07:45:12","date_gmt":"2024-02-29T06:45:12","guid":{"rendered":"https:\/\/apps.avecnous.eu\/?post_type=product&#038;p=4248"},"modified":"2026-01-22T12:14:55","modified_gmt":"2026-01-22T11:14:55","slug":"mindcat-pro","status":"publish","type":"product","link":"https:\/\/apps.avecnous.eu\/en\/boutique\/mise-en-page\/mindcat-pro\/","title":{"rendered":"MindCat Pro 1.0.0"},"content":{"rendered":"<p>The presentation power of our Mindcat plugin for WooCommerce taxonomies.<\/p>\r\n\r\n\r\n\r\n<h2 class=\"wp-block-heading\">Example of a list of product categories<\/h2>\r\n\r\n\r\n<div class=\"mindcategory  mindcat-has-image mindcat-no-publications\"><div class=\"mindcat-brand-card mindcat-term mindcat-term-43-bg mindcat-no-publications\"><a href=\"https:\/\/apps.avecnous.eu\/en\/product-category\/nos-extensions-wordpress\/\"><img decoding=\"async\" width=\"300\" height=\"194\" src=\"https:\/\/apps.avecnous.eu\/wp-content\/uploads\/sites\/28\/2024\/02\/wordpress-300x194.png\" class=\"category-image\" alt=\"Logo officiel WordPress\" srcset=\"https:\/\/apps.avecnous.eu\/wp-content\/uploads\/sites\/28\/2024\/02\/wordpress-300x194.png 300w, https:\/\/apps.avecnous.eu\/wp-content\/uploads\/sites\/28\/2024\/02\/wordpress-1024x661.png 1024w, https:\/\/apps.avecnous.eu\/wp-content\/uploads\/sites\/28\/2024\/02\/wordpress-768x496.png 768w, https:\/\/apps.avecnous.eu\/wp-content\/uploads\/sites\/28\/2024\/02\/wordpress-1536x992.png 1536w, https:\/\/apps.avecnous.eu\/wp-content\/uploads\/sites\/28\/2024\/02\/wordpress-2048x1323.png 2048w, https:\/\/apps.avecnous.eu\/wp-content\/uploads\/sites\/28\/2024\/02\/wordpress-600x388.png 600w\" sizes=\"(max-width: 300px) 100vw, 300px\" \/><\/a><h6 class=\"card1-title mindcat-term-43-txt\"><a href=\"https:\/\/apps.avecnous.eu\/en\/product-category\/nos-extensions-wordpress\/\" class=\"category-item\">WordPress<\/a><\/h6><\/div><div class=\"mindcat-brand-card mindcat-term mindcat-term-29-bg mindcat-no-publications\"><a class=\"entry-featured-image-url img_archive_default\" href=\"\"><img decoding=\"async\" src=\"https:\/\/apps.avecnous.eu\/wp-content\/plugins\/mindcat\/build\/thumbnail.webp\" class=\"category-image\" \/><\/a><h6 class=\"card1-title mindcat-term-29-txt\"><a href=\"\" class=\"category-item\">WooCommerce<\/a><\/h6><\/div><div class=\"mindcat-brand-card mindcat-term mindcat-term-90-bg mindcat-no-publications\"><a class=\"entry-featured-image-url img_archive_default\" href=\"https:\/\/apps.avecnous.eu\/en\/type-produit\/gratuit\/\"><img decoding=\"async\" src=\"https:\/\/apps.avecnous.eu\/wp-content\/plugins\/mindcat\/build\/thumbnail.webp\" class=\"category-image\" \/><\/a><h6 class=\"card1-title mindcat-term-90-txt\"><a href=\"https:\/\/apps.avecnous.eu\/en\/type-produit\/gratuit\/\" class=\"category-item\">Free plugins<\/a><\/h6><\/div><\/div>\r\n\r\n\r\n<h2 class=\"wp-block-heading\">Example of a heuristic map of categories<\/h2>\r\n\r\n\r\n\r\n<p>&nbsp;<\/p>\r\n\r\n\r\n<div class=\"mindcat\" data-size=\"50\"><ul><li class=\"mindcat_root\"><a href=\"https:\/\/apps.avecnous.eu\/en\/\" style=\"background:#CCCCCC;color:#33333;\">Apps <\/a><ul><li data-id=\"142\" class=\"mindcat_child\"><a href=\"https:\/\/apps.avecnous.eu\/en\/categorie\/actualite\/\" style=\"background:#CCCCCC;color:#333333;\">News<\/a><\/li><li data-id=\"141\" class=\"mindcat_child\"><a href=\"https:\/\/apps.avecnous.eu\/en\/categorie\/booking\/\" style=\"background:#CCCCCC;color:#333333;\">Booking<\/a><\/li><li data-id=\"144\" class=\"mindcat_child\"><a href=\"https:\/\/apps.avecnous.eu\/en\/categorie\/comparatifs\/\" style=\"background:#CCCCCC;color:#333333;\">Comparatives<\/a><\/li><li data-id=\"60\" class=\"mindcat_child\"><a href=\"https:\/\/apps.avecnous.eu\/en\/categorie\/comptabilite\/\" style=\"background:#CCCCCC;color:#333333;\">Accounting<\/a><\/li><li data-id=\"89\" class=\"mindcat_child\"><a href=\"https:\/\/apps.avecnous.eu\/en\/categorie\/connecteurs\/\" style=\"background:#CCCCCC;color:#333333;\">Connectors<\/a><\/li><li data-id=\"145\" class=\"mindcat_child\"><a href=\"https:\/\/apps.avecnous.eu\/en\/categorie\/crm\/\" style=\"background:#CCCCCC;color:#333333;\">CRM<\/a><\/li><li data-id=\"186\" class=\"mindcat_child\"><a href=\"https:\/\/apps.avecnous.eu\/en\/categorie\/mise-en-page\/\" style=\"background:#CCCCCC;color:#333333;\">Layout<\/a><\/li><li data-id=\"1\" class=\"mindcat_child\"><a href=\"https:\/\/apps.avecnous.eu\/en\/categorie\/non-classe\/\" style=\"background:#CCCCCC;color:#333333;\">Unclassed<\/a><\/li><li data-id=\"187\" class=\"mindcat_child\"><a href=\"https:\/\/apps.avecnous.eu\/en\/categorie\/productivite\/\" style=\"background:#CCCCCC;color:#333333;\">Productivity<\/a><\/li><li data-id=\"61\" class=\"mindcat_child\"><a href=\"https:\/\/apps.avecnous.eu\/en\/categorie\/reseaux-sociaux\/\" style=\"background:#CCCCCC;color:#333333;\">Social networks<\/a><\/li><li data-id=\"188\" class=\"mindcat_child\"><a href=\"https:\/\/apps.avecnous.eu\/en\/categorie\/traduction\/\" style=\"background:#CCCCCC;color:#333333;\">Translation<\/a><\/li><li data-id=\"143\" class=\"mindcat_child\"><a href=\"https:\/\/apps.avecnous.eu\/en\/categorie\/tutoriels\/\" style=\"background:#CCCCCC;color:#333333;\">Tutorials<\/a><\/li><\/ul><\/li><\/ul><\/div>","protected":false},"excerpt":{"rendered":"<p>The presentation power of our Mindcat extension for WooCommerce taxonomies. Example of a product category list Example of a category mind map &nbsp;<\/p>","protected":false},"featured_media":4249,"comment_status":"open","ping_status":"closed","template":"","meta":{"_eb_attr":""},"product_brand":[139,138],"product_cat":[168],"product_tag":[99,140],"class_list":{"0":"post-4248","1":"product","2":"type-product","3":"status-publish","4":"has-post-thumbnail","6":"product_brand-woocommerce","7":"product_brand-wordpress","8":"product_cat-mise-en-page","9":"product_tag-premium","10":"product_tag-woocommerce","12":"first","13":"instock","14":"downloadable","15":"virtual","16":"taxable","17":"purchasable","18":"product-type-simple"},"yoast_head":"<!-- This site is optimized with the Yoast SEO plugin v27.3 - https:\/\/yoast.com\/product\/yoast-seo-wordpress\/ -->\n<title>MindCat Pro | Apps NOUS<\/title>\n<meta name=\"robots\" content=\"index, follow, max-snippet:-1, max-image-preview:large, max-video-preview:-1\" \/>\n<link rel=\"canonical\" href=\"https:\/\/apps.avecnous.eu\/en\/boutique\/mise-en-page\/mindcat-pro\/\" \/>\n<meta property=\"og:locale\" content=\"en_GB\" \/>\n<meta property=\"og:type\" content=\"article\" \/>\n<meta property=\"og:title\" content=\"MindCat Pro | Apps NOUS\" \/>\n<meta property=\"og:description\" content=\"La puissance de pr\u00e9sentation de notre extension Mindcat pour les taxonomies WoooCommerce. Exemple de liste de cat\u00e9gories de produits Exemple de carte euristique de cat\u00e9gories &nbsp;\" \/>\n<meta property=\"og:url\" content=\"https:\/\/apps.avecnous.eu\/en\/boutique\/mise-en-page\/mindcat-pro\/\" \/>\n<meta property=\"og:site_name\" content=\"Apps\" \/>\n<meta property=\"article:modified_time\" content=\"2026-01-22T11:14:55+00:00\" \/>\n<meta property=\"og:image\" content=\"https:\/\/apps.avecnous.eu\/wp-content\/uploads\/sites\/28\/2024\/02\/mindcat-pro.png\" \/>\n\t<meta property=\"og:image:width\" content=\"512\" \/>\n\t<meta property=\"og:image:height\" content=\"512\" \/>\n\t<meta property=\"og:image:type\" content=\"image\/png\" \/>\n<meta name=\"twitter:card\" content=\"summary_large_image\" \/>\n<meta name=\"twitter:label1\" content=\"Estimated reading time\" \/>\n\t<meta name=\"twitter:data1\" content=\"1 minute\" \/>\n<script type=\"application\/ld+json\" class=\"yoast-schema-graph\">{\"@context\":\"https:\\\/\\\/schema.org\",\"@graph\":[{\"@type\":\"WebPage\",\"@id\":\"https:\\\/\\\/apps.avecnous.eu\\\/boutique\\\/mise-en-page\\\/mindcat-pro\\\/\",\"url\":\"https:\\\/\\\/apps.avecnous.eu\\\/boutique\\\/mise-en-page\\\/mindcat-pro\\\/\",\"name\":\"MindCat Pro | Apps NOUS\",\"isPartOf\":{\"@id\":\"https:\\\/\\\/apps.avecnous.eu\\\/#website\"},\"primaryImageOfPage\":{\"@id\":\"https:\\\/\\\/apps.avecnous.eu\\\/boutique\\\/mise-en-page\\\/mindcat-pro\\\/#primaryimage\"},\"image\":{\"@id\":\"https:\\\/\\\/apps.avecnous.eu\\\/boutique\\\/mise-en-page\\\/mindcat-pro\\\/#primaryimage\"},\"thumbnailUrl\":\"https:\\\/\\\/apps.avecnous.eu\\\/wp-content\\\/uploads\\\/sites\\\/28\\\/2024\\\/02\\\/mindcat-pro.png\",\"datePublished\":\"2024-02-29T06:45:12+00:00\",\"dateModified\":\"2026-01-22T11:14:55+00:00\",\"breadcrumb\":{\"@id\":\"https:\\\/\\\/apps.avecnous.eu\\\/boutique\\\/mise-en-page\\\/mindcat-pro\\\/#breadcrumb\"},\"inLanguage\":\"en-GB\",\"potentialAction\":[{\"@type\":\"ReadAction\",\"target\":[\"https:\\\/\\\/apps.avecnous.eu\\\/boutique\\\/mise-en-page\\\/mindcat-pro\\\/\"]}]},{\"@type\":\"ImageObject\",\"inLanguage\":\"en-GB\",\"@id\":\"https:\\\/\\\/apps.avecnous.eu\\\/boutique\\\/mise-en-page\\\/mindcat-pro\\\/#primaryimage\",\"url\":\"https:\\\/\\\/apps.avecnous.eu\\\/wp-content\\\/uploads\\\/sites\\\/28\\\/2024\\\/02\\\/mindcat-pro.png\",\"contentUrl\":\"https:\\\/\\\/apps.avecnous.eu\\\/wp-content\\\/uploads\\\/sites\\\/28\\\/2024\\\/02\\\/mindcat-pro.png\",\"width\":512,\"height\":512,\"caption\":\"Image produit MindCat Pro\"},{\"@type\":\"BreadcrumbList\",\"@id\":\"https:\\\/\\\/apps.avecnous.eu\\\/boutique\\\/mise-en-page\\\/mindcat-pro\\\/#breadcrumb\",\"itemListElement\":[{\"@type\":\"ListItem\",\"position\":1,\"name\":\"Home\",\"item\":\"https:\\\/\\\/apps.avecnous.eu\\\/\"},{\"@type\":\"ListItem\",\"position\":2,\"name\":\"Toutes nos extensions WordPress et WooCommerce\",\"item\":\"https:\\\/\\\/apps.avecnous.eu\\\/boutique\\\/\"},{\"@type\":\"ListItem\",\"position\":3,\"name\":\"Mise en page\",\"item\":\"https:\\\/\\\/apps.avecnous.eu\\\/categorie-produit\\\/mise-en-page\\\/\"},{\"@type\":\"ListItem\",\"position\":4,\"name\":\"MindCat Pro\"}]},{\"@type\":\"WebSite\",\"@id\":\"https:\\\/\\\/apps.avecnous.eu\\\/#website\",\"url\":\"https:\\\/\\\/apps.avecnous.eu\\\/\",\"name\":\"Apps by N.O.U.S.\",\"description\":\"Nous Ouvert, Utile &amp; Simple, d\u00e9veloppe des extensions gratuites et premium pour WordPress et Woocommerce avec un engagement de livrer un code de qualit\u00e9 et respectueux de l&#039;environnement.\",\"publisher\":{\"@id\":\"https:\\\/\\\/apps.avecnous.eu\\\/#organization\"},\"alternateName\":\"Apps NOUS\",\"potentialAction\":[{\"@type\":\"SearchAction\",\"target\":{\"@type\":\"EntryPoint\",\"urlTemplate\":\"https:\\\/\\\/apps.avecnous.eu\\\/?s={search_term_string}\"},\"query-input\":{\"@type\":\"PropertyValueSpecification\",\"valueRequired\":true,\"valueName\":\"search_term_string\"}}],\"inLanguage\":\"en-GB\"},{\"@type\":\"Organization\",\"@id\":\"https:\\\/\\\/apps.avecnous.eu\\\/#organization\",\"name\":\"Apps by N.O.U.S.\",\"url\":\"https:\\\/\\\/apps.avecnous.eu\\\/\",\"logo\":{\"@type\":\"ImageObject\",\"inLanguage\":\"en-GB\",\"@id\":\"https:\\\/\\\/apps.avecnous.eu\\\/#\\\/schema\\\/logo\\\/image\\\/\",\"url\":\"https:\\\/\\\/apps.avecnous.eu\\\/wp-content\\\/uploads\\\/sites\\\/28\\\/2025\\\/07\\\/Logo_APPS_by_NOUS_2025.png\",\"contentUrl\":\"https:\\\/\\\/apps.avecnous.eu\\\/wp-content\\\/uploads\\\/sites\\\/28\\\/2025\\\/07\\\/Logo_APPS_by_NOUS_2025.png\",\"width\":500,\"height\":112,\"caption\":\"Apps by N.O.U.S.\"},\"image\":{\"@id\":\"https:\\\/\\\/apps.avecnous.eu\\\/#\\\/schema\\\/logo\\\/image\\\/\"}}]}<\/script>\n<!-- \/ Yoast SEO plugin. -->","yoast_head_json":{"title":"MindCat Pro | Apps NOUS","robots":{"index":"index","follow":"follow","max-snippet":"max-snippet:-1","max-image-preview":"max-image-preview:large","max-video-preview":"max-video-preview:-1"},"canonical":"https:\/\/apps.avecnous.eu\/en\/boutique\/mise-en-page\/mindcat-pro\/","og_locale":"en_GB","og_type":"article","og_title":"MindCat Pro | Apps NOUS","og_description":"La puissance de pr\u00e9sentation de notre extension Mindcat pour les taxonomies WoooCommerce. Exemple de liste de cat\u00e9gories de produits Exemple de carte euristique de cat\u00e9gories &nbsp;","og_url":"https:\/\/apps.avecnous.eu\/en\/boutique\/mise-en-page\/mindcat-pro\/","og_site_name":"Apps","article_modified_time":"2026-01-22T11:14:55+00:00","og_image":[{"width":512,"height":512,"url":"https:\/\/apps.avecnous.eu\/wp-content\/uploads\/sites\/28\/2024\/02\/mindcat-pro.png","type":"image\/png"}],"twitter_card":"summary_large_image","twitter_misc":{"Estimated reading time":"1 minute"},"schema":{"@context":"https:\/\/schema.org","@graph":[{"@type":"WebPage","@id":"https:\/\/apps.avecnous.eu\/boutique\/mise-en-page\/mindcat-pro\/","url":"https:\/\/apps.avecnous.eu\/boutique\/mise-en-page\/mindcat-pro\/","name":"MindCat Pro | Apps NOUS","isPartOf":{"@id":"https:\/\/apps.avecnous.eu\/#website"},"primaryImageOfPage":{"@id":"https:\/\/apps.avecnous.eu\/boutique\/mise-en-page\/mindcat-pro\/#primaryimage"},"image":{"@id":"https:\/\/apps.avecnous.eu\/boutique\/mise-en-page\/mindcat-pro\/#primaryimage"},"thumbnailUrl":"https:\/\/apps.avecnous.eu\/wp-content\/uploads\/sites\/28\/2024\/02\/mindcat-pro.png","datePublished":"2024-02-29T06:45:12+00:00","dateModified":"2026-01-22T11:14:55+00:00","breadcrumb":{"@id":"https:\/\/apps.avecnous.eu\/boutique\/mise-en-page\/mindcat-pro\/#breadcrumb"},"inLanguage":"en-GB","potentialAction":[{"@type":"ReadAction","target":["https:\/\/apps.avecnous.eu\/boutique\/mise-en-page\/mindcat-pro\/"]}]},{"@type":"ImageObject","inLanguage":"en-GB","@id":"https:\/\/apps.avecnous.eu\/boutique\/mise-en-page\/mindcat-pro\/#primaryimage","url":"https:\/\/apps.avecnous.eu\/wp-content\/uploads\/sites\/28\/2024\/02\/mindcat-pro.png","contentUrl":"https:\/\/apps.avecnous.eu\/wp-content\/uploads\/sites\/28\/2024\/02\/mindcat-pro.png","width":512,"height":512,"caption":"Image produit MindCat Pro"},{"@type":"BreadcrumbList","@id":"https:\/\/apps.avecnous.eu\/boutique\/mise-en-page\/mindcat-pro\/#breadcrumb","itemListElement":[{"@type":"ListItem","position":1,"name":"Home","item":"https:\/\/apps.avecnous.eu\/"},{"@type":"ListItem","position":2,"name":"Toutes nos extensions WordPress et WooCommerce","item":"https:\/\/apps.avecnous.eu\/boutique\/"},{"@type":"ListItem","position":3,"name":"Mise en page","item":"https:\/\/apps.avecnous.eu\/categorie-produit\/mise-en-page\/"},{"@type":"ListItem","position":4,"name":"MindCat Pro"}]},{"@type":"WebSite","@id":"https:\/\/apps.avecnous.eu\/#website","url":"https:\/\/apps.avecnous.eu\/","name":"Apps by N.O.U.S.","description":"NOUS - Open, Useful &amp; Simple develop free and premium plugins for WordPress and Woocommerce with a commitment to delivering high-quality, environmentally friendly code.","publisher":{"@id":"https:\/\/apps.avecnous.eu\/#organization"},"alternateName":"Apps NOUS","potentialAction":[{"@type":"SearchAction","target":{"@type":"EntryPoint","urlTemplate":"https:\/\/apps.avecnous.eu\/?s={search_term_string}"},"query-input":{"@type":"PropertyValueSpecification","valueRequired":true,"valueName":"search_term_string"}}],"inLanguage":"en-GB"},{"@type":"Organization","@id":"https:\/\/apps.avecnous.eu\/#organization","name":"Apps by N.O.U.S.","url":"https:\/\/apps.avecnous.eu\/","logo":{"@type":"ImageObject","inLanguage":"en-GB","@id":"https:\/\/apps.avecnous.eu\/#\/schema\/logo\/image\/","url":"https:\/\/apps.avecnous.eu\/wp-content\/uploads\/sites\/28\/2025\/07\/Logo_APPS_by_NOUS_2025.png","contentUrl":"https:\/\/apps.avecnous.eu\/wp-content\/uploads\/sites\/28\/2025\/07\/Logo_APPS_by_NOUS_2025.png","width":500,"height":112,"caption":"Apps by N.O.U.S."},"image":{"@id":"https:\/\/apps.avecnous.eu\/#\/schema\/logo\/image\/"}}]}},"_links":{"self":[{"href":"https:\/\/apps.avecnous.eu\/en\/wp-json\/wp\/v2\/product\/4248","targetHints":{"allow":["GET"]}}],"collection":[{"href":"https:\/\/apps.avecnous.eu\/en\/wp-json\/wp\/v2\/product"}],"about":[{"href":"https:\/\/apps.avecnous.eu\/en\/wp-json\/wp\/v2\/types\/product"}],"replies":[{"embeddable":true,"href":"https:\/\/apps.avecnous.eu\/en\/wp-json\/wp\/v2\/comments?post=4248"}],"wp:featuredmedia":[{"embeddable":true,"href":"https:\/\/apps.avecnous.eu\/en\/wp-json\/wp\/v2\/media\/4249"}],"wp:attachment":[{"href":"https:\/\/apps.avecnous.eu\/en\/wp-json\/wp\/v2\/media?parent=4248"}],"wp:term":[{"taxonomy":"product_brand","embeddable":true,"href":"https:\/\/apps.avecnous.eu\/en\/wp-json\/wp\/v2\/product_brand?post=4248"},{"taxonomy":"product_cat","embeddable":true,"href":"https:\/\/apps.avecnous.eu\/en\/wp-json\/wp\/v2\/product_cat?post=4248"},{"taxonomy":"product_tag","embeddable":true,"href":"https:\/\/apps.avecnous.eu\/en\/wp-json\/wp\/v2\/product_tag?post=4248"}],"curies":[{"name":"wp","href":"https:\/\/api.w.org\/{rel}","templated":true}]}}