{"id":4727023,"date":"2025-09-08T16:09:27","date_gmt":"2025-09-08T14:09:27","guid":{"rendered":"https:\/\/apps.avecnous.eu\/?post_type=product&#038;p=4727023"},"modified":"2025-09-08T16:30:26","modified_gmt":"2025-09-08T14:30:26","slug":"soutenez-terraguessr","status":"publish","type":"product","link":"https:\/\/apps.avecnous.eu\/en\/boutique\/reseaux-sociaux-connectez-wordpress\/soutenez-terraguessr\/","title":{"rendered":"Support TerraGuessr!"},"content":{"rendered":"<p>Love TerraGuessr?<br \/>\nThis free and open-source project was built with no financial backing \u2014 every line of code exists thanks to your support.<br \/>\nHelp keep it alive. Help it grow.<\/p>\n<p>Pour un jeu entre amis ou en solo, \u00e0 tout moment !<\/p>\n<div class=\"btn-cta-violet maillage-int wp-block-button\">\n<a href=\"https:\/\/terraguessr.org\/\" target=\"_BLANK\">Venez vous tester \u00e0 Terraguessr !<\/a>\n<\/div>\n<p>&nbsp;<\/p>","protected":false},"excerpt":{"rendered":"<p>Love TerraGuessr?\nThis free and open-source project was built with no financial backing \u2014 every line of code exists thanks to your support.\nHelp keep it alive. Help it grow.<\/p>","protected":false},"featured_media":4727024,"comment_status":"closed","ping_status":"closed","template":"","meta":{"_eb_attr":""},"product_brand":[],"product_cat":[40],"product_tag":[],"class_list":{"0":"post-4727023","1":"product","2":"type-product","3":"status-publish","4":"has-post-thumbnail","6":"product_cat-reseaux-sociaux-connectez-wordpress","8":"first","9":"instock","10":"virtual","11":"taxable","12":"purchasable","13":"product-type-simple","14":"nyp-product"},"yoast_head":"<!-- This site is optimized with the Yoast SEO plugin v27.3 - https:\/\/yoast.com\/product\/yoast-seo-wordpress\/ -->\n<title>Soutenez TerraGuessr ! | Apps NOUS<\/title>\n<meta name=\"robots\" content=\"index, follow, max-snippet:-1, max-image-preview:large, max-video-preview:-1\" \/>\n<link rel=\"canonical\" href=\"https:\/\/apps.avecnous.eu\/en\/boutique\/reseaux-sociaux-connectez-wordpress\/soutenez-terraguessr\/\" \/>\n<meta property=\"og:locale\" content=\"en_GB\" \/>\n<meta property=\"og:type\" content=\"article\" \/>\n<meta property=\"og:title\" content=\"Soutenez TerraGuessr ! | Apps NOUS\" \/>\n<meta property=\"og:description\" content=\"Vous aimez TerraGuessr ? Ce projet libre et gratuit a \u00e9t\u00e9 con\u00e7u sans aucun financement \u2014 chaque ligne de code existe gr\u00e2ce \u00e0 votre soutien. Aidez-le \u00e0 vivre et \u00e0 grandir !\" \/>\n<meta property=\"og:url\" content=\"https:\/\/apps.avecnous.eu\/en\/boutique\/reseaux-sociaux-connectez-wordpress\/soutenez-terraguessr\/\" \/>\n<meta property=\"og:site_name\" content=\"Apps\" \/>\n<meta property=\"article:modified_time\" content=\"2025-09-08T14:30:26+00:00\" \/>\n<meta property=\"og:image\" content=\"https:\/\/apps.avecnous.eu\/wp-content\/uploads\/sites\/28\/2025\/09\/Terraguessr_game_COMP.png\" \/>\n\t<meta property=\"og:image:width\" content=\"1014\" \/>\n\t<meta property=\"og:image:height\" content=\"1014\" \/>\n\t<meta property=\"og:image:type\" content=\"image\/png\" \/>\n<meta name=\"twitter:card\" content=\"summary_large_image\" \/>\n<meta name=\"twitter:label1\" content=\"Estimated reading time\" \/>\n\t<meta name=\"twitter:data1\" content=\"1 minute\" \/>\n<script type=\"application\/ld+json\" class=\"yoast-schema-graph\">{\"@context\":\"https:\\\/\\\/schema.org\",\"@graph\":[{\"@type\":\"WebPage\",\"@id\":\"https:\\\/\\\/apps.avecnous.eu\\\/boutique\\\/reseaux-sociaux-connectez-wordpress\\\/soutenez-terraguessr\\\/\",\"url\":\"https:\\\/\\\/apps.avecnous.eu\\\/boutique\\\/reseaux-sociaux-connectez-wordpress\\\/soutenez-terraguessr\\\/\",\"name\":\"Soutenez TerraGuessr ! | Apps NOUS\",\"isPartOf\":{\"@id\":\"https:\\\/\\\/apps.avecnous.eu\\\/#website\"},\"primaryImageOfPage\":{\"@id\":\"https:\\\/\\\/apps.avecnous.eu\\\/boutique\\\/reseaux-sociaux-connectez-wordpress\\\/soutenez-terraguessr\\\/#primaryimage\"},\"image\":{\"@id\":\"https:\\\/\\\/apps.avecnous.eu\\\/boutique\\\/reseaux-sociaux-connectez-wordpress\\\/soutenez-terraguessr\\\/#primaryimage\"},\"thumbnailUrl\":\"https:\\\/\\\/apps.avecnous.eu\\\/wp-content\\\/uploads\\\/sites\\\/28\\\/2025\\\/09\\\/Terraguessr_game_COMP.png\",\"datePublished\":\"2025-09-08T14:09:27+00:00\",\"dateModified\":\"2025-09-08T14:30:26+00:00\",\"breadcrumb\":{\"@id\":\"https:\\\/\\\/apps.avecnous.eu\\\/boutique\\\/reseaux-sociaux-connectez-wordpress\\\/soutenez-terraguessr\\\/#breadcrumb\"},\"inLanguage\":\"en-GB\",\"potentialAction\":[{\"@type\":\"ReadAction\",\"target\":[\"https:\\\/\\\/apps.avecnous.eu\\\/boutique\\\/reseaux-sociaux-connectez-wordpress\\\/soutenez-terraguessr\\\/\"]}]},{\"@type\":\"ImageObject\",\"inLanguage\":\"en-GB\",\"@id\":\"https:\\\/\\\/apps.avecnous.eu\\\/boutique\\\/reseaux-sociaux-connectez-wordpress\\\/soutenez-terraguessr\\\/#primaryimage\",\"url\":\"https:\\\/\\\/apps.avecnous.eu\\\/wp-content\\\/uploads\\\/sites\\\/28\\\/2025\\\/09\\\/Terraguessr_game_COMP.png\",\"contentUrl\":\"https:\\\/\\\/apps.avecnous.eu\\\/wp-content\\\/uploads\\\/sites\\\/28\\\/2025\\\/09\\\/Terraguessr_game_COMP.png\",\"width\":1014,\"height\":1014,\"caption\":\"Image produit : terraguessr\"},{\"@type\":\"BreadcrumbList\",\"@id\":\"https:\\\/\\\/apps.avecnous.eu\\\/boutique\\\/reseaux-sociaux-connectez-wordpress\\\/soutenez-terraguessr\\\/#breadcrumb\",\"itemListElement\":[{\"@type\":\"ListItem\",\"position\":1,\"name\":\"Home\",\"item\":\"https:\\\/\\\/apps.avecnous.eu\\\/\"},{\"@type\":\"ListItem\",\"position\":2,\"name\":\"Toutes nos extensions WordPress et WooCommerce\",\"item\":\"https:\\\/\\\/apps.avecnous.eu\\\/boutique\\\/\"},{\"@type\":\"ListItem\",\"position\":3,\"name\":\"Partage\",\"item\":\"https:\\\/\\\/apps.avecnous.eu\\\/categorie-produit\\\/reseaux-sociaux-connectez-wordpress\\\/\"},{\"@type\":\"ListItem\",\"position\":4,\"name\":\"Soutenez TerraGuessr !\"}]},{\"@type\":\"WebSite\",\"@id\":\"https:\\\/\\\/apps.avecnous.eu\\\/#website\",\"url\":\"https:\\\/\\\/apps.avecnous.eu\\\/\",\"name\":\"Apps by N.O.U.S.\",\"description\":\"Nous Ouvert, Utile &amp; Simple, d\u00e9veloppe des extensions gratuites et premium pour WordPress et Woocommerce avec un engagement de livrer un code de qualit\u00e9 et respectueux de l&#039;environnement.\",\"publisher\":{\"@id\":\"https:\\\/\\\/apps.avecnous.eu\\\/#organization\"},\"alternateName\":\"Apps NOUS\",\"potentialAction\":[{\"@type\":\"SearchAction\",\"target\":{\"@type\":\"EntryPoint\",\"urlTemplate\":\"https:\\\/\\\/apps.avecnous.eu\\\/?s={search_term_string}\"},\"query-input\":{\"@type\":\"PropertyValueSpecification\",\"valueRequired\":true,\"valueName\":\"search_term_string\"}}],\"inLanguage\":\"en-GB\"},{\"@type\":\"Organization\",\"@id\":\"https:\\\/\\\/apps.avecnous.eu\\\/#organization\",\"name\":\"Apps by N.O.U.S.\",\"url\":\"https:\\\/\\\/apps.avecnous.eu\\\/\",\"logo\":{\"@type\":\"ImageObject\",\"inLanguage\":\"en-GB\",\"@id\":\"https:\\\/\\\/apps.avecnous.eu\\\/#\\\/schema\\\/logo\\\/image\\\/\",\"url\":\"https:\\\/\\\/apps.avecnous.eu\\\/wp-content\\\/uploads\\\/sites\\\/28\\\/2025\\\/07\\\/Logo_APPS_by_NOUS_2025.png\",\"contentUrl\":\"https:\\\/\\\/apps.avecnous.eu\\\/wp-content\\\/uploads\\\/sites\\\/28\\\/2025\\\/07\\\/Logo_APPS_by_NOUS_2025.png\",\"width\":500,\"height\":112,\"caption\":\"Apps by N.O.U.S.\"},\"image\":{\"@id\":\"https:\\\/\\\/apps.avecnous.eu\\\/#\\\/schema\\\/logo\\\/image\\\/\"}}]}<\/script>\n<!-- \/ Yoast SEO plugin. -->","yoast_head_json":{"title":"Soutenez TerraGuessr ! | Apps NOUS","robots":{"index":"index","follow":"follow","max-snippet":"max-snippet:-1","max-image-preview":"max-image-preview:large","max-video-preview":"max-video-preview:-1"},"canonical":"https:\/\/apps.avecnous.eu\/en\/boutique\/reseaux-sociaux-connectez-wordpress\/soutenez-terraguessr\/","og_locale":"en_GB","og_type":"article","og_title":"Soutenez TerraGuessr ! | Apps NOUS","og_description":"Vous aimez TerraGuessr ? Ce projet libre et gratuit a \u00e9t\u00e9 con\u00e7u sans aucun financement \u2014 chaque ligne de code existe gr\u00e2ce \u00e0 votre soutien. Aidez-le \u00e0 vivre et \u00e0 grandir !","og_url":"https:\/\/apps.avecnous.eu\/en\/boutique\/reseaux-sociaux-connectez-wordpress\/soutenez-terraguessr\/","og_site_name":"Apps","article_modified_time":"2025-09-08T14:30:26+00:00","og_image":[{"width":1014,"height":1014,"url":"https:\/\/apps.avecnous.eu\/wp-content\/uploads\/sites\/28\/2025\/09\/Terraguessr_game_COMP.png","type":"image\/png"}],"twitter_card":"summary_large_image","twitter_misc":{"Estimated reading time":"1 minute"},"schema":{"@context":"https:\/\/schema.org","@graph":[{"@type":"WebPage","@id":"https:\/\/apps.avecnous.eu\/boutique\/reseaux-sociaux-connectez-wordpress\/soutenez-terraguessr\/","url":"https:\/\/apps.avecnous.eu\/boutique\/reseaux-sociaux-connectez-wordpress\/soutenez-terraguessr\/","name":"Soutenez TerraGuessr ! | Apps NOUS","isPartOf":{"@id":"https:\/\/apps.avecnous.eu\/#website"},"primaryImageOfPage":{"@id":"https:\/\/apps.avecnous.eu\/boutique\/reseaux-sociaux-connectez-wordpress\/soutenez-terraguessr\/#primaryimage"},"image":{"@id":"https:\/\/apps.avecnous.eu\/boutique\/reseaux-sociaux-connectez-wordpress\/soutenez-terraguessr\/#primaryimage"},"thumbnailUrl":"https:\/\/apps.avecnous.eu\/wp-content\/uploads\/sites\/28\/2025\/09\/Terraguessr_game_COMP.png","datePublished":"2025-09-08T14:09:27+00:00","dateModified":"2025-09-08T14:30:26+00:00","breadcrumb":{"@id":"https:\/\/apps.avecnous.eu\/boutique\/reseaux-sociaux-connectez-wordpress\/soutenez-terraguessr\/#breadcrumb"},"inLanguage":"en-GB","potentialAction":[{"@type":"ReadAction","target":["https:\/\/apps.avecnous.eu\/boutique\/reseaux-sociaux-connectez-wordpress\/soutenez-terraguessr\/"]}]},{"@type":"ImageObject","inLanguage":"en-GB","@id":"https:\/\/apps.avecnous.eu\/boutique\/reseaux-sociaux-connectez-wordpress\/soutenez-terraguessr\/#primaryimage","url":"https:\/\/apps.avecnous.eu\/wp-content\/uploads\/sites\/28\/2025\/09\/Terraguessr_game_COMP.png","contentUrl":"https:\/\/apps.avecnous.eu\/wp-content\/uploads\/sites\/28\/2025\/09\/Terraguessr_game_COMP.png","width":1014,"height":1014,"caption":"Image produit : terraguessr"},{"@type":"BreadcrumbList","@id":"https:\/\/apps.avecnous.eu\/boutique\/reseaux-sociaux-connectez-wordpress\/soutenez-terraguessr\/#breadcrumb","itemListElement":[{"@type":"ListItem","position":1,"name":"Home","item":"https:\/\/apps.avecnous.eu\/"},{"@type":"ListItem","position":2,"name":"Toutes nos extensions WordPress et WooCommerce","item":"https:\/\/apps.avecnous.eu\/boutique\/"},{"@type":"ListItem","position":3,"name":"Partage","item":"https:\/\/apps.avecnous.eu\/categorie-produit\/reseaux-sociaux-connectez-wordpress\/"},{"@type":"ListItem","position":4,"name":"Soutenez TerraGuessr !"}]},{"@type":"WebSite","@id":"https:\/\/apps.avecnous.eu\/#website","url":"https:\/\/apps.avecnous.eu\/","name":"Apps by N.O.U.S.","description":"NOUS - Open, Useful &amp; Simple develop free and premium plugins for WordPress and Woocommerce with a commitment to delivering high-quality, environmentally friendly code.","publisher":{"@id":"https:\/\/apps.avecnous.eu\/#organization"},"alternateName":"Apps NOUS","potentialAction":[{"@type":"SearchAction","target":{"@type":"EntryPoint","urlTemplate":"https:\/\/apps.avecnous.eu\/?s={search_term_string}"},"query-input":{"@type":"PropertyValueSpecification","valueRequired":true,"valueName":"search_term_string"}}],"inLanguage":"en-GB"},{"@type":"Organization","@id":"https:\/\/apps.avecnous.eu\/#organization","name":"Apps by N.O.U.S.","url":"https:\/\/apps.avecnous.eu\/","logo":{"@type":"ImageObject","inLanguage":"en-GB","@id":"https:\/\/apps.avecnous.eu\/#\/schema\/logo\/image\/","url":"https:\/\/apps.avecnous.eu\/wp-content\/uploads\/sites\/28\/2025\/07\/Logo_APPS_by_NOUS_2025.png","contentUrl":"https:\/\/apps.avecnous.eu\/wp-content\/uploads\/sites\/28\/2025\/07\/Logo_APPS_by_NOUS_2025.png","width":500,"height":112,"caption":"Apps by N.O.U.S."},"image":{"@id":"https:\/\/apps.avecnous.eu\/#\/schema\/logo\/image\/"}}]}},"_links":{"self":[{"href":"https:\/\/apps.avecnous.eu\/en\/wp-json\/wp\/v2\/product\/4727023","targetHints":{"allow":["GET"]}}],"collection":[{"href":"https:\/\/apps.avecnous.eu\/en\/wp-json\/wp\/v2\/product"}],"about":[{"href":"https:\/\/apps.avecnous.eu\/en\/wp-json\/wp\/v2\/types\/product"}],"replies":[{"embeddable":true,"href":"https:\/\/apps.avecnous.eu\/en\/wp-json\/wp\/v2\/comments?post=4727023"}],"wp:featuredmedia":[{"embeddable":true,"href":"https:\/\/apps.avecnous.eu\/en\/wp-json\/wp\/v2\/media\/4727024"}],"wp:attachment":[{"href":"https:\/\/apps.avecnous.eu\/en\/wp-json\/wp\/v2\/media?parent=4727023"}],"wp:term":[{"taxonomy":"product_brand","embeddable":true,"href":"https:\/\/apps.avecnous.eu\/en\/wp-json\/wp\/v2\/product_brand?post=4727023"},{"taxonomy":"product_cat","embeddable":true,"href":"https:\/\/apps.avecnous.eu\/en\/wp-json\/wp\/v2\/product_cat?post=4727023"},{"taxonomy":"product_tag","embeddable":true,"href":"https:\/\/apps.avecnous.eu\/en\/wp-json\/wp\/v2\/product_tag?post=4727023"}],"curies":[{"name":"wp","href":"https:\/\/api.w.org\/{rel}","templated":true}]}}