{"id":4757162,"date":"2025-11-03T16:46:23","date_gmt":"2025-11-03T15:46:23","guid":{"rendered":"https:\/\/apps.avecnous.eu\/?post_type=product&#038;p=4757162"},"modified":"2026-04-16T16:22:09","modified_gmt":"2026-04-16T14:22:09","slug":"apidaepress","status":"publish","type":"product","link":"https:\/\/apps.avecnous.eu\/en\/boutique\/nos-extensions-wordpress\/apidaepress\/","title":{"rendered":"ApidaePress 1.0.1"},"content":{"rendered":"<p>The most flexible connector for displaying Apidae content on your WordPress site.<\/p>\n<p>Whether your site is a tourism or culture platform, ApidaePress allows you to display items from Apidae directly on your WordPress site. Display your tourist attractions elegantly in a list or on their dedicated page.<\/p>\n<h2>Adapt the content to your designs, not the other way around.<\/h2>\n<p>ApidaePress provides numerous building blocks to display information exactly as it appears in your mock-ups. No technical or graphic design skills are required to use ApidaePress.<br \/>\ninstallez, configurez, affichez : c&rsquo;est tout !<\/p>\n<h2>Grant access to your content<\/h2>\n<p>List of items, multi-criteria search form, interactive map: you have everything at your fingertips.<br \/>\nApidaePress offers three layouts for content results: list, grid, and featured. The content of items can be fully customised from the native WordPress page editor.<\/p>\n<h3>Overview of possibilities<\/h3>\n<figure id=\"attachment_4757168\" aria-describedby=\"caption-attachment-4757168\" style=\"width: 1024px\" class=\"wp-caption alignnone\"><img decoding=\"async\" class=\"wp-image-4757168 size-large\" src=\"https:\/\/apps.avecnous.eu\/wp-content\/uploads\/sites\/28\/2025\/11\/apidaepress-front-map-1024x662.png\" alt=\"\" width=\"1024\" height=\"662\" srcset=\"https:\/\/apps.avecnous.eu\/wp-content\/uploads\/sites\/28\/2025\/11\/apidaepress-front-map-1024x662.png 1024w, https:\/\/apps.avecnous.eu\/wp-content\/uploads\/sites\/28\/2025\/11\/apidaepress-front-map-300x194.png 300w, https:\/\/apps.avecnous.eu\/wp-content\/uploads\/sites\/28\/2025\/11\/apidaepress-front-map-768x497.png 768w, https:\/\/apps.avecnous.eu\/wp-content\/uploads\/sites\/28\/2025\/11\/apidaepress-front-map-18x12.png 18w, https:\/\/apps.avecnous.eu\/wp-content\/uploads\/sites\/28\/2025\/11\/apidaepress-front-map-600x388.png 600w, https:\/\/apps.avecnous.eu\/wp-content\/uploads\/sites\/28\/2025\/11\/apidaepress-front-map.png 1090w\" sizes=\"(max-width: 1024px) 100vw, 1024px\" \/><figcaption id=\"caption-attachment-4757168\" class=\"wp-caption-text\">Advanced search and map display<\/figcaption><\/figure>\n<p>&nbsp;<\/p>\n<figure id=\"attachment_4757169\" aria-describedby=\"caption-attachment-4757169\" style=\"width: 1024px\" class=\"wp-caption alignnone\"><img decoding=\"async\" class=\"wp-image-4757169 size-large\" src=\"https:\/\/apps.avecnous.eu\/wp-content\/uploads\/sites\/28\/2025\/11\/apidaepress-front-feature-1024x526.png\" alt=\"\" width=\"1024\" height=\"526\" srcset=\"https:\/\/apps.avecnous.eu\/wp-content\/uploads\/sites\/28\/2025\/11\/apidaepress-front-feature-1024x526.png 1024w, https:\/\/apps.avecnous.eu\/wp-content\/uploads\/sites\/28\/2025\/11\/apidaepress-front-feature-300x154.png 300w, https:\/\/apps.avecnous.eu\/wp-content\/uploads\/sites\/28\/2025\/11\/apidaepress-front-feature-768x394.png 768w, https:\/\/apps.avecnous.eu\/wp-content\/uploads\/sites\/28\/2025\/11\/apidaepress-front-feature-18x9.png 18w, https:\/\/apps.avecnous.eu\/wp-content\/uploads\/sites\/28\/2025\/11\/apidaepress-front-feature-600x308.png 600w, https:\/\/apps.avecnous.eu\/wp-content\/uploads\/sites\/28\/2025\/11\/apidaepress-front-feature.png 1297w\" sizes=\"(max-width: 1024px) 100vw, 1024px\" \/><figcaption id=\"caption-attachment-4757169\" class=\"wp-caption-text\">Elegant list<\/figcaption><\/figure>\n<p>&nbsp;<\/p>\n<figure id=\"attachment_4757170\" aria-describedby=\"caption-attachment-4757170\" style=\"width: 848px\" class=\"wp-caption alignnone\"><img decoding=\"async\" class=\"wp-image-4757170 size-full\" src=\"https:\/\/apps.avecnous.eu\/wp-content\/uploads\/sites\/28\/2025\/11\/apidaepress-front-single.png\" alt=\"\" width=\"848\" height=\"894\" srcset=\"https:\/\/apps.avecnous.eu\/wp-content\/uploads\/sites\/28\/2025\/11\/apidaepress-front-single.png 848w, https:\/\/apps.avecnous.eu\/wp-content\/uploads\/sites\/28\/2025\/11\/apidaepress-front-single-285x300.png 285w, https:\/\/apps.avecnous.eu\/wp-content\/uploads\/sites\/28\/2025\/11\/apidaepress-front-single-768x810.png 768w, https:\/\/apps.avecnous.eu\/wp-content\/uploads\/sites\/28\/2025\/11\/apidaepress-front-single-11x12.png 11w, https:\/\/apps.avecnous.eu\/wp-content\/uploads\/sites\/28\/2025\/11\/apidaepress-front-single-600x633.png 600w\" sizes=\"(max-width: 848px) 100vw, 848px\" \/><figcaption id=\"caption-attachment-4757170\" class=\"wp-caption-text\">Customised layout<\/figcaption><\/figure>\n<p>&nbsp;<\/p>\n<div class=\"bloc-link-article\">\n<h2>Would you like more information?<\/h2>\n<div class=\"btn-cta-violet maillage-int wp-block-button\"><a title=\"Consulter notre article complet sur l'extension\" href=\"https:\/\/apps.avecnous.eu\/en\/blog\/connecteurs\/decouvrez-apidaepress-lextension-wordpress-connectee-a-apidae-tourisme\/\" target=\"_BLANK\">Discover now our full article on the plugin<\/a><\/div>\n<\/div>\n<p>&nbsp;<\/p>","protected":false},"excerpt":{"rendered":"<p>Le connecteur le plus souple pour afficher le contenu Apidae dans votre site WordPress. Que votre site soit une plateforme tourisme ou culture, ApidaePress permet d&rsquo;afficher des \u00e9l\u00e9ments depuis Apidae directement dans votre site WordPress. Affichez vos objets touristiques \u00e9l\u00e9gamment sous forme de liste ou dans leur page d\u00e9di\u00e9e. Adaptez le contenu \u00e0 vos designs, [&hellip;]<\/p>\n","protected":false},"featured_media":4757163,"comment_status":"closed","ping_status":"closed","template":"","meta":{"_eb_attr":""},"product_brand":[],"product_cat":[68,43],"product_tag":[99],"class_list":{"0":"post-4757162","1":"product","2":"type-product","3":"status-publish","4":"has-post-thumbnail","6":"product_cat-connecteurs-wordpress-woocommerce","7":"product_cat-nos-extensions-wordpress","8":"product_tag-premium","10":"first","11":"instock","12":"taxable","13":"shipping-taxable","14":"purchasable","15":"product-type-simple"},"yoast_head":"<!-- This site is optimized with the Yoast SEO plugin v27.4 - https:\/\/yoast.com\/product\/yoast-seo-wordpress\/ -->\n<title>ApidaePress | Apps NOUS<\/title>\n<meta name=\"robots\" content=\"index, follow, max-snippet:-1, max-image-preview:large, max-video-preview:-1\" \/>\n<link rel=\"canonical\" href=\"https:\/\/apps.avecnous.eu\/en\/boutique\/nos-extensions-wordpress\/apidaepress\/\" \/>\n<meta property=\"og:locale\" content=\"en_GB\" \/>\n<meta property=\"og:type\" content=\"article\" \/>\n<meta property=\"og:title\" content=\"ApidaePress | Apps NOUS\" \/>\n<meta property=\"og:description\" content=\"Le connecteur le plus souple pour afficher le contenu Apidae dans votre site WordPress. Que votre site soit une plateforme tourisme ou culture, ApidaePress permet d&rsquo;afficher des \u00e9l\u00e9ments depuis Apidae directement dans votre site WordPress. Affichez vos objets touristiques \u00e9l\u00e9gamment sous forme de liste ou dans leur page d\u00e9di\u00e9e. Adaptez le contenu \u00e0 vos designs, [&hellip;]\" \/>\n<meta property=\"og:url\" content=\"https:\/\/apps.avecnous.eu\/en\/boutique\/nos-extensions-wordpress\/apidaepress\/\" \/>\n<meta property=\"og:site_name\" content=\"Apps\" \/>\n<meta property=\"article:modified_time\" content=\"2026-04-16T14:22:09+00:00\" \/>\n<meta property=\"og:image\" content=\"https:\/\/apps.avecnous.eu\/wp-content\/uploads\/sites\/28\/2025\/11\/img_produit_apidaepress.png\" \/>\n\t<meta property=\"og:image:width\" content=\"512\" \/>\n\t<meta property=\"og:image:height\" content=\"512\" \/>\n\t<meta property=\"og:image:type\" content=\"image\/png\" \/>\n<meta name=\"twitter:card\" content=\"summary_large_image\" \/>\n<meta name=\"twitter:label1\" content=\"Estimated reading time\" \/>\n\t<meta name=\"twitter:data1\" content=\"2 minutes\" \/>\n<script type=\"application\/ld+json\" class=\"yoast-schema-graph\">{\"@context\":\"https:\\\/\\\/schema.org\",\"@graph\":[{\"@type\":\"WebPage\",\"@id\":\"https:\\\/\\\/apps.avecnous.eu\\\/boutique\\\/nos-extensions-wordpress\\\/apidaepress\\\/\",\"url\":\"https:\\\/\\\/apps.avecnous.eu\\\/boutique\\\/nos-extensions-wordpress\\\/apidaepress\\\/\",\"name\":\"ApidaePress | Apps NOUS\",\"isPartOf\":{\"@id\":\"https:\\\/\\\/apps.avecnous.eu\\\/#website\"},\"primaryImageOfPage\":{\"@id\":\"https:\\\/\\\/apps.avecnous.eu\\\/boutique\\\/nos-extensions-wordpress\\\/apidaepress\\\/#primaryimage\"},\"image\":{\"@id\":\"https:\\\/\\\/apps.avecnous.eu\\\/boutique\\\/nos-extensions-wordpress\\\/apidaepress\\\/#primaryimage\"},\"thumbnailUrl\":\"https:\\\/\\\/apps.avecnous.eu\\\/wp-content\\\/uploads\\\/sites\\\/28\\\/2025\\\/11\\\/img_produit_apidaepress.png\",\"datePublished\":\"2025-11-03T15:46:23+00:00\",\"dateModified\":\"2026-04-16T14:22:09+00:00\",\"breadcrumb\":{\"@id\":\"https:\\\/\\\/apps.avecnous.eu\\\/boutique\\\/nos-extensions-wordpress\\\/apidaepress\\\/#breadcrumb\"},\"inLanguage\":\"en-GB\",\"potentialAction\":[{\"@type\":\"ReadAction\",\"target\":[\"https:\\\/\\\/apps.avecnous.eu\\\/boutique\\\/nos-extensions-wordpress\\\/apidaepress\\\/\"]}]},{\"@type\":\"ImageObject\",\"inLanguage\":\"en-GB\",\"@id\":\"https:\\\/\\\/apps.avecnous.eu\\\/boutique\\\/nos-extensions-wordpress\\\/apidaepress\\\/#primaryimage\",\"url\":\"https:\\\/\\\/apps.avecnous.eu\\\/wp-content\\\/uploads\\\/sites\\\/28\\\/2025\\\/11\\\/img_produit_apidaepress.png\",\"contentUrl\":\"https:\\\/\\\/apps.avecnous.eu\\\/wp-content\\\/uploads\\\/sites\\\/28\\\/2025\\\/11\\\/img_produit_apidaepress.png\",\"width\":512,\"height\":512},{\"@type\":\"BreadcrumbList\",\"@id\":\"https:\\\/\\\/apps.avecnous.eu\\\/boutique\\\/nos-extensions-wordpress\\\/apidaepress\\\/#breadcrumb\",\"itemListElement\":[{\"@type\":\"ListItem\",\"position\":1,\"name\":\"Home\",\"item\":\"https:\\\/\\\/apps.avecnous.eu\\\/\"},{\"@type\":\"ListItem\",\"position\":2,\"name\":\"Toutes nos extensions WordPress et WooCommerce\",\"item\":\"https:\\\/\\\/apps.avecnous.eu\\\/boutique\\\/\"},{\"@type\":\"ListItem\",\"position\":3,\"name\":\"WordPress\",\"item\":\"https:\\\/\\\/apps.avecnous.eu\\\/categorie-produit\\\/nos-extensions-wordpress\\\/\"},{\"@type\":\"ListItem\",\"position\":4,\"name\":\"ApidaePress\"}]},{\"@type\":\"WebSite\",\"@id\":\"https:\\\/\\\/apps.avecnous.eu\\\/#website\",\"url\":\"https:\\\/\\\/apps.avecnous.eu\\\/\",\"name\":\"Apps by N.O.U.S.\",\"description\":\"Nous Ouvert, Utile &amp; Simple, d\u00e9veloppe des extensions gratuites et premium pour WordPress et Woocommerce avec un engagement de livrer un code de qualit\u00e9 et respectueux de l&#039;environnement.\",\"publisher\":{\"@id\":\"https:\\\/\\\/apps.avecnous.eu\\\/#organization\"},\"alternateName\":\"Apps NOUS\",\"potentialAction\":[{\"@type\":\"SearchAction\",\"target\":{\"@type\":\"EntryPoint\",\"urlTemplate\":\"https:\\\/\\\/apps.avecnous.eu\\\/?s={search_term_string}\"},\"query-input\":{\"@type\":\"PropertyValueSpecification\",\"valueRequired\":true,\"valueName\":\"search_term_string\"}}],\"inLanguage\":\"en-GB\"},{\"@type\":\"Organization\",\"@id\":\"https:\\\/\\\/apps.avecnous.eu\\\/#organization\",\"name\":\"Apps by N.O.U.S.\",\"url\":\"https:\\\/\\\/apps.avecnous.eu\\\/\",\"logo\":{\"@type\":\"ImageObject\",\"inLanguage\":\"en-GB\",\"@id\":\"https:\\\/\\\/apps.avecnous.eu\\\/#\\\/schema\\\/logo\\\/image\\\/\",\"url\":\"https:\\\/\\\/apps.avecnous.eu\\\/wp-content\\\/uploads\\\/sites\\\/28\\\/2025\\\/07\\\/Logo_APPS_by_NOUS_2025.png\",\"contentUrl\":\"https:\\\/\\\/apps.avecnous.eu\\\/wp-content\\\/uploads\\\/sites\\\/28\\\/2025\\\/07\\\/Logo_APPS_by_NOUS_2025.png\",\"width\":500,\"height\":112,\"caption\":\"Apps by N.O.U.S.\"},\"image\":{\"@id\":\"https:\\\/\\\/apps.avecnous.eu\\\/#\\\/schema\\\/logo\\\/image\\\/\"}}]}<\/script>\n<!-- \/ Yoast SEO plugin. -->","yoast_head_json":{"title":"ApidaePress | Apps NOUS","robots":{"index":"index","follow":"follow","max-snippet":"max-snippet:-1","max-image-preview":"max-image-preview:large","max-video-preview":"max-video-preview:-1"},"canonical":"https:\/\/apps.avecnous.eu\/en\/boutique\/nos-extensions-wordpress\/apidaepress\/","og_locale":"en_GB","og_type":"article","og_title":"ApidaePress | Apps NOUS","og_description":"Le connecteur le plus souple pour afficher le contenu Apidae dans votre site WordPress. Que votre site soit une plateforme tourisme ou culture, ApidaePress permet d&rsquo;afficher des \u00e9l\u00e9ments depuis Apidae directement dans votre site WordPress. Affichez vos objets touristiques \u00e9l\u00e9gamment sous forme de liste ou dans leur page d\u00e9di\u00e9e. Adaptez le contenu \u00e0 vos designs, [&hellip;]","og_url":"https:\/\/apps.avecnous.eu\/en\/boutique\/nos-extensions-wordpress\/apidaepress\/","og_site_name":"Apps","article_modified_time":"2026-04-16T14:22:09+00:00","og_image":[{"width":512,"height":512,"url":"https:\/\/apps.avecnous.eu\/wp-content\/uploads\/sites\/28\/2025\/11\/img_produit_apidaepress.png","type":"image\/png"}],"twitter_card":"summary_large_image","twitter_misc":{"Estimated reading time":"2 minutes"},"schema":{"@context":"https:\/\/schema.org","@graph":[{"@type":"WebPage","@id":"https:\/\/apps.avecnous.eu\/boutique\/nos-extensions-wordpress\/apidaepress\/","url":"https:\/\/apps.avecnous.eu\/boutique\/nos-extensions-wordpress\/apidaepress\/","name":"ApidaePress | Apps NOUS","isPartOf":{"@id":"https:\/\/apps.avecnous.eu\/#website"},"primaryImageOfPage":{"@id":"https:\/\/apps.avecnous.eu\/boutique\/nos-extensions-wordpress\/apidaepress\/#primaryimage"},"image":{"@id":"https:\/\/apps.avecnous.eu\/boutique\/nos-extensions-wordpress\/apidaepress\/#primaryimage"},"thumbnailUrl":"https:\/\/apps.avecnous.eu\/wp-content\/uploads\/sites\/28\/2025\/11\/img_produit_apidaepress.png","datePublished":"2025-11-03T15:46:23+00:00","dateModified":"2026-04-16T14:22:09+00:00","breadcrumb":{"@id":"https:\/\/apps.avecnous.eu\/boutique\/nos-extensions-wordpress\/apidaepress\/#breadcrumb"},"inLanguage":"en-GB","potentialAction":[{"@type":"ReadAction","target":["https:\/\/apps.avecnous.eu\/boutique\/nos-extensions-wordpress\/apidaepress\/"]}]},{"@type":"ImageObject","inLanguage":"en-GB","@id":"https:\/\/apps.avecnous.eu\/boutique\/nos-extensions-wordpress\/apidaepress\/#primaryimage","url":"https:\/\/apps.avecnous.eu\/wp-content\/uploads\/sites\/28\/2025\/11\/img_produit_apidaepress.png","contentUrl":"https:\/\/apps.avecnous.eu\/wp-content\/uploads\/sites\/28\/2025\/11\/img_produit_apidaepress.png","width":512,"height":512},{"@type":"BreadcrumbList","@id":"https:\/\/apps.avecnous.eu\/boutique\/nos-extensions-wordpress\/apidaepress\/#breadcrumb","itemListElement":[{"@type":"ListItem","position":1,"name":"Home","item":"https:\/\/apps.avecnous.eu\/"},{"@type":"ListItem","position":2,"name":"Toutes nos extensions WordPress et WooCommerce","item":"https:\/\/apps.avecnous.eu\/boutique\/"},{"@type":"ListItem","position":3,"name":"WordPress","item":"https:\/\/apps.avecnous.eu\/categorie-produit\/nos-extensions-wordpress\/"},{"@type":"ListItem","position":4,"name":"ApidaePress"}]},{"@type":"WebSite","@id":"https:\/\/apps.avecnous.eu\/#website","url":"https:\/\/apps.avecnous.eu\/","name":"Apps by N.O.U.S.","description":"NOUS - Open, Useful &amp; Simple develop free and premium plugins for WordPress and Woocommerce with a commitment to delivering high-quality, environmentally friendly code.","publisher":{"@id":"https:\/\/apps.avecnous.eu\/#organization"},"alternateName":"Apps NOUS","potentialAction":[{"@type":"SearchAction","target":{"@type":"EntryPoint","urlTemplate":"https:\/\/apps.avecnous.eu\/?s={search_term_string}"},"query-input":{"@type":"PropertyValueSpecification","valueRequired":true,"valueName":"search_term_string"}}],"inLanguage":"en-GB"},{"@type":"Organization","@id":"https:\/\/apps.avecnous.eu\/#organization","name":"Apps by N.O.U.S.","url":"https:\/\/apps.avecnous.eu\/","logo":{"@type":"ImageObject","inLanguage":"en-GB","@id":"https:\/\/apps.avecnous.eu\/#\/schema\/logo\/image\/","url":"https:\/\/apps.avecnous.eu\/wp-content\/uploads\/sites\/28\/2025\/07\/Logo_APPS_by_NOUS_2025.png","contentUrl":"https:\/\/apps.avecnous.eu\/wp-content\/uploads\/sites\/28\/2025\/07\/Logo_APPS_by_NOUS_2025.png","width":500,"height":112,"caption":"Apps by N.O.U.S."},"image":{"@id":"https:\/\/apps.avecnous.eu\/#\/schema\/logo\/image\/"}}]}},"_links":{"self":[{"href":"https:\/\/apps.avecnous.eu\/en\/wp-json\/wp\/v2\/product\/4757162","targetHints":{"allow":["GET"]}}],"collection":[{"href":"https:\/\/apps.avecnous.eu\/en\/wp-json\/wp\/v2\/product"}],"about":[{"href":"https:\/\/apps.avecnous.eu\/en\/wp-json\/wp\/v2\/types\/product"}],"replies":[{"embeddable":true,"href":"https:\/\/apps.avecnous.eu\/en\/wp-json\/wp\/v2\/comments?post=4757162"}],"wp:featuredmedia":[{"embeddable":true,"href":"https:\/\/apps.avecnous.eu\/en\/wp-json\/wp\/v2\/media\/4757163"}],"wp:attachment":[{"href":"https:\/\/apps.avecnous.eu\/en\/wp-json\/wp\/v2\/media?parent=4757162"}],"wp:term":[{"taxonomy":"product_brand","embeddable":true,"href":"https:\/\/apps.avecnous.eu\/en\/wp-json\/wp\/v2\/product_brand?post=4757162"},{"taxonomy":"product_cat","embeddable":true,"href":"https:\/\/apps.avecnous.eu\/en\/wp-json\/wp\/v2\/product_cat?post=4757162"},{"taxonomy":"product_tag","embeddable":true,"href":"https:\/\/apps.avecnous.eu\/en\/wp-json\/wp\/v2\/product_tag?post=4757162"}],"curies":[{"name":"wp","href":"https:\/\/api.w.org\/{rel}","templated":true}]}}