{"id":4757315,"date":"2025-12-11T16:20:12","date_gmt":"2025-12-11T15:20:12","guid":{"rendered":"https:\/\/apps.avecnous.eu\/?post_type=product&#038;p=4757315"},"modified":"2026-01-21T11:13:42","modified_gmt":"2026-01-21T10:13:42","slug":"personalizer","status":"publish","type":"product","link":"https:\/\/apps.avecnous.eu\/en\/boutique\/nos-extensions-wordpress\/personalizer\/","title":{"rendered":"PersonaLizer 1.3.1"},"content":{"rendered":"<p>Enhance the user experience by adding a UR selector (= \u2018You are\u2019 experience) to your website's user interface!<\/p>\n<p>This plugin allows you to offer specific content to your users based on their profile.<br \/>\nThe plugin provides a set of tools that allows visitors to select a profile and view filtered content during their visit.<\/p>\n<p>You can add as many profiles as you wish, differentiate them with a colour scheme, assign posts to them, and display a customisable selector on your website.<\/p>\n<p>&nbsp;<\/p>\n<div class=\"bloc-link-article\">\n<h2>Would you like more information?<\/h2>\n<div class=\"btn-cta-violet maillage-int wp-block-button\"><a title=\"Consulter notre article complet sur l'extension\" href=\"https:\/\/apps.avecnous.eu\/en\/blog\/mise-en-page\/decouvrez-personalizer-un-seul-site-plusieurs-experiences\/\" target=\"_BLANK\">Discover now our full article on the plugin<\/a><\/div>\n<\/div>\n<p>&nbsp;<\/p>","protected":false},"excerpt":{"rendered":"<p>Am\u00e9liorez l&rsquo;exp\u00e9rience utilisateur en ajoutant un s\u00e9lecteur UR (=\u00a0\u00bbYou are\u00a0\u00bb exp\u00e9rience) dans l&rsquo;interface utilisateur de votre site ! Cette extension permet de proposer du contenu sp\u00e9cifique \u00e0 vos internautes en fonction de leur profil. L&rsquo;extension fournit un ensemble d&rsquo;outils qui permet aux visiteurs de s\u00e9lectionner un profil et d&rsquo;afficher un contenu filtr\u00e9 pendant leur visite. [&hellip;]<\/p>\n","protected":false},"featured_media":4757316,"comment_status":"closed","ping_status":"closed","template":"","meta":{"_eb_attr":""},"product_brand":[138],"product_cat":[168,43],"product_tag":[90],"class_list":{"0":"post-4757315","1":"product","2":"type-product","3":"status-publish","4":"has-post-thumbnail","6":"product_brand-wordpress","7":"product_cat-mise-en-page","8":"product_cat-nos-extensions-wordpress","9":"product_tag-gratuit","11":"first","12":"instock","13":"taxable","14":"shipping-taxable","15":"purchasable","16":"product-type-simple","17":"nyp-product"},"yoast_head":"<!-- This site is optimized with the Yoast SEO plugin v27.5 - https:\/\/yoast.com\/product\/yoast-seo-wordpress\/ -->\n<title>PersonaLizer | Apps NOUS<\/title>\n<meta name=\"robots\" content=\"index, follow, max-snippet:-1, max-image-preview:large, max-video-preview:-1\" \/>\n<link rel=\"canonical\" href=\"https:\/\/apps.avecnous.eu\/en\/boutique\/nos-extensions-wordpress\/personalizer\/\" \/>\n<meta property=\"og:locale\" content=\"en_GB\" \/>\n<meta property=\"og:type\" content=\"article\" \/>\n<meta property=\"og:title\" content=\"PersonaLizer | Apps NOUS\" \/>\n<meta property=\"og:description\" content=\"Am\u00e9liorez l&rsquo;exp\u00e9rience utilisateur en ajoutant un s\u00e9lecteur UR (=\u00a0\u00bbYou are\u00a0\u00bb exp\u00e9rience) dans l&rsquo;interface utilisateur de votre site ! Cette extension permet de proposer du contenu sp\u00e9cifique \u00e0 vos internautes en fonction de leur profil. L&rsquo;extension fournit un ensemble d&rsquo;outils qui permet aux visiteurs de s\u00e9lectionner un profil et d&rsquo;afficher un contenu filtr\u00e9 pendant leur visite. [&hellip;]\" \/>\n<meta property=\"og:url\" content=\"https:\/\/apps.avecnous.eu\/en\/boutique\/nos-extensions-wordpress\/personalizer\/\" \/>\n<meta property=\"og:site_name\" content=\"Apps\" \/>\n<meta property=\"article:modified_time\" content=\"2026-01-21T10:13:42+00:00\" \/>\n<meta property=\"og:image\" content=\"https:\/\/apps.avecnous.eu\/wp-content\/uploads\/sites\/28\/2025\/12\/img_produit_personalizer.png\" \/>\n\t<meta property=\"og:image:width\" content=\"488\" \/>\n\t<meta property=\"og:image:height\" content=\"488\" \/>\n\t<meta property=\"og:image:type\" content=\"image\/png\" \/>\n<meta name=\"twitter:card\" content=\"summary_large_image\" \/>\n<meta name=\"twitter:label1\" content=\"Estimated reading time\" \/>\n\t<meta name=\"twitter:data1\" content=\"1 minute\" \/>\n<script type=\"application\/ld+json\" class=\"yoast-schema-graph\">{\"@context\":\"https:\\\/\\\/schema.org\",\"@graph\":[{\"@type\":\"WebPage\",\"@id\":\"https:\\\/\\\/apps.avecnous.eu\\\/boutique\\\/nos-extensions-wordpress\\\/personalizer\\\/\",\"url\":\"https:\\\/\\\/apps.avecnous.eu\\\/boutique\\\/nos-extensions-wordpress\\\/personalizer\\\/\",\"name\":\"PersonaLizer | Apps NOUS\",\"isPartOf\":{\"@id\":\"https:\\\/\\\/apps.avecnous.eu\\\/#website\"},\"primaryImageOfPage\":{\"@id\":\"https:\\\/\\\/apps.avecnous.eu\\\/boutique\\\/nos-extensions-wordpress\\\/personalizer\\\/#primaryimage\"},\"image\":{\"@id\":\"https:\\\/\\\/apps.avecnous.eu\\\/boutique\\\/nos-extensions-wordpress\\\/personalizer\\\/#primaryimage\"},\"thumbnailUrl\":\"https:\\\/\\\/apps.avecnous.eu\\\/wp-content\\\/uploads\\\/sites\\\/28\\\/2025\\\/12\\\/img_produit_personalizer.png\",\"datePublished\":\"2025-12-11T15:20:12+00:00\",\"dateModified\":\"2026-01-21T10:13:42+00:00\",\"breadcrumb\":{\"@id\":\"https:\\\/\\\/apps.avecnous.eu\\\/boutique\\\/nos-extensions-wordpress\\\/personalizer\\\/#breadcrumb\"},\"inLanguage\":\"en-GB\",\"potentialAction\":[{\"@type\":\"ReadAction\",\"target\":[\"https:\\\/\\\/apps.avecnous.eu\\\/boutique\\\/nos-extensions-wordpress\\\/personalizer\\\/\"]}]},{\"@type\":\"ImageObject\",\"inLanguage\":\"en-GB\",\"@id\":\"https:\\\/\\\/apps.avecnous.eu\\\/boutique\\\/nos-extensions-wordpress\\\/personalizer\\\/#primaryimage\",\"url\":\"https:\\\/\\\/apps.avecnous.eu\\\/wp-content\\\/uploads\\\/sites\\\/28\\\/2025\\\/12\\\/img_produit_personalizer.png\",\"contentUrl\":\"https:\\\/\\\/apps.avecnous.eu\\\/wp-content\\\/uploads\\\/sites\\\/28\\\/2025\\\/12\\\/img_produit_personalizer.png\",\"width\":488,\"height\":488,\"caption\":\"Image produit PersonaLizer\"},{\"@type\":\"BreadcrumbList\",\"@id\":\"https:\\\/\\\/apps.avecnous.eu\\\/boutique\\\/nos-extensions-wordpress\\\/personalizer\\\/#breadcrumb\",\"itemListElement\":[{\"@type\":\"ListItem\",\"position\":1,\"name\":\"Home\",\"item\":\"https:\\\/\\\/apps.avecnous.eu\\\/\"},{\"@type\":\"ListItem\",\"position\":2,\"name\":\"Toutes nos extensions WordPress et WooCommerce\",\"item\":\"https:\\\/\\\/apps.avecnous.eu\\\/boutique\\\/\"},{\"@type\":\"ListItem\",\"position\":3,\"name\":\"Mise en page\",\"item\":\"https:\\\/\\\/apps.avecnous.eu\\\/categorie-produit\\\/mise-en-page\\\/\"},{\"@type\":\"ListItem\",\"position\":4,\"name\":\"PersonaLizer\"}]},{\"@type\":\"WebSite\",\"@id\":\"https:\\\/\\\/apps.avecnous.eu\\\/#website\",\"url\":\"https:\\\/\\\/apps.avecnous.eu\\\/\",\"name\":\"Apps by N.O.U.S.\",\"description\":\"Nous Ouvert, Utile &amp; Simple, d\u00e9veloppe des extensions gratuites et premium pour WordPress et Woocommerce avec un engagement de livrer un code de qualit\u00e9 et respectueux de l&#039;environnement.\",\"publisher\":{\"@id\":\"https:\\\/\\\/apps.avecnous.eu\\\/#organization\"},\"alternateName\":\"Apps NOUS\",\"potentialAction\":[{\"@type\":\"SearchAction\",\"target\":{\"@type\":\"EntryPoint\",\"urlTemplate\":\"https:\\\/\\\/apps.avecnous.eu\\\/?s={search_term_string}\"},\"query-input\":{\"@type\":\"PropertyValueSpecification\",\"valueRequired\":true,\"valueName\":\"search_term_string\"}}],\"inLanguage\":\"en-GB\"},{\"@type\":\"Organization\",\"@id\":\"https:\\\/\\\/apps.avecnous.eu\\\/#organization\",\"name\":\"Apps by N.O.U.S.\",\"url\":\"https:\\\/\\\/apps.avecnous.eu\\\/\",\"logo\":{\"@type\":\"ImageObject\",\"inLanguage\":\"en-GB\",\"@id\":\"https:\\\/\\\/apps.avecnous.eu\\\/#\\\/schema\\\/logo\\\/image\\\/\",\"url\":\"https:\\\/\\\/apps.avecnous.eu\\\/wp-content\\\/uploads\\\/sites\\\/28\\\/2025\\\/07\\\/Logo_APPS_by_NOUS_2025.png\",\"contentUrl\":\"https:\\\/\\\/apps.avecnous.eu\\\/wp-content\\\/uploads\\\/sites\\\/28\\\/2025\\\/07\\\/Logo_APPS_by_NOUS_2025.png\",\"width\":500,\"height\":112,\"caption\":\"Apps by N.O.U.S.\"},\"image\":{\"@id\":\"https:\\\/\\\/apps.avecnous.eu\\\/#\\\/schema\\\/logo\\\/image\\\/\"}}]}<\/script>\n<!-- \/ Yoast SEO plugin. -->","yoast_head_json":{"title":"PersonaLizer | Apps NOUS","robots":{"index":"index","follow":"follow","max-snippet":"max-snippet:-1","max-image-preview":"max-image-preview:large","max-video-preview":"max-video-preview:-1"},"canonical":"https:\/\/apps.avecnous.eu\/en\/boutique\/nos-extensions-wordpress\/personalizer\/","og_locale":"en_GB","og_type":"article","og_title":"PersonaLizer | Apps NOUS","og_description":"Am\u00e9liorez l&rsquo;exp\u00e9rience utilisateur en ajoutant un s\u00e9lecteur UR (=\u00a0\u00bbYou are\u00a0\u00bb exp\u00e9rience) dans l&rsquo;interface utilisateur de votre site ! Cette extension permet de proposer du contenu sp\u00e9cifique \u00e0 vos internautes en fonction de leur profil. L&rsquo;extension fournit un ensemble d&rsquo;outils qui permet aux visiteurs de s\u00e9lectionner un profil et d&rsquo;afficher un contenu filtr\u00e9 pendant leur visite. [&hellip;]","og_url":"https:\/\/apps.avecnous.eu\/en\/boutique\/nos-extensions-wordpress\/personalizer\/","og_site_name":"Apps","article_modified_time":"2026-01-21T10:13:42+00:00","og_image":[{"width":488,"height":488,"url":"https:\/\/apps.avecnous.eu\/wp-content\/uploads\/sites\/28\/2025\/12\/img_produit_personalizer.png","type":"image\/png"}],"twitter_card":"summary_large_image","twitter_misc":{"Estimated reading time":"1 minute"},"schema":{"@context":"https:\/\/schema.org","@graph":[{"@type":"WebPage","@id":"https:\/\/apps.avecnous.eu\/boutique\/nos-extensions-wordpress\/personalizer\/","url":"https:\/\/apps.avecnous.eu\/boutique\/nos-extensions-wordpress\/personalizer\/","name":"PersonaLizer | Apps NOUS","isPartOf":{"@id":"https:\/\/apps.avecnous.eu\/#website"},"primaryImageOfPage":{"@id":"https:\/\/apps.avecnous.eu\/boutique\/nos-extensions-wordpress\/personalizer\/#primaryimage"},"image":{"@id":"https:\/\/apps.avecnous.eu\/boutique\/nos-extensions-wordpress\/personalizer\/#primaryimage"},"thumbnailUrl":"https:\/\/apps.avecnous.eu\/wp-content\/uploads\/sites\/28\/2025\/12\/img_produit_personalizer.png","datePublished":"2025-12-11T15:20:12+00:00","dateModified":"2026-01-21T10:13:42+00:00","breadcrumb":{"@id":"https:\/\/apps.avecnous.eu\/boutique\/nos-extensions-wordpress\/personalizer\/#breadcrumb"},"inLanguage":"en-GB","potentialAction":[{"@type":"ReadAction","target":["https:\/\/apps.avecnous.eu\/boutique\/nos-extensions-wordpress\/personalizer\/"]}]},{"@type":"ImageObject","inLanguage":"en-GB","@id":"https:\/\/apps.avecnous.eu\/boutique\/nos-extensions-wordpress\/personalizer\/#primaryimage","url":"https:\/\/apps.avecnous.eu\/wp-content\/uploads\/sites\/28\/2025\/12\/img_produit_personalizer.png","contentUrl":"https:\/\/apps.avecnous.eu\/wp-content\/uploads\/sites\/28\/2025\/12\/img_produit_personalizer.png","width":488,"height":488,"caption":"Image produit PersonaLizer"},{"@type":"BreadcrumbList","@id":"https:\/\/apps.avecnous.eu\/boutique\/nos-extensions-wordpress\/personalizer\/#breadcrumb","itemListElement":[{"@type":"ListItem","position":1,"name":"Home","item":"https:\/\/apps.avecnous.eu\/"},{"@type":"ListItem","position":2,"name":"Toutes nos extensions WordPress et WooCommerce","item":"https:\/\/apps.avecnous.eu\/boutique\/"},{"@type":"ListItem","position":3,"name":"Mise en page","item":"https:\/\/apps.avecnous.eu\/categorie-produit\/mise-en-page\/"},{"@type":"ListItem","position":4,"name":"PersonaLizer"}]},{"@type":"WebSite","@id":"https:\/\/apps.avecnous.eu\/#website","url":"https:\/\/apps.avecnous.eu\/","name":"Apps by N.O.U.S.","description":"NOUS - Open, Useful &amp; Simple develop free and premium plugins for WordPress and Woocommerce with a commitment to delivering high-quality, environmentally friendly code.","publisher":{"@id":"https:\/\/apps.avecnous.eu\/#organization"},"alternateName":"Apps NOUS","potentialAction":[{"@type":"SearchAction","target":{"@type":"EntryPoint","urlTemplate":"https:\/\/apps.avecnous.eu\/?s={search_term_string}"},"query-input":{"@type":"PropertyValueSpecification","valueRequired":true,"valueName":"search_term_string"}}],"inLanguage":"en-GB"},{"@type":"Organization","@id":"https:\/\/apps.avecnous.eu\/#organization","name":"Apps by N.O.U.S.","url":"https:\/\/apps.avecnous.eu\/","logo":{"@type":"ImageObject","inLanguage":"en-GB","@id":"https:\/\/apps.avecnous.eu\/#\/schema\/logo\/image\/","url":"https:\/\/apps.avecnous.eu\/wp-content\/uploads\/sites\/28\/2025\/07\/Logo_APPS_by_NOUS_2025.png","contentUrl":"https:\/\/apps.avecnous.eu\/wp-content\/uploads\/sites\/28\/2025\/07\/Logo_APPS_by_NOUS_2025.png","width":500,"height":112,"caption":"Apps by N.O.U.S."},"image":{"@id":"https:\/\/apps.avecnous.eu\/#\/schema\/logo\/image\/"}}]}},"_links":{"self":[{"href":"https:\/\/apps.avecnous.eu\/en\/wp-json\/wp\/v2\/product\/4757315","targetHints":{"allow":["GET"]}}],"collection":[{"href":"https:\/\/apps.avecnous.eu\/en\/wp-json\/wp\/v2\/product"}],"about":[{"href":"https:\/\/apps.avecnous.eu\/en\/wp-json\/wp\/v2\/types\/product"}],"replies":[{"embeddable":true,"href":"https:\/\/apps.avecnous.eu\/en\/wp-json\/wp\/v2\/comments?post=4757315"}],"wp:featuredmedia":[{"embeddable":true,"href":"https:\/\/apps.avecnous.eu\/en\/wp-json\/wp\/v2\/media\/4757316"}],"wp:attachment":[{"href":"https:\/\/apps.avecnous.eu\/en\/wp-json\/wp\/v2\/media?parent=4757315"}],"wp:term":[{"taxonomy":"product_brand","embeddable":true,"href":"https:\/\/apps.avecnous.eu\/en\/wp-json\/wp\/v2\/product_brand?post=4757315"},{"taxonomy":"product_cat","embeddable":true,"href":"https:\/\/apps.avecnous.eu\/en\/wp-json\/wp\/v2\/product_cat?post=4757315"},{"taxonomy":"product_tag","embeddable":true,"href":"https:\/\/apps.avecnous.eu\/en\/wp-json\/wp\/v2\/product_tag?post=4757315"}],"curies":[{"name":"wp","href":"https:\/\/api.w.org\/{rel}","templated":true}]}}