{"id":4757317,"date":"2025-12-11T16:30:08","date_gmt":"2025-12-11T15:30:08","guid":{"rendered":"https:\/\/apps.avecnous.eu\/?post_type=product&#038;p=4757317"},"modified":"2026-01-22T12:12:37","modified_gmt":"2026-01-22T11:12:37","slug":"personalizer-module-pro","status":"publish","type":"product","link":"https:\/\/apps.avecnous.eu\/en\/boutique\/nos-extensions-wordpress\/personalizer-module-pro\/","title":{"rendered":"PersonaLizer module pro 1.1.0"},"content":{"rendered":"<p>Thanks to the plugin <a href=\"https:\/\/apps.avecnous.eu\/en\/boutique\/nos-extensions-wordpress\/personalizer\/\">PersonaLizer<\/a>, you can:<\/p>\n<h2>Filter content<\/h2>\n<p>Archive pages and query loops take into account the selected persona to display only relevant content.<\/p>\n<h2>Contextual content<\/h2>\n<p>Define for each page element block (group, paragraph, title, query loop, etc.) whether you want to make it visible for one or more specific personas.<\/p>\n<p>This allows you to contextualise the content of your pages, articles or other items in great detail: adapt the tone or content.<\/p>\n<h2>Sub-personas<\/h2>\n<p>Do you have very specific audiences? You can create sub-personas for even greater granularity!<\/p>\n<h2>No code !<\/h2>\n<p>Pro mode also offers numerous layout options for the \u2018Persona Selector\u2019 block provided by the free extension, directly from the editor, without having to write a single line of code.<\/p>\n<p>&nbsp;<\/p>\n<div class=\"bloc-link-article\">\n<h2>Would you like more information?<\/h2>\n<div class=\"btn-cta-violet maillage-int wp-block-button\"><a title=\"Consulter notre article complet sur l'extension\" href=\"https:\/\/apps.avecnous.eu\/en\/blog\/mise-en-page\/decouvrez-personalizer-un-seul-site-plusieurs-experiences\/\" target=\"_BLANK\">Discover now our full article on the plugin<\/a><\/div>\n<\/div>\n<p>&nbsp;<\/p>","protected":false},"excerpt":{"rendered":"<p>Gr\u00e2ce \u00e0 l&rsquo;extension PersonaLizer, vous pouvez : filtrer TOUT type de contenu et d&rsquo;\u00e9l\u00e9ments de contenu de votre site (pages, articles, blocs de textes, boucles de requ\u00eates&#8230;) en tenant compte du Persona s\u00e9lectionn\u00e9 pour n\u2019afficher que le contenu pertinent. Vous pouvez ainsi contextualiser le contenu sans aucun code \u00e0  manipuler [\u2026] <\/p>\n","protected":false},"featured_media":4757318,"comment_status":"closed","ping_status":"closed","template":"","meta":{"_eb_attr":""},"product_brand":[138],"product_cat":[168,43],"product_tag":[99],"class_list":{"0":"post-4757317","1":"product","2":"type-product","3":"status-publish","4":"has-post-thumbnail","6":"product_brand-wordpress","7":"product_cat-mise-en-page","8":"product_cat-nos-extensions-wordpress","9":"product_tag-premium","11":"first","12":"instock","13":"taxable","14":"shipping-taxable","15":"purchasable","16":"product-type-simple"},"yoast_head":"<!-- This site is optimized with the Yoast SEO plugin v27.4 - https:\/\/yoast.com\/product\/yoast-seo-wordpress\/ -->\n<title>PersonaLizer module pro | Apps NOUS<\/title>\n<meta name=\"robots\" content=\"index, follow, max-snippet:-1, max-image-preview:large, max-video-preview:-1\" \/>\n<link rel=\"canonical\" href=\"https:\/\/apps.avecnous.eu\/en\/boutique\/nos-extensions-wordpress\/personalizer-module-pro\/\" \/>\n<meta property=\"og:locale\" content=\"en_GB\" \/>\n<meta property=\"og:type\" content=\"article\" \/>\n<meta property=\"og:title\" content=\"PersonaLizer module pro | Apps NOUS\" \/>\n<meta property=\"og:description\" content=\"Gr\u00e2ce \u00e0 l&#039;extension PersonaLizer, vous pouvez : filtrer TOUT type de contenu et d&#039;\u00e9l\u00e9ments de contenu de votre site (pages, articles, blocs de textes, boucles de requ\u00eates...) en tenant compte du Persona s\u00e9lectionn\u00e9 pour n\u2019afficher que le contenu pertinent. Vous pouvez ainsi contextualiser le contenu sans aucun code \u00e0 manipuler [\u2026]\" \/>\n<meta property=\"og:url\" content=\"https:\/\/apps.avecnous.eu\/en\/boutique\/nos-extensions-wordpress\/personalizer-module-pro\/\" \/>\n<meta property=\"og:site_name\" content=\"Apps\" \/>\n<meta property=\"article:modified_time\" content=\"2026-01-22T11:12:37+00:00\" \/>\n<meta property=\"og:image\" content=\"https:\/\/apps.avecnous.eu\/wp-content\/uploads\/sites\/28\/2025\/12\/img_produit_personalizer_pro.png\" \/>\n\t<meta property=\"og:image:width\" content=\"488\" \/>\n\t<meta property=\"og:image:height\" content=\"488\" \/>\n\t<meta property=\"og:image:type\" content=\"image\/png\" \/>\n<meta name=\"twitter:card\" content=\"summary_large_image\" \/>\n<meta name=\"twitter:label1\" content=\"Estimated reading time\" \/>\n\t<meta name=\"twitter:data1\" content=\"1 minute\" \/>\n<script type=\"application\/ld+json\" class=\"yoast-schema-graph\">{\"@context\":\"https:\\\/\\\/schema.org\",\"@graph\":[{\"@type\":\"WebPage\",\"@id\":\"https:\\\/\\\/apps.avecnous.eu\\\/boutique\\\/nos-extensions-wordpress\\\/personalizer-module-pro\\\/\",\"url\":\"https:\\\/\\\/apps.avecnous.eu\\\/boutique\\\/nos-extensions-wordpress\\\/personalizer-module-pro\\\/\",\"name\":\"PersonaLizer module pro | Apps NOUS\",\"isPartOf\":{\"@id\":\"https:\\\/\\\/apps.avecnous.eu\\\/#website\"},\"primaryImageOfPage\":{\"@id\":\"https:\\\/\\\/apps.avecnous.eu\\\/boutique\\\/nos-extensions-wordpress\\\/personalizer-module-pro\\\/#primaryimage\"},\"image\":{\"@id\":\"https:\\\/\\\/apps.avecnous.eu\\\/boutique\\\/nos-extensions-wordpress\\\/personalizer-module-pro\\\/#primaryimage\"},\"thumbnailUrl\":\"https:\\\/\\\/apps.avecnous.eu\\\/wp-content\\\/uploads\\\/sites\\\/28\\\/2025\\\/12\\\/img_produit_personalizer_pro.png\",\"datePublished\":\"2025-12-11T15:30:08+00:00\",\"dateModified\":\"2026-01-22T11:12:37+00:00\",\"breadcrumb\":{\"@id\":\"https:\\\/\\\/apps.avecnous.eu\\\/boutique\\\/nos-extensions-wordpress\\\/personalizer-module-pro\\\/#breadcrumb\"},\"inLanguage\":\"en-GB\",\"potentialAction\":[{\"@type\":\"ReadAction\",\"target\":[\"https:\\\/\\\/apps.avecnous.eu\\\/boutique\\\/nos-extensions-wordpress\\\/personalizer-module-pro\\\/\"]}]},{\"@type\":\"ImageObject\",\"inLanguage\":\"en-GB\",\"@id\":\"https:\\\/\\\/apps.avecnous.eu\\\/boutique\\\/nos-extensions-wordpress\\\/personalizer-module-pro\\\/#primaryimage\",\"url\":\"https:\\\/\\\/apps.avecnous.eu\\\/wp-content\\\/uploads\\\/sites\\\/28\\\/2025\\\/12\\\/img_produit_personalizer_pro.png\",\"contentUrl\":\"https:\\\/\\\/apps.avecnous.eu\\\/wp-content\\\/uploads\\\/sites\\\/28\\\/2025\\\/12\\\/img_produit_personalizer_pro.png\",\"width\":488,\"height\":488,\"caption\":\"Image produit PersonaLizer PRO\"},{\"@type\":\"BreadcrumbList\",\"@id\":\"https:\\\/\\\/apps.avecnous.eu\\\/boutique\\\/nos-extensions-wordpress\\\/personalizer-module-pro\\\/#breadcrumb\",\"itemListElement\":[{\"@type\":\"ListItem\",\"position\":1,\"name\":\"Home\",\"item\":\"https:\\\/\\\/apps.avecnous.eu\\\/\"},{\"@type\":\"ListItem\",\"position\":2,\"name\":\"Toutes nos extensions WordPress et WooCommerce\",\"item\":\"https:\\\/\\\/apps.avecnous.eu\\\/boutique\\\/\"},{\"@type\":\"ListItem\",\"position\":3,\"name\":\"Mise en page\",\"item\":\"https:\\\/\\\/apps.avecnous.eu\\\/categorie-produit\\\/mise-en-page\\\/\"},{\"@type\":\"ListItem\",\"position\":4,\"name\":\"PersonaLizer module pro\"}]},{\"@type\":\"WebSite\",\"@id\":\"https:\\\/\\\/apps.avecnous.eu\\\/#website\",\"url\":\"https:\\\/\\\/apps.avecnous.eu\\\/\",\"name\":\"Apps by N.O.U.S.\",\"description\":\"Nous Ouvert, Utile &amp; Simple, d\u00e9veloppe des extensions gratuites et premium pour WordPress et Woocommerce avec un engagement de livrer un code de qualit\u00e9 et respectueux de l&#039;environnement.\",\"publisher\":{\"@id\":\"https:\\\/\\\/apps.avecnous.eu\\\/#organization\"},\"alternateName\":\"Apps NOUS\",\"potentialAction\":[{\"@type\":\"SearchAction\",\"target\":{\"@type\":\"EntryPoint\",\"urlTemplate\":\"https:\\\/\\\/apps.avecnous.eu\\\/?s={search_term_string}\"},\"query-input\":{\"@type\":\"PropertyValueSpecification\",\"valueRequired\":true,\"valueName\":\"search_term_string\"}}],\"inLanguage\":\"en-GB\"},{\"@type\":\"Organization\",\"@id\":\"https:\\\/\\\/apps.avecnous.eu\\\/#organization\",\"name\":\"Apps by N.O.U.S.\",\"url\":\"https:\\\/\\\/apps.avecnous.eu\\\/\",\"logo\":{\"@type\":\"ImageObject\",\"inLanguage\":\"en-GB\",\"@id\":\"https:\\\/\\\/apps.avecnous.eu\\\/#\\\/schema\\\/logo\\\/image\\\/\",\"url\":\"https:\\\/\\\/apps.avecnous.eu\\\/wp-content\\\/uploads\\\/sites\\\/28\\\/2025\\\/07\\\/Logo_APPS_by_NOUS_2025.png\",\"contentUrl\":\"https:\\\/\\\/apps.avecnous.eu\\\/wp-content\\\/uploads\\\/sites\\\/28\\\/2025\\\/07\\\/Logo_APPS_by_NOUS_2025.png\",\"width\":500,\"height\":112,\"caption\":\"Apps by N.O.U.S.\"},\"image\":{\"@id\":\"https:\\\/\\\/apps.avecnous.eu\\\/#\\\/schema\\\/logo\\\/image\\\/\"}}]}<\/script>\n<!-- \/ Yoast SEO plugin. -->","yoast_head_json":{"title":"PersonaLizer module pro | Apps NOUS","robots":{"index":"index","follow":"follow","max-snippet":"max-snippet:-1","max-image-preview":"max-image-preview:large","max-video-preview":"max-video-preview:-1"},"canonical":"https:\/\/apps.avecnous.eu\/en\/boutique\/nos-extensions-wordpress\/personalizer-module-pro\/","og_locale":"en_GB","og_type":"article","og_title":"PersonaLizer module pro | Apps NOUS","og_description":"Gr\u00e2ce \u00e0 l'extension PersonaLizer, vous pouvez : filtrer TOUT type de contenu et d'\u00e9l\u00e9ments de contenu de votre site (pages, articles, blocs de textes, boucles de requ\u00eates...) en tenant compte du Persona s\u00e9lectionn\u00e9 pour n\u2019afficher que le contenu pertinent. Vous pouvez ainsi contextualiser le contenu sans aucun code \u00e0 manipuler [\u2026]","og_url":"https:\/\/apps.avecnous.eu\/en\/boutique\/nos-extensions-wordpress\/personalizer-module-pro\/","og_site_name":"Apps","article_modified_time":"2026-01-22T11:12:37+00:00","og_image":[{"width":488,"height":488,"url":"https:\/\/apps.avecnous.eu\/wp-content\/uploads\/sites\/28\/2025\/12\/img_produit_personalizer_pro.png","type":"image\/png"}],"twitter_card":"summary_large_image","twitter_misc":{"Estimated reading time":"1 minute"},"schema":{"@context":"https:\/\/schema.org","@graph":[{"@type":"WebPage","@id":"https:\/\/apps.avecnous.eu\/boutique\/nos-extensions-wordpress\/personalizer-module-pro\/","url":"https:\/\/apps.avecnous.eu\/boutique\/nos-extensions-wordpress\/personalizer-module-pro\/","name":"PersonaLizer module pro | Apps NOUS","isPartOf":{"@id":"https:\/\/apps.avecnous.eu\/#website"},"primaryImageOfPage":{"@id":"https:\/\/apps.avecnous.eu\/boutique\/nos-extensions-wordpress\/personalizer-module-pro\/#primaryimage"},"image":{"@id":"https:\/\/apps.avecnous.eu\/boutique\/nos-extensions-wordpress\/personalizer-module-pro\/#primaryimage"},"thumbnailUrl":"https:\/\/apps.avecnous.eu\/wp-content\/uploads\/sites\/28\/2025\/12\/img_produit_personalizer_pro.png","datePublished":"2025-12-11T15:30:08+00:00","dateModified":"2026-01-22T11:12:37+00:00","breadcrumb":{"@id":"https:\/\/apps.avecnous.eu\/boutique\/nos-extensions-wordpress\/personalizer-module-pro\/#breadcrumb"},"inLanguage":"en-GB","potentialAction":[{"@type":"ReadAction","target":["https:\/\/apps.avecnous.eu\/boutique\/nos-extensions-wordpress\/personalizer-module-pro\/"]}]},{"@type":"ImageObject","inLanguage":"en-GB","@id":"https:\/\/apps.avecnous.eu\/boutique\/nos-extensions-wordpress\/personalizer-module-pro\/#primaryimage","url":"https:\/\/apps.avecnous.eu\/wp-content\/uploads\/sites\/28\/2025\/12\/img_produit_personalizer_pro.png","contentUrl":"https:\/\/apps.avecnous.eu\/wp-content\/uploads\/sites\/28\/2025\/12\/img_produit_personalizer_pro.png","width":488,"height":488,"caption":"Image produit PersonaLizer PRO"},{"@type":"BreadcrumbList","@id":"https:\/\/apps.avecnous.eu\/boutique\/nos-extensions-wordpress\/personalizer-module-pro\/#breadcrumb","itemListElement":[{"@type":"ListItem","position":1,"name":"Home","item":"https:\/\/apps.avecnous.eu\/"},{"@type":"ListItem","position":2,"name":"Toutes nos extensions WordPress et WooCommerce","item":"https:\/\/apps.avecnous.eu\/boutique\/"},{"@type":"ListItem","position":3,"name":"Mise en page","item":"https:\/\/apps.avecnous.eu\/categorie-produit\/mise-en-page\/"},{"@type":"ListItem","position":4,"name":"PersonaLizer module pro"}]},{"@type":"WebSite","@id":"https:\/\/apps.avecnous.eu\/#website","url":"https:\/\/apps.avecnous.eu\/","name":"Apps by N.O.U.S.","description":"NOUS - Open, Useful &amp; Simple develop free and premium plugins for WordPress and Woocommerce with a commitment to delivering high-quality, environmentally friendly code.","publisher":{"@id":"https:\/\/apps.avecnous.eu\/#organization"},"alternateName":"Apps NOUS","potentialAction":[{"@type":"SearchAction","target":{"@type":"EntryPoint","urlTemplate":"https:\/\/apps.avecnous.eu\/?s={search_term_string}"},"query-input":{"@type":"PropertyValueSpecification","valueRequired":true,"valueName":"search_term_string"}}],"inLanguage":"en-GB"},{"@type":"Organization","@id":"https:\/\/apps.avecnous.eu\/#organization","name":"Apps by N.O.U.S.","url":"https:\/\/apps.avecnous.eu\/","logo":{"@type":"ImageObject","inLanguage":"en-GB","@id":"https:\/\/apps.avecnous.eu\/#\/schema\/logo\/image\/","url":"https:\/\/apps.avecnous.eu\/wp-content\/uploads\/sites\/28\/2025\/07\/Logo_APPS_by_NOUS_2025.png","contentUrl":"https:\/\/apps.avecnous.eu\/wp-content\/uploads\/sites\/28\/2025\/07\/Logo_APPS_by_NOUS_2025.png","width":500,"height":112,"caption":"Apps by N.O.U.S."},"image":{"@id":"https:\/\/apps.avecnous.eu\/#\/schema\/logo\/image\/"}}]}},"_links":{"self":[{"href":"https:\/\/apps.avecnous.eu\/en\/wp-json\/wp\/v2\/product\/4757317","targetHints":{"allow":["GET"]}}],"collection":[{"href":"https:\/\/apps.avecnous.eu\/en\/wp-json\/wp\/v2\/product"}],"about":[{"href":"https:\/\/apps.avecnous.eu\/en\/wp-json\/wp\/v2\/types\/product"}],"replies":[{"embeddable":true,"href":"https:\/\/apps.avecnous.eu\/en\/wp-json\/wp\/v2\/comments?post=4757317"}],"wp:featuredmedia":[{"embeddable":true,"href":"https:\/\/apps.avecnous.eu\/en\/wp-json\/wp\/v2\/media\/4757318"}],"wp:attachment":[{"href":"https:\/\/apps.avecnous.eu\/en\/wp-json\/wp\/v2\/media?parent=4757317"}],"wp:term":[{"taxonomy":"product_brand","embeddable":true,"href":"https:\/\/apps.avecnous.eu\/en\/wp-json\/wp\/v2\/product_brand?post=4757317"},{"taxonomy":"product_cat","embeddable":true,"href":"https:\/\/apps.avecnous.eu\/en\/wp-json\/wp\/v2\/product_cat?post=4757317"},{"taxonomy":"product_tag","embeddable":true,"href":"https:\/\/apps.avecnous.eu\/en\/wp-json\/wp\/v2\/product_tag?post=4757317"}],"curies":[{"name":"wp","href":"https:\/\/api.w.org\/{rel}","templated":true}]}}