{"id":4757537,"date":"2026-01-28T12:08:18","date_gmt":"2026-01-28T11:08:18","guid":{"rendered":"https:\/\/apps.avecnous.eu\/?post_type=product&#038;p=4757537"},"modified":"2026-03-06T16:58:08","modified_gmt":"2026-03-06T15:58:08","slug":"faqtastic","status":"publish","type":"product","link":"https:\/\/apps.avecnous.eu\/en\/boutique\/nos-extensions-wordpress\/faqtastic\/","title":{"rendered":"FAQtastic 1.3.0"},"content":{"rendered":"<p>This plugin aims to make accessing your knowledge base as easy as possible.<br \/>\nIt provides a new type of customised FAQ publication and a taxonomy by theme, so that your questions can be well organised.<br \/>\nThe optional chatbot searches your knowledge base and suggests existing questions to visitors based on their own questions. The chatbot understands the meaning of questions using context and keywords, which makes its answers relevant even if the question is not fully formulated.<\/p>\n<h2>The 2 in 1 plugin<\/h2>\n<p>You can enable:<\/p>\n<ul>\n<li>A Frequently Asked Questions page, organised by topic and enriched with context to boost search results.<\/li>\n<li>A chatbot with autocomplete for questions to access answers directly<\/li>\n<\/ul>\n<h2>Four fantastic features :<\/h2>\n<ul>\n<li><strong>Elastic layout:<\/strong> The FAQ template displays frequently asked questions in an accordion layout organised by topic.<\/li>\n<li><strong>Invisible friction:<\/strong> seamlessly integrated into the WordPress ecosystem, colours can be customised to match your theme, and features are lightweight and extensible.<\/li>\n<li><strong>Key strengths:<\/strong> add context to your questions, with each question having its own URL to improve search engine optimisation.<\/li>\n<li><strong>Quick access:<\/strong> the chatbot allows your visitors to access questions from anywhere. Suggestions are based on questions\/contexts so that you can manage synonyms or obtain more accurate answers.<\/li>\n<\/ul>\n<h2>3 blocks for your layouts:<\/h2>\n<ul>\n<li><strong>FAQtastic FAQ<\/strong><\/li>\n<li><strong>FAQtastic Chatbot<\/strong><\/li>\n<li><strong>FAQtastic Context<\/strong><\/li>\n<\/ul>\n<h2>Would you like more features and customisation options?<\/h2>\n<div class=\"btn-cta-noir maillage-int wp-block-button\"><a title=\"Voir l'extension payante\" href=\"\/en\/boutique\/nos-extensions-wordpress\/faqtastic-pro\/\" target=\"_BLANK\">Go to PRO plugin<\/a><\/div>\n<p>&nbsp;<\/p>\n<div class=\"bloc-link-article\">\n<h2>Would you like more information?<\/h2>\n<div class=\"btn-cta-violet maillage-int wp-block-button\"><a title=\"Consulter notre article complet sur l'extension\" href=\"https:\/\/apps.avecnous.eu\/en\/blog\/mise-en-page\/les-4-points-de-faqtastic-la-faq-qui-a-des-super-pouvoirs\/\" target=\"_BLANK\">Discover now our full article on the plugin<\/a><\/div>\n<\/div>\n<p>&nbsp;<\/p>","protected":false},"excerpt":{"rendered":"<p>This plugin aims to make accessing your knowledge base as easy as possible.<br \/>\nIt provides a new type of customised FAQ publication and a taxonomy by theme, so that your questions can be well organised.<br \/>\nThe optional chatbot searches your knowledge base and suggests existing questions to visitors based on their own questions. The chatbot understands the meaning of questions using context and keywords, which makes its answers relevant even if the question is not fully formulated.<br \/>\nExiste en <a href=\"https:\/\/apps.avecnous.eu\/en\/\" target=\"_blank\" rel=\"noopener\">version PRO<\/a> avec des fonctionnalit\u00e9s et personnalisation \u00e9tendues.<\/p>","protected":false},"featured_media":4757572,"comment_status":"closed","ping_status":"closed","template":"","meta":{"_eb_attr":""},"product_brand":[138],"product_cat":[168,170,43],"product_tag":[90],"class_list":{"0":"post-4757537","1":"product","2":"type-product","3":"status-publish","4":"has-post-thumbnail","6":"product_brand-wordpress","7":"product_cat-mise-en-page","8":"product_cat-productivite","9":"product_cat-nos-extensions-wordpress","10":"product_tag-gratuit","12":"first","13":"instock","14":"taxable","15":"shipping-taxable","16":"purchasable","17":"product-type-simple","18":"nyp-product"},"yoast_head":"<!-- This site is optimized with the Yoast SEO plugin v27.3 - https:\/\/yoast.com\/product\/yoast-seo-wordpress\/ -->\n<title>FAQtastic | Apps NOUS<\/title>\n<meta name=\"robots\" content=\"index, follow, max-snippet:-1, max-image-preview:large, max-video-preview:-1\" \/>\n<link rel=\"canonical\" href=\"https:\/\/apps.avecnous.eu\/en\/boutique\/nos-extensions-wordpress\/faqtastic\/\" \/>\n<meta property=\"og:locale\" content=\"en_GB\" \/>\n<meta property=\"og:type\" content=\"article\" \/>\n<meta property=\"og:title\" content=\"FAQtastic | Apps NOUS\" \/>\n<meta property=\"og:description\" content=\"Cette extension vise \u00e0 faciliter au maximum l&#039;acc\u00e8s \u00e0 votre base de connaissances. Il fournit un nouveau type de publication personnalis\u00e9 FAQ am\u00e9lior\u00e9 et une taxonomie par th\u00e9matique, afin que vos questions puissent \u00eatre bien organis\u00e9es. Le chatbot optionnel, recense votre base de connaissance et propose des questions existantes au visiteur selon sa propre question, le chatbot saisi le sens gr\u00e2ce \u00e0 des contextes et mots-cl\u00e9s ce qui le rend pertinent dans ses r\u00e9ponses m\u00eame si la question n&#039;est pas totalement formul\u00e9e. Existe en version PRO avec des fonctionnalit\u00e9s et personnalisation \u00e9tendues.\" \/>\n<meta property=\"og:url\" content=\"https:\/\/apps.avecnous.eu\/en\/boutique\/nos-extensions-wordpress\/faqtastic\/\" \/>\n<meta property=\"og:site_name\" content=\"Apps\" \/>\n<meta property=\"article:modified_time\" content=\"2026-03-06T15:58:08+00:00\" \/>\n<meta property=\"og:image\" content=\"https:\/\/apps.avecnous.eu\/wp-content\/uploads\/sites\/28\/2026\/01\/Visu_FAQtastic_GRATUIT.png\" \/>\n\t<meta property=\"og:image:width\" content=\"698\" \/>\n\t<meta property=\"og:image:height\" content=\"698\" \/>\n\t<meta property=\"og:image:type\" content=\"image\/png\" \/>\n<meta name=\"twitter:card\" content=\"summary_large_image\" \/>\n<meta name=\"twitter:label1\" content=\"Estimated reading time\" \/>\n\t<meta name=\"twitter:data1\" content=\"2 minutes\" \/>\n<script type=\"application\/ld+json\" class=\"yoast-schema-graph\">{\"@context\":\"https:\\\/\\\/schema.org\",\"@graph\":[{\"@type\":\"WebPage\",\"@id\":\"https:\\\/\\\/apps.avecnous.eu\\\/boutique\\\/nos-extensions-wordpress\\\/faqtastic\\\/\",\"url\":\"https:\\\/\\\/apps.avecnous.eu\\\/boutique\\\/nos-extensions-wordpress\\\/faqtastic\\\/\",\"name\":\"FAQtastic | Apps NOUS\",\"isPartOf\":{\"@id\":\"https:\\\/\\\/apps.avecnous.eu\\\/#website\"},\"primaryImageOfPage\":{\"@id\":\"https:\\\/\\\/apps.avecnous.eu\\\/boutique\\\/nos-extensions-wordpress\\\/faqtastic\\\/#primaryimage\"},\"image\":{\"@id\":\"https:\\\/\\\/apps.avecnous.eu\\\/boutique\\\/nos-extensions-wordpress\\\/faqtastic\\\/#primaryimage\"},\"thumbnailUrl\":\"https:\\\/\\\/apps.avecnous.eu\\\/wp-content\\\/uploads\\\/sites\\\/28\\\/2026\\\/01\\\/Visu_FAQtastic_GRATUIT.png\",\"datePublished\":\"2026-01-28T11:08:18+00:00\",\"dateModified\":\"2026-03-06T15:58:08+00:00\",\"breadcrumb\":{\"@id\":\"https:\\\/\\\/apps.avecnous.eu\\\/boutique\\\/nos-extensions-wordpress\\\/faqtastic\\\/#breadcrumb\"},\"inLanguage\":\"en-GB\",\"potentialAction\":[{\"@type\":\"ReadAction\",\"target\":[\"https:\\\/\\\/apps.avecnous.eu\\\/boutique\\\/nos-extensions-wordpress\\\/faqtastic\\\/\"]}]},{\"@type\":\"ImageObject\",\"inLanguage\":\"en-GB\",\"@id\":\"https:\\\/\\\/apps.avecnous.eu\\\/boutique\\\/nos-extensions-wordpress\\\/faqtastic\\\/#primaryimage\",\"url\":\"https:\\\/\\\/apps.avecnous.eu\\\/wp-content\\\/uploads\\\/sites\\\/28\\\/2026\\\/01\\\/Visu_FAQtastic_GRATUIT.png\",\"contentUrl\":\"https:\\\/\\\/apps.avecnous.eu\\\/wp-content\\\/uploads\\\/sites\\\/28\\\/2026\\\/01\\\/Visu_FAQtastic_GRATUIT.png\",\"width\":698,\"height\":698,\"caption\":\"Visuel produit : FAQtastic\"},{\"@type\":\"BreadcrumbList\",\"@id\":\"https:\\\/\\\/apps.avecnous.eu\\\/boutique\\\/nos-extensions-wordpress\\\/faqtastic\\\/#breadcrumb\",\"itemListElement\":[{\"@type\":\"ListItem\",\"position\":1,\"name\":\"Home\",\"item\":\"https:\\\/\\\/apps.avecnous.eu\\\/\"},{\"@type\":\"ListItem\",\"position\":2,\"name\":\"Toutes nos extensions WordPress et WooCommerce\",\"item\":\"https:\\\/\\\/apps.avecnous.eu\\\/boutique\\\/\"},{\"@type\":\"ListItem\",\"position\":3,\"name\":\"Mise en page\",\"item\":\"https:\\\/\\\/apps.avecnous.eu\\\/categorie-produit\\\/mise-en-page\\\/\"},{\"@type\":\"ListItem\",\"position\":4,\"name\":\"FAQtastic\"}]},{\"@type\":\"WebSite\",\"@id\":\"https:\\\/\\\/apps.avecnous.eu\\\/#website\",\"url\":\"https:\\\/\\\/apps.avecnous.eu\\\/\",\"name\":\"Apps by N.O.U.S.\",\"description\":\"Nous Ouvert, Utile &amp; Simple, d\u00e9veloppe des extensions gratuites et premium pour WordPress et Woocommerce avec un engagement de livrer un code de qualit\u00e9 et respectueux de l&#039;environnement.\",\"publisher\":{\"@id\":\"https:\\\/\\\/apps.avecnous.eu\\\/#organization\"},\"alternateName\":\"Apps NOUS\",\"potentialAction\":[{\"@type\":\"SearchAction\",\"target\":{\"@type\":\"EntryPoint\",\"urlTemplate\":\"https:\\\/\\\/apps.avecnous.eu\\\/?s={search_term_string}\"},\"query-input\":{\"@type\":\"PropertyValueSpecification\",\"valueRequired\":true,\"valueName\":\"search_term_string\"}}],\"inLanguage\":\"en-GB\"},{\"@type\":\"Organization\",\"@id\":\"https:\\\/\\\/apps.avecnous.eu\\\/#organization\",\"name\":\"Apps by N.O.U.S.\",\"url\":\"https:\\\/\\\/apps.avecnous.eu\\\/\",\"logo\":{\"@type\":\"ImageObject\",\"inLanguage\":\"en-GB\",\"@id\":\"https:\\\/\\\/apps.avecnous.eu\\\/#\\\/schema\\\/logo\\\/image\\\/\",\"url\":\"https:\\\/\\\/apps.avecnous.eu\\\/wp-content\\\/uploads\\\/sites\\\/28\\\/2025\\\/07\\\/Logo_APPS_by_NOUS_2025.png\",\"contentUrl\":\"https:\\\/\\\/apps.avecnous.eu\\\/wp-content\\\/uploads\\\/sites\\\/28\\\/2025\\\/07\\\/Logo_APPS_by_NOUS_2025.png\",\"width\":500,\"height\":112,\"caption\":\"Apps by N.O.U.S.\"},\"image\":{\"@id\":\"https:\\\/\\\/apps.avecnous.eu\\\/#\\\/schema\\\/logo\\\/image\\\/\"}}]}<\/script>\n<!-- \/ Yoast SEO plugin. -->","yoast_head_json":{"title":"FAQtastic | Apps NOUS","robots":{"index":"index","follow":"follow","max-snippet":"max-snippet:-1","max-image-preview":"max-image-preview:large","max-video-preview":"max-video-preview:-1"},"canonical":"https:\/\/apps.avecnous.eu\/en\/boutique\/nos-extensions-wordpress\/faqtastic\/","og_locale":"en_GB","og_type":"article","og_title":"FAQtastic | Apps NOUS","og_description":"Cette extension vise \u00e0 faciliter au maximum l'acc\u00e8s \u00e0 votre base de connaissances. Il fournit un nouveau type de publication personnalis\u00e9 FAQ am\u00e9lior\u00e9 et une taxonomie par th\u00e9matique, afin que vos questions puissent \u00eatre bien organis\u00e9es. Le chatbot optionnel, recense votre base de connaissance et propose des questions existantes au visiteur selon sa propre question, le chatbot saisi le sens gr\u00e2ce \u00e0 des contextes et mots-cl\u00e9s ce qui le rend pertinent dans ses r\u00e9ponses m\u00eame si la question n'est pas totalement formul\u00e9e. Existe en version PRO avec des fonctionnalit\u00e9s et personnalisation \u00e9tendues.","og_url":"https:\/\/apps.avecnous.eu\/en\/boutique\/nos-extensions-wordpress\/faqtastic\/","og_site_name":"Apps","article_modified_time":"2026-03-06T15:58:08+00:00","og_image":[{"width":698,"height":698,"url":"https:\/\/apps.avecnous.eu\/wp-content\/uploads\/sites\/28\/2026\/01\/Visu_FAQtastic_GRATUIT.png","type":"image\/png"}],"twitter_card":"summary_large_image","twitter_misc":{"Estimated reading time":"2 minutes"},"schema":{"@context":"https:\/\/schema.org","@graph":[{"@type":"WebPage","@id":"https:\/\/apps.avecnous.eu\/boutique\/nos-extensions-wordpress\/faqtastic\/","url":"https:\/\/apps.avecnous.eu\/boutique\/nos-extensions-wordpress\/faqtastic\/","name":"FAQtastic | Apps NOUS","isPartOf":{"@id":"https:\/\/apps.avecnous.eu\/#website"},"primaryImageOfPage":{"@id":"https:\/\/apps.avecnous.eu\/boutique\/nos-extensions-wordpress\/faqtastic\/#primaryimage"},"image":{"@id":"https:\/\/apps.avecnous.eu\/boutique\/nos-extensions-wordpress\/faqtastic\/#primaryimage"},"thumbnailUrl":"https:\/\/apps.avecnous.eu\/wp-content\/uploads\/sites\/28\/2026\/01\/Visu_FAQtastic_GRATUIT.png","datePublished":"2026-01-28T11:08:18+00:00","dateModified":"2026-03-06T15:58:08+00:00","breadcrumb":{"@id":"https:\/\/apps.avecnous.eu\/boutique\/nos-extensions-wordpress\/faqtastic\/#breadcrumb"},"inLanguage":"en-GB","potentialAction":[{"@type":"ReadAction","target":["https:\/\/apps.avecnous.eu\/boutique\/nos-extensions-wordpress\/faqtastic\/"]}]},{"@type":"ImageObject","inLanguage":"en-GB","@id":"https:\/\/apps.avecnous.eu\/boutique\/nos-extensions-wordpress\/faqtastic\/#primaryimage","url":"https:\/\/apps.avecnous.eu\/wp-content\/uploads\/sites\/28\/2026\/01\/Visu_FAQtastic_GRATUIT.png","contentUrl":"https:\/\/apps.avecnous.eu\/wp-content\/uploads\/sites\/28\/2026\/01\/Visu_FAQtastic_GRATUIT.png","width":698,"height":698,"caption":"Visuel produit : FAQtastic"},{"@type":"BreadcrumbList","@id":"https:\/\/apps.avecnous.eu\/boutique\/nos-extensions-wordpress\/faqtastic\/#breadcrumb","itemListElement":[{"@type":"ListItem","position":1,"name":"Home","item":"https:\/\/apps.avecnous.eu\/"},{"@type":"ListItem","position":2,"name":"Toutes nos extensions WordPress et WooCommerce","item":"https:\/\/apps.avecnous.eu\/boutique\/"},{"@type":"ListItem","position":3,"name":"Mise en page","item":"https:\/\/apps.avecnous.eu\/categorie-produit\/mise-en-page\/"},{"@type":"ListItem","position":4,"name":"FAQtastic"}]},{"@type":"WebSite","@id":"https:\/\/apps.avecnous.eu\/#website","url":"https:\/\/apps.avecnous.eu\/","name":"Apps by N.O.U.S.","description":"NOUS - Open, Useful &amp; Simple develop free and premium plugins for WordPress and Woocommerce with a commitment to delivering high-quality, environmentally friendly code.","publisher":{"@id":"https:\/\/apps.avecnous.eu\/#organization"},"alternateName":"Apps NOUS","potentialAction":[{"@type":"SearchAction","target":{"@type":"EntryPoint","urlTemplate":"https:\/\/apps.avecnous.eu\/?s={search_term_string}"},"query-input":{"@type":"PropertyValueSpecification","valueRequired":true,"valueName":"search_term_string"}}],"inLanguage":"en-GB"},{"@type":"Organization","@id":"https:\/\/apps.avecnous.eu\/#organization","name":"Apps by N.O.U.S.","url":"https:\/\/apps.avecnous.eu\/","logo":{"@type":"ImageObject","inLanguage":"en-GB","@id":"https:\/\/apps.avecnous.eu\/#\/schema\/logo\/image\/","url":"https:\/\/apps.avecnous.eu\/wp-content\/uploads\/sites\/28\/2025\/07\/Logo_APPS_by_NOUS_2025.png","contentUrl":"https:\/\/apps.avecnous.eu\/wp-content\/uploads\/sites\/28\/2025\/07\/Logo_APPS_by_NOUS_2025.png","width":500,"height":112,"caption":"Apps by N.O.U.S."},"image":{"@id":"https:\/\/apps.avecnous.eu\/#\/schema\/logo\/image\/"}}]}},"_links":{"self":[{"href":"https:\/\/apps.avecnous.eu\/en\/wp-json\/wp\/v2\/product\/4757537","targetHints":{"allow":["GET"]}}],"collection":[{"href":"https:\/\/apps.avecnous.eu\/en\/wp-json\/wp\/v2\/product"}],"about":[{"href":"https:\/\/apps.avecnous.eu\/en\/wp-json\/wp\/v2\/types\/product"}],"replies":[{"embeddable":true,"href":"https:\/\/apps.avecnous.eu\/en\/wp-json\/wp\/v2\/comments?post=4757537"}],"wp:featuredmedia":[{"embeddable":true,"href":"https:\/\/apps.avecnous.eu\/en\/wp-json\/wp\/v2\/media\/4757572"}],"wp:attachment":[{"href":"https:\/\/apps.avecnous.eu\/en\/wp-json\/wp\/v2\/media?parent=4757537"}],"wp:term":[{"taxonomy":"product_brand","embeddable":true,"href":"https:\/\/apps.avecnous.eu\/en\/wp-json\/wp\/v2\/product_brand?post=4757537"},{"taxonomy":"product_cat","embeddable":true,"href":"https:\/\/apps.avecnous.eu\/en\/wp-json\/wp\/v2\/product_cat?post=4757537"},{"taxonomy":"product_tag","embeddable":true,"href":"https:\/\/apps.avecnous.eu\/en\/wp-json\/wp\/v2\/product_tag?post=4757537"}],"curies":[{"name":"wp","href":"https:\/\/api.w.org\/{rel}","templated":true}]}}