{"id":4757590,"date":"2026-02-09T13:41:54","date_gmt":"2026-02-09T12:41:54","guid":{"rendered":"https:\/\/apps.avecnous.eu\/?post_type=product&#038;p=4757590"},"modified":"2026-03-06T17:02:17","modified_gmt":"2026-03-06T16:02:17","slug":"faqtastic-pro","status":"publish","type":"product","link":"https:\/\/apps.avecnous.eu\/en\/boutique\/nos-extensions-wordpress\/faqtastic-pro\/","title":{"rendered":"FAQtastic Pro 1.1.0"},"content":{"rendered":"<p>The FAQtastic PRO plugin completes and enhances the core of <a href=\"https:\/\/apps.avecnous.eu\/en\/boutique\/nos-extensions-wordpress\/faqtastic\/\" target=\"_blank\" rel=\"noopener\">FAQtastic<\/a>, with the option to add topics in addition to themes, allowing for a more advanced structure of your FAQs, improved search with Elastic Search, and advanced customisation of components for your layouts.<\/p>\n<p>This plugin aims to make accessing your knowledge base as easy as possible.<br \/>\nIt provides a new type of customised FAQ publication with improved functionality and a subject\/theme-based taxonomy, so that your questions can be well organised.<br \/>\nThe optional chatbot searches your knowledge base and suggests existing questions to visitors based on their own questions. The chatbot understands the meaning of questions using context and keywords, which makes its answers relevant even if the question is not fully formulated.<\/p>\n<h2>The 3 in 1 plugin<\/h2>\n<p>You can enable:<\/p>\n<ul>\n<li>One or more Frequently Asked Questions pages, organised by topics and themes automatically linked with clean URLs optimised for SEO.<\/li>\n<li>A ready-to-use chatbot that enables autocomplete and advanced features with ElasticSearch, which boosts site-wide question searches to directly access answers.<\/li>\n<li>Several separate blocks that can be customised for your layouts: display contexts, questions on the same topic, the number of questions per topic, and add FAQ indicators.<\/li>\n<\/ul>\n<h2>Advanced customisation of elements<\/h2>\n<p>You will be able to apply advanced styling:<\/p>\n<ul>\n<li>Text and backgrounds: fonts, sizes, colours, internal and external margins, borders,<\/li>\n<li>Customise titles and texts: welcome messages, FAQs without topics, first messages, etc.<\/li>\n<li>The chatbot icon,<\/li>\n<li>Open\/closed status of the issue.<\/li>\n<\/ul>\n<h2>Four fantastic features :<\/h2>\n<ul>\n<li><strong>Elastic layout:<\/strong> The FAQ template displays frequently asked questions in an accordion layout organised by subject and theme.<\/li>\n<li><strong>Invisible friction:<\/strong> Seamlessly integrated into the WordPress ecosystem, everything is customisable, features are lightweight and extensible.<\/li>\n<li><strong>Key strengths:<\/strong> add context to your questions, with each question having its own URL to improve search engine optimisation,<\/li>\n<li><strong>Quick access:<\/strong> The chatbot allows your visitors to access questions from anywhere, and the question suggestion option for your users will make it easier for you to add to your FAQs.<\/li>\n<\/ul>\n<h2>6 blocks for your layouts:<\/h2>\n<ul>\n<li><strong>FAQtastic FAQ<\/strong><\/li>\n<li><strong>FAQtastic Chatbot<\/strong><\/li>\n<li><strong>FAQtastic Context<\/strong><\/li>\n<li><strong>FAQtastic Count by Topic<\/strong><\/li>\n<li><strong>FAQtastic Siblings<\/strong><\/li>\n<li><strong>FAQtastic Indicator<\/strong><\/li>\n<\/ul>\n<p>&nbsp;<\/p>\n<div class=\"bloc-link-article\">\n<h2>Would you like more information?<\/h2>\n<div class=\"btn-cta-violet maillage-int wp-block-button\"><a title=\"Consulter notre article complet sur l'extension\" href=\"https:\/\/apps.avecnous.eu\/en\/blog\/mise-en-page\/les-4-points-de-faqtastic-la-faq-qui-a-des-super-pouvoirs\/\" target=\"_BLANK\">Discover now our full article on the plugin<\/a><\/div>\n<\/div>\n<p>&nbsp;<\/p>","protected":false},"excerpt":{"rendered":"<p>The FAQtastic PRO plugin completes and enhances the core of <a href=\"https:\/\/apps.avecnous.eu\/en\/\" target=\"_blank\" rel=\"noopener\">FAQtastic<\/a>, avec la possibilit\u00e9 d&rsquo;ajouter des Topics (=sujets) pour une architecture plus pouss\u00e9e de vos FAQs, am\u00e9lioration de la recherche avec Elastic Search et une personnalisation avanc\u00e9e des composants.<br \/>\nFAQtastic est la FAQ qui dialogue avec vos visiteurs. Vous avez acc\u00e8s \u00e0 3 blocs suppl\u00e9mentaires pour compter vos topics, afficher une navigation entre questions li\u00e9e aux topics et th\u00e9matiques, libre composition pour identifier vos FAQs de vos contenus dans les r\u00e9sultats de recherche.<\/p>","protected":false},"featured_media":4757591,"comment_status":"closed","ping_status":"closed","template":"","meta":{"_eb_attr":""},"product_brand":[138],"product_cat":[168,170,43],"product_tag":[99],"class_list":{"0":"post-4757590","1":"product","2":"type-product","3":"status-publish","4":"has-post-thumbnail","6":"product_brand-wordpress","7":"product_cat-mise-en-page","8":"product_cat-productivite","9":"product_cat-nos-extensions-wordpress","10":"product_tag-premium","12":"first","13":"instock","14":"taxable","15":"shipping-taxable","16":"purchasable","17":"product-type-simple"},"yoast_head":"<!-- This site is optimized with the Yoast SEO plugin v27.4 - https:\/\/yoast.com\/product\/yoast-seo-wordpress\/ -->\n<title>FAQtastic Pro | Apps NOUS<\/title>\n<meta name=\"robots\" content=\"index, follow, max-snippet:-1, max-image-preview:large, max-video-preview:-1\" \/>\n<link rel=\"canonical\" href=\"https:\/\/apps.avecnous.eu\/en\/boutique\/nos-extensions-wordpress\/faqtastic-pro\/\" \/>\n<meta property=\"og:locale\" content=\"en_GB\" \/>\n<meta property=\"og:type\" content=\"article\" \/>\n<meta property=\"og:title\" content=\"FAQtastic Pro | Apps NOUS\" \/>\n<meta property=\"og:description\" content=\"L&#039;extension FAQtastic PRO compl\u00e8te et am\u00e9liore le core de FAQtastic, avec la possibilit\u00e9 d&#039;ajouter des Topics (=sujets) pour une architecture plus pouss\u00e9e de vos FAQs, am\u00e9lioration de la recherche avec Elastic Search et une personnalisation avanc\u00e9e des composants. FAQtastic est la FAQ qui dialogue avec vos visiteurs. Vous avez acc\u00e8s \u00e0 3 blocs suppl\u00e9mentaires pour compter vos topics, afficher une navigation entre questions li\u00e9e aux topics et th\u00e9matiques, libre composition pour identifier vos FAQs de vos contenus dans les r\u00e9sultats de recherche.\" \/>\n<meta property=\"og:url\" content=\"https:\/\/apps.avecnous.eu\/en\/boutique\/nos-extensions-wordpress\/faqtastic-pro\/\" \/>\n<meta property=\"og:site_name\" content=\"Apps\" \/>\n<meta property=\"article:modified_time\" content=\"2026-03-06T16:02:17+00:00\" \/>\n<meta property=\"og:image\" content=\"https:\/\/apps.avecnous.eu\/wp-content\/uploads\/sites\/28\/2026\/02\/Visu_FAQtastic_PRO.png\" \/>\n\t<meta property=\"og:image:width\" content=\"698\" \/>\n\t<meta property=\"og:image:height\" content=\"698\" \/>\n\t<meta property=\"og:image:type\" content=\"image\/png\" \/>\n<meta name=\"twitter:card\" content=\"summary_large_image\" \/>\n<meta name=\"twitter:label1\" content=\"Estimated reading time\" \/>\n\t<meta name=\"twitter:data1\" content=\"3 minutes\" \/>\n<script type=\"application\/ld+json\" class=\"yoast-schema-graph\">{\"@context\":\"https:\\\/\\\/schema.org\",\"@graph\":[{\"@type\":\"WebPage\",\"@id\":\"https:\\\/\\\/apps.avecnous.eu\\\/boutique\\\/nos-extensions-wordpress\\\/faqtastic-pro\\\/\",\"url\":\"https:\\\/\\\/apps.avecnous.eu\\\/boutique\\\/nos-extensions-wordpress\\\/faqtastic-pro\\\/\",\"name\":\"FAQtastic Pro | Apps NOUS\",\"isPartOf\":{\"@id\":\"https:\\\/\\\/apps.avecnous.eu\\\/#website\"},\"primaryImageOfPage\":{\"@id\":\"https:\\\/\\\/apps.avecnous.eu\\\/boutique\\\/nos-extensions-wordpress\\\/faqtastic-pro\\\/#primaryimage\"},\"image\":{\"@id\":\"https:\\\/\\\/apps.avecnous.eu\\\/boutique\\\/nos-extensions-wordpress\\\/faqtastic-pro\\\/#primaryimage\"},\"thumbnailUrl\":\"https:\\\/\\\/apps.avecnous.eu\\\/wp-content\\\/uploads\\\/sites\\\/28\\\/2026\\\/02\\\/Visu_FAQtastic_PRO.png\",\"datePublished\":\"2026-02-09T12:41:54+00:00\",\"dateModified\":\"2026-03-06T16:02:17+00:00\",\"breadcrumb\":{\"@id\":\"https:\\\/\\\/apps.avecnous.eu\\\/boutique\\\/nos-extensions-wordpress\\\/faqtastic-pro\\\/#breadcrumb\"},\"inLanguage\":\"en-GB\",\"potentialAction\":[{\"@type\":\"ReadAction\",\"target\":[\"https:\\\/\\\/apps.avecnous.eu\\\/boutique\\\/nos-extensions-wordpress\\\/faqtastic-pro\\\/\"]}]},{\"@type\":\"ImageObject\",\"inLanguage\":\"en-GB\",\"@id\":\"https:\\\/\\\/apps.avecnous.eu\\\/boutique\\\/nos-extensions-wordpress\\\/faqtastic-pro\\\/#primaryimage\",\"url\":\"https:\\\/\\\/apps.avecnous.eu\\\/wp-content\\\/uploads\\\/sites\\\/28\\\/2026\\\/02\\\/Visu_FAQtastic_PRO.png\",\"contentUrl\":\"https:\\\/\\\/apps.avecnous.eu\\\/wp-content\\\/uploads\\\/sites\\\/28\\\/2026\\\/02\\\/Visu_FAQtastic_PRO.png\",\"width\":698,\"height\":698,\"caption\":\"Visuel produit : FAQtastic PRO\"},{\"@type\":\"BreadcrumbList\",\"@id\":\"https:\\\/\\\/apps.avecnous.eu\\\/boutique\\\/nos-extensions-wordpress\\\/faqtastic-pro\\\/#breadcrumb\",\"itemListElement\":[{\"@type\":\"ListItem\",\"position\":1,\"name\":\"Home\",\"item\":\"https:\\\/\\\/apps.avecnous.eu\\\/\"},{\"@type\":\"ListItem\",\"position\":2,\"name\":\"Toutes nos extensions WordPress et WooCommerce\",\"item\":\"https:\\\/\\\/apps.avecnous.eu\\\/boutique\\\/\"},{\"@type\":\"ListItem\",\"position\":3,\"name\":\"Mise en page\",\"item\":\"https:\\\/\\\/apps.avecnous.eu\\\/categorie-produit\\\/mise-en-page\\\/\"},{\"@type\":\"ListItem\",\"position\":4,\"name\":\"FAQtastic Pro\"}]},{\"@type\":\"WebSite\",\"@id\":\"https:\\\/\\\/apps.avecnous.eu\\\/#website\",\"url\":\"https:\\\/\\\/apps.avecnous.eu\\\/\",\"name\":\"Apps by N.O.U.S.\",\"description\":\"Nous Ouvert, Utile &amp; Simple, d\u00e9veloppe des extensions gratuites et premium pour WordPress et Woocommerce avec un engagement de livrer un code de qualit\u00e9 et respectueux de l&#039;environnement.\",\"publisher\":{\"@id\":\"https:\\\/\\\/apps.avecnous.eu\\\/#organization\"},\"alternateName\":\"Apps NOUS\",\"potentialAction\":[{\"@type\":\"SearchAction\",\"target\":{\"@type\":\"EntryPoint\",\"urlTemplate\":\"https:\\\/\\\/apps.avecnous.eu\\\/?s={search_term_string}\"},\"query-input\":{\"@type\":\"PropertyValueSpecification\",\"valueRequired\":true,\"valueName\":\"search_term_string\"}}],\"inLanguage\":\"en-GB\"},{\"@type\":\"Organization\",\"@id\":\"https:\\\/\\\/apps.avecnous.eu\\\/#organization\",\"name\":\"Apps by N.O.U.S.\",\"url\":\"https:\\\/\\\/apps.avecnous.eu\\\/\",\"logo\":{\"@type\":\"ImageObject\",\"inLanguage\":\"en-GB\",\"@id\":\"https:\\\/\\\/apps.avecnous.eu\\\/#\\\/schema\\\/logo\\\/image\\\/\",\"url\":\"https:\\\/\\\/apps.avecnous.eu\\\/wp-content\\\/uploads\\\/sites\\\/28\\\/2025\\\/07\\\/Logo_APPS_by_NOUS_2025.png\",\"contentUrl\":\"https:\\\/\\\/apps.avecnous.eu\\\/wp-content\\\/uploads\\\/sites\\\/28\\\/2025\\\/07\\\/Logo_APPS_by_NOUS_2025.png\",\"width\":500,\"height\":112,\"caption\":\"Apps by N.O.U.S.\"},\"image\":{\"@id\":\"https:\\\/\\\/apps.avecnous.eu\\\/#\\\/schema\\\/logo\\\/image\\\/\"}}]}<\/script>\n<!-- \/ Yoast SEO plugin. -->","yoast_head_json":{"title":"FAQtastic Pro | Apps NOUS","robots":{"index":"index","follow":"follow","max-snippet":"max-snippet:-1","max-image-preview":"max-image-preview:large","max-video-preview":"max-video-preview:-1"},"canonical":"https:\/\/apps.avecnous.eu\/en\/boutique\/nos-extensions-wordpress\/faqtastic-pro\/","og_locale":"en_GB","og_type":"article","og_title":"FAQtastic Pro | Apps NOUS","og_description":"L'extension FAQtastic PRO compl\u00e8te et am\u00e9liore le core de FAQtastic, avec la possibilit\u00e9 d'ajouter des Topics (=sujets) pour une architecture plus pouss\u00e9e de vos FAQs, am\u00e9lioration de la recherche avec Elastic Search et une personnalisation avanc\u00e9e des composants. FAQtastic est la FAQ qui dialogue avec vos visiteurs. Vous avez acc\u00e8s \u00e0 3 blocs suppl\u00e9mentaires pour compter vos topics, afficher une navigation entre questions li\u00e9e aux topics et th\u00e9matiques, libre composition pour identifier vos FAQs de vos contenus dans les r\u00e9sultats de recherche.","og_url":"https:\/\/apps.avecnous.eu\/en\/boutique\/nos-extensions-wordpress\/faqtastic-pro\/","og_site_name":"Apps","article_modified_time":"2026-03-06T16:02:17+00:00","og_image":[{"width":698,"height":698,"url":"https:\/\/apps.avecnous.eu\/wp-content\/uploads\/sites\/28\/2026\/02\/Visu_FAQtastic_PRO.png","type":"image\/png"}],"twitter_card":"summary_large_image","twitter_misc":{"Estimated reading time":"3 minutes"},"schema":{"@context":"https:\/\/schema.org","@graph":[{"@type":"WebPage","@id":"https:\/\/apps.avecnous.eu\/boutique\/nos-extensions-wordpress\/faqtastic-pro\/","url":"https:\/\/apps.avecnous.eu\/boutique\/nos-extensions-wordpress\/faqtastic-pro\/","name":"FAQtastic Pro | Apps NOUS","isPartOf":{"@id":"https:\/\/apps.avecnous.eu\/#website"},"primaryImageOfPage":{"@id":"https:\/\/apps.avecnous.eu\/boutique\/nos-extensions-wordpress\/faqtastic-pro\/#primaryimage"},"image":{"@id":"https:\/\/apps.avecnous.eu\/boutique\/nos-extensions-wordpress\/faqtastic-pro\/#primaryimage"},"thumbnailUrl":"https:\/\/apps.avecnous.eu\/wp-content\/uploads\/sites\/28\/2026\/02\/Visu_FAQtastic_PRO.png","datePublished":"2026-02-09T12:41:54+00:00","dateModified":"2026-03-06T16:02:17+00:00","breadcrumb":{"@id":"https:\/\/apps.avecnous.eu\/boutique\/nos-extensions-wordpress\/faqtastic-pro\/#breadcrumb"},"inLanguage":"en-GB","potentialAction":[{"@type":"ReadAction","target":["https:\/\/apps.avecnous.eu\/boutique\/nos-extensions-wordpress\/faqtastic-pro\/"]}]},{"@type":"ImageObject","inLanguage":"en-GB","@id":"https:\/\/apps.avecnous.eu\/boutique\/nos-extensions-wordpress\/faqtastic-pro\/#primaryimage","url":"https:\/\/apps.avecnous.eu\/wp-content\/uploads\/sites\/28\/2026\/02\/Visu_FAQtastic_PRO.png","contentUrl":"https:\/\/apps.avecnous.eu\/wp-content\/uploads\/sites\/28\/2026\/02\/Visu_FAQtastic_PRO.png","width":698,"height":698,"caption":"Visuel produit : FAQtastic PRO"},{"@type":"BreadcrumbList","@id":"https:\/\/apps.avecnous.eu\/boutique\/nos-extensions-wordpress\/faqtastic-pro\/#breadcrumb","itemListElement":[{"@type":"ListItem","position":1,"name":"Home","item":"https:\/\/apps.avecnous.eu\/"},{"@type":"ListItem","position":2,"name":"Toutes nos extensions WordPress et WooCommerce","item":"https:\/\/apps.avecnous.eu\/boutique\/"},{"@type":"ListItem","position":3,"name":"Mise en page","item":"https:\/\/apps.avecnous.eu\/categorie-produit\/mise-en-page\/"},{"@type":"ListItem","position":4,"name":"FAQtastic Pro"}]},{"@type":"WebSite","@id":"https:\/\/apps.avecnous.eu\/#website","url":"https:\/\/apps.avecnous.eu\/","name":"Apps by N.O.U.S.","description":"NOUS - Open, Useful &amp; Simple develop free and premium plugins for WordPress and Woocommerce with a commitment to delivering high-quality, environmentally friendly code.","publisher":{"@id":"https:\/\/apps.avecnous.eu\/#organization"},"alternateName":"Apps NOUS","potentialAction":[{"@type":"SearchAction","target":{"@type":"EntryPoint","urlTemplate":"https:\/\/apps.avecnous.eu\/?s={search_term_string}"},"query-input":{"@type":"PropertyValueSpecification","valueRequired":true,"valueName":"search_term_string"}}],"inLanguage":"en-GB"},{"@type":"Organization","@id":"https:\/\/apps.avecnous.eu\/#organization","name":"Apps by N.O.U.S.","url":"https:\/\/apps.avecnous.eu\/","logo":{"@type":"ImageObject","inLanguage":"en-GB","@id":"https:\/\/apps.avecnous.eu\/#\/schema\/logo\/image\/","url":"https:\/\/apps.avecnous.eu\/wp-content\/uploads\/sites\/28\/2025\/07\/Logo_APPS_by_NOUS_2025.png","contentUrl":"https:\/\/apps.avecnous.eu\/wp-content\/uploads\/sites\/28\/2025\/07\/Logo_APPS_by_NOUS_2025.png","width":500,"height":112,"caption":"Apps by N.O.U.S."},"image":{"@id":"https:\/\/apps.avecnous.eu\/#\/schema\/logo\/image\/"}}]}},"_links":{"self":[{"href":"https:\/\/apps.avecnous.eu\/en\/wp-json\/wp\/v2\/product\/4757590","targetHints":{"allow":["GET"]}}],"collection":[{"href":"https:\/\/apps.avecnous.eu\/en\/wp-json\/wp\/v2\/product"}],"about":[{"href":"https:\/\/apps.avecnous.eu\/en\/wp-json\/wp\/v2\/types\/product"}],"replies":[{"embeddable":true,"href":"https:\/\/apps.avecnous.eu\/en\/wp-json\/wp\/v2\/comments?post=4757590"}],"wp:featuredmedia":[{"embeddable":true,"href":"https:\/\/apps.avecnous.eu\/en\/wp-json\/wp\/v2\/media\/4757591"}],"wp:attachment":[{"href":"https:\/\/apps.avecnous.eu\/en\/wp-json\/wp\/v2\/media?parent=4757590"}],"wp:term":[{"taxonomy":"product_brand","embeddable":true,"href":"https:\/\/apps.avecnous.eu\/en\/wp-json\/wp\/v2\/product_brand?post=4757590"},{"taxonomy":"product_cat","embeddable":true,"href":"https:\/\/apps.avecnous.eu\/en\/wp-json\/wp\/v2\/product_cat?post=4757590"},{"taxonomy":"product_tag","embeddable":true,"href":"https:\/\/apps.avecnous.eu\/en\/wp-json\/wp\/v2\/product_tag?post=4757590"}],"curies":[{"name":"wp","href":"https:\/\/api.w.org\/{rel}","templated":true}]}}