{"id":5815,"date":"2025-08-18T10:54:08","date_gmt":"2025-08-18T08:54:08","guid":{"rendered":"https:\/\/apps.avecnous.eu\/?post_type=product&#038;p=5815"},"modified":"2026-03-26T11:13:28","modified_gmt":"2026-03-26T10:13:28","slug":"amadeus-woocommerce-master-price-connecteur","status":"publish","type":"product","link":"https:\/\/apps.avecnous.eu\/en\/boutique\/connecteurs-wordpress-woocommerce\/amadeus-woocommerce-master-price-connecteur\/","title":{"rendered":"Amadeus-Woocommerce \u00ab\u00a0Master Price\u00a0\u00bb Connector"},"content":{"rendered":"<p>Amadeus pour WooCommerce, vous permet de connecter votre compte Amadeus \u00ab\u00a0Master Pricer\u00a0\u00bb \u00e0 votre site WooCommerce pour proposer des Vols nationaux et internationaux \u00e0 vos clients en ligne.<\/p>\n<p>Cette extension utilise pour cela l\u2019API\u00a0 <a href=\"https:\/\/amadeus.com\/fr\">Amadeus<\/a><\/p>\n<p>Les r\u00e9servations de vols sont enregistr\u00e9es directement dans le panier comme un produit classique. Les informations de passagers sont saisis lors de la r\u00e9servation. Le paiement permet de valider la commande, et g\u00e9n\u00e9rer le billet.<\/p>\n<p>Extension test\u00e9e, valid\u00e9e et certifi\u00e9e par Amadeus.<\/p>\n<p>&nbsp;<\/p>\n<p><strong>Pour en savoir plus contactez-nous via le chatbot en bas \u00e0 droite de la page, ou par mail \u00e0 support[at]avecnous.eu.<\/strong><\/p>\n","protected":false},"excerpt":{"rendered":"<p>Amadeus pour WooCommerce, vous permet de connecter votre compte Amadeus \u00ab\u00a0Master Pricer\u00a0\u00bb \u00e0 votre site WooCommerce pour proposer des Vols nationaux et internationaux \u00e0 vos clients en ligne. Cette extension utilise pour cela l\u2019API\u00a0 Amadeus Les r\u00e9servations de vols sont enregistr\u00e9es directement dans le panier comme un produit classique. Les informations de passagers sont saisis [&hellip;]<\/p>\n","protected":false},"featured_media":2620,"comment_status":"open","ping_status":"closed","template":"","meta":{"_eb_attr":""},"product_brand":[135,139],"product_cat":[68],"product_tag":[99,140],"class_list":{"0":"post-5815","1":"product","2":"type-product","3":"status-publish","4":"has-post-thumbnail","6":"product_brand-amadeus","7":"product_brand-woocommerce","8":"product_cat-connecteurs-wordpress-woocommerce","9":"product_tag-premium","10":"product_tag-woocommerce","12":"first","13":"instock","14":"downloadable","15":"virtual","16":"taxable","17":"product-type-simple"},"yoast_head":"<!-- This site is optimized with the Yoast SEO plugin v27.3 - https:\/\/yoast.com\/product\/yoast-seo-wordpress\/ -->\n<title>Amadeus-Woocommerce &quot;Master Price&quot; Connecteur | Apps NOUS<\/title>\n<meta name=\"robots\" content=\"index, follow, max-snippet:-1, max-image-preview:large, max-video-preview:-1\" \/>\n<link rel=\"canonical\" href=\"https:\/\/apps.avecnous.eu\/en\/boutique\/connecteurs-wordpress-woocommerce\/amadeus-woocommerce-master-price-connecteur\/\" \/>\n<meta property=\"og:locale\" content=\"en_GB\" \/>\n<meta property=\"og:type\" content=\"article\" \/>\n<meta property=\"og:title\" content=\"Amadeus-Woocommerce &quot;Master Price&quot; Connecteur | Apps NOUS\" \/>\n<meta property=\"og:description\" content=\"Amadeus pour WooCommerce, vous permet de connecter votre compte Amadeus \u00ab\u00a0Master Pricer\u00a0\u00bb \u00e0 votre site WooCommerce pour proposer des Vols nationaux et internationaux \u00e0 vos clients en ligne. Cette extension utilise pour cela l\u2019API\u00a0 Amadeus Les r\u00e9servations de vols sont enregistr\u00e9es directement dans le panier comme un produit classique. Les informations de passagers sont saisis [&hellip;]\" \/>\n<meta property=\"og:url\" content=\"https:\/\/apps.avecnous.eu\/en\/boutique\/connecteurs-wordpress-woocommerce\/amadeus-woocommerce-master-price-connecteur\/\" \/>\n<meta property=\"og:site_name\" content=\"Apps\" \/>\n<meta property=\"article:modified_time\" content=\"2026-03-26T10:13:28+00:00\" \/>\n<meta property=\"og:image\" content=\"https:\/\/apps.avecnous.eu\/wp-content\/uploads\/sites\/28\/2021\/06\/logo-amadeus.png\" \/>\n\t<meta property=\"og:image:width\" content=\"512\" \/>\n\t<meta property=\"og:image:height\" content=\"512\" \/>\n\t<meta property=\"og:image:type\" content=\"image\/png\" \/>\n<meta name=\"twitter:card\" content=\"summary_large_image\" \/>\n<meta name=\"twitter:label1\" content=\"Estimated reading time\" \/>\n\t<meta name=\"twitter:data1\" content=\"1 minute\" \/>\n<script type=\"application\/ld+json\" class=\"yoast-schema-graph\">{\"@context\":\"https:\\\/\\\/schema.org\",\"@graph\":[{\"@type\":\"WebPage\",\"@id\":\"https:\\\/\\\/apps.avecnous.eu\\\/boutique\\\/connecteurs-wordpress-woocommerce\\\/amadeus-woocommerce-master-price-connecteur\\\/\",\"url\":\"https:\\\/\\\/apps.avecnous.eu\\\/boutique\\\/connecteurs-wordpress-woocommerce\\\/amadeus-woocommerce-master-price-connecteur\\\/\",\"name\":\"Amadeus-Woocommerce \\\"Master Price\\\" Connecteur | Apps NOUS\",\"isPartOf\":{\"@id\":\"https:\\\/\\\/apps.avecnous.eu\\\/#website\"},\"primaryImageOfPage\":{\"@id\":\"https:\\\/\\\/apps.avecnous.eu\\\/boutique\\\/connecteurs-wordpress-woocommerce\\\/amadeus-woocommerce-master-price-connecteur\\\/#primaryimage\"},\"image\":{\"@id\":\"https:\\\/\\\/apps.avecnous.eu\\\/boutique\\\/connecteurs-wordpress-woocommerce\\\/amadeus-woocommerce-master-price-connecteur\\\/#primaryimage\"},\"thumbnailUrl\":\"https:\\\/\\\/apps.avecnous.eu\\\/wp-content\\\/uploads\\\/sites\\\/28\\\/2021\\\/06\\\/logo-amadeus.png\",\"datePublished\":\"2025-08-18T08:54:08+00:00\",\"dateModified\":\"2026-03-26T10:13:28+00:00\",\"breadcrumb\":{\"@id\":\"https:\\\/\\\/apps.avecnous.eu\\\/boutique\\\/connecteurs-wordpress-woocommerce\\\/amadeus-woocommerce-master-price-connecteur\\\/#breadcrumb\"},\"inLanguage\":\"en-GB\",\"potentialAction\":[{\"@type\":\"ReadAction\",\"target\":[\"https:\\\/\\\/apps.avecnous.eu\\\/boutique\\\/connecteurs-wordpress-woocommerce\\\/amadeus-woocommerce-master-price-connecteur\\\/\"]}]},{\"@type\":\"ImageObject\",\"inLanguage\":\"en-GB\",\"@id\":\"https:\\\/\\\/apps.avecnous.eu\\\/boutique\\\/connecteurs-wordpress-woocommerce\\\/amadeus-woocommerce-master-price-connecteur\\\/#primaryimage\",\"url\":\"https:\\\/\\\/apps.avecnous.eu\\\/wp-content\\\/uploads\\\/sites\\\/28\\\/2021\\\/06\\\/logo-amadeus.png\",\"contentUrl\":\"https:\\\/\\\/apps.avecnous.eu\\\/wp-content\\\/uploads\\\/sites\\\/28\\\/2021\\\/06\\\/logo-amadeus.png\",\"width\":512,\"height\":512,\"caption\":\"Image produit Connecteur Amadeus Master Price pour Woocommerce\"},{\"@type\":\"BreadcrumbList\",\"@id\":\"https:\\\/\\\/apps.avecnous.eu\\\/boutique\\\/connecteurs-wordpress-woocommerce\\\/amadeus-woocommerce-master-price-connecteur\\\/#breadcrumb\",\"itemListElement\":[{\"@type\":\"ListItem\",\"position\":1,\"name\":\"Home\",\"item\":\"https:\\\/\\\/apps.avecnous.eu\\\/\"},{\"@type\":\"ListItem\",\"position\":2,\"name\":\"Toutes nos extensions WordPress et WooCommerce\",\"item\":\"https:\\\/\\\/apps.avecnous.eu\\\/boutique\\\/\"},{\"@type\":\"ListItem\",\"position\":3,\"name\":\"Connecteurs\",\"item\":\"https:\\\/\\\/apps.avecnous.eu\\\/categorie-produit\\\/connecteurs-wordpress-woocommerce\\\/\"},{\"@type\":\"ListItem\",\"position\":4,\"name\":\"Amadeus-Woocommerce \u00ab\u00a0Master Price\u00a0\u00bb Connecteur\"}]},{\"@type\":\"WebSite\",\"@id\":\"https:\\\/\\\/apps.avecnous.eu\\\/#website\",\"url\":\"https:\\\/\\\/apps.avecnous.eu\\\/\",\"name\":\"Apps by N.O.U.S.\",\"description\":\"Nous Ouvert, Utile &amp; Simple, d\u00e9veloppe des extensions gratuites et premium pour WordPress et Woocommerce avec un engagement de livrer un code de qualit\u00e9 et respectueux de l&#039;environnement.\",\"publisher\":{\"@id\":\"https:\\\/\\\/apps.avecnous.eu\\\/#organization\"},\"alternateName\":\"Apps NOUS\",\"potentialAction\":[{\"@type\":\"SearchAction\",\"target\":{\"@type\":\"EntryPoint\",\"urlTemplate\":\"https:\\\/\\\/apps.avecnous.eu\\\/?s={search_term_string}\"},\"query-input\":{\"@type\":\"PropertyValueSpecification\",\"valueRequired\":true,\"valueName\":\"search_term_string\"}}],\"inLanguage\":\"en-GB\"},{\"@type\":\"Organization\",\"@id\":\"https:\\\/\\\/apps.avecnous.eu\\\/#organization\",\"name\":\"Apps by N.O.U.S.\",\"url\":\"https:\\\/\\\/apps.avecnous.eu\\\/\",\"logo\":{\"@type\":\"ImageObject\",\"inLanguage\":\"en-GB\",\"@id\":\"https:\\\/\\\/apps.avecnous.eu\\\/#\\\/schema\\\/logo\\\/image\\\/\",\"url\":\"https:\\\/\\\/apps.avecnous.eu\\\/wp-content\\\/uploads\\\/sites\\\/28\\\/2025\\\/07\\\/Logo_APPS_by_NOUS_2025.png\",\"contentUrl\":\"https:\\\/\\\/apps.avecnous.eu\\\/wp-content\\\/uploads\\\/sites\\\/28\\\/2025\\\/07\\\/Logo_APPS_by_NOUS_2025.png\",\"width\":500,\"height\":112,\"caption\":\"Apps by N.O.U.S.\"},\"image\":{\"@id\":\"https:\\\/\\\/apps.avecnous.eu\\\/#\\\/schema\\\/logo\\\/image\\\/\"}}]}<\/script>\n<!-- \/ Yoast SEO plugin. -->","yoast_head_json":{"title":"Amadeus-Woocommerce \"Master Price\" Connecteur | Apps NOUS","robots":{"index":"index","follow":"follow","max-snippet":"max-snippet:-1","max-image-preview":"max-image-preview:large","max-video-preview":"max-video-preview:-1"},"canonical":"https:\/\/apps.avecnous.eu\/en\/boutique\/connecteurs-wordpress-woocommerce\/amadeus-woocommerce-master-price-connecteur\/","og_locale":"en_GB","og_type":"article","og_title":"Amadeus-Woocommerce \"Master Price\" Connecteur | Apps NOUS","og_description":"Amadeus pour WooCommerce, vous permet de connecter votre compte Amadeus \u00ab\u00a0Master Pricer\u00a0\u00bb \u00e0 votre site WooCommerce pour proposer des Vols nationaux et internationaux \u00e0 vos clients en ligne. Cette extension utilise pour cela l\u2019API\u00a0 Amadeus Les r\u00e9servations de vols sont enregistr\u00e9es directement dans le panier comme un produit classique. Les informations de passagers sont saisis [&hellip;]","og_url":"https:\/\/apps.avecnous.eu\/en\/boutique\/connecteurs-wordpress-woocommerce\/amadeus-woocommerce-master-price-connecteur\/","og_site_name":"Apps","article_modified_time":"2026-03-26T10:13:28+00:00","og_image":[{"width":512,"height":512,"url":"https:\/\/apps.avecnous.eu\/wp-content\/uploads\/sites\/28\/2021\/06\/logo-amadeus.png","type":"image\/png"}],"twitter_card":"summary_large_image","twitter_misc":{"Estimated reading time":"1 minute"},"schema":{"@context":"https:\/\/schema.org","@graph":[{"@type":"WebPage","@id":"https:\/\/apps.avecnous.eu\/boutique\/connecteurs-wordpress-woocommerce\/amadeus-woocommerce-master-price-connecteur\/","url":"https:\/\/apps.avecnous.eu\/boutique\/connecteurs-wordpress-woocommerce\/amadeus-woocommerce-master-price-connecteur\/","name":"Amadeus-Woocommerce \"Master Price\" Connecteur | Apps NOUS","isPartOf":{"@id":"https:\/\/apps.avecnous.eu\/#website"},"primaryImageOfPage":{"@id":"https:\/\/apps.avecnous.eu\/boutique\/connecteurs-wordpress-woocommerce\/amadeus-woocommerce-master-price-connecteur\/#primaryimage"},"image":{"@id":"https:\/\/apps.avecnous.eu\/boutique\/connecteurs-wordpress-woocommerce\/amadeus-woocommerce-master-price-connecteur\/#primaryimage"},"thumbnailUrl":"https:\/\/apps.avecnous.eu\/wp-content\/uploads\/sites\/28\/2021\/06\/logo-amadeus.png","datePublished":"2025-08-18T08:54:08+00:00","dateModified":"2026-03-26T10:13:28+00:00","breadcrumb":{"@id":"https:\/\/apps.avecnous.eu\/boutique\/connecteurs-wordpress-woocommerce\/amadeus-woocommerce-master-price-connecteur\/#breadcrumb"},"inLanguage":"en-GB","potentialAction":[{"@type":"ReadAction","target":["https:\/\/apps.avecnous.eu\/boutique\/connecteurs-wordpress-woocommerce\/amadeus-woocommerce-master-price-connecteur\/"]}]},{"@type":"ImageObject","inLanguage":"en-GB","@id":"https:\/\/apps.avecnous.eu\/boutique\/connecteurs-wordpress-woocommerce\/amadeus-woocommerce-master-price-connecteur\/#primaryimage","url":"https:\/\/apps.avecnous.eu\/wp-content\/uploads\/sites\/28\/2021\/06\/logo-amadeus.png","contentUrl":"https:\/\/apps.avecnous.eu\/wp-content\/uploads\/sites\/28\/2021\/06\/logo-amadeus.png","width":512,"height":512,"caption":"Image produit Connecteur Amadeus Master Price pour Woocommerce"},{"@type":"BreadcrumbList","@id":"https:\/\/apps.avecnous.eu\/boutique\/connecteurs-wordpress-woocommerce\/amadeus-woocommerce-master-price-connecteur\/#breadcrumb","itemListElement":[{"@type":"ListItem","position":1,"name":"Home","item":"https:\/\/apps.avecnous.eu\/"},{"@type":"ListItem","position":2,"name":"Toutes nos extensions WordPress et WooCommerce","item":"https:\/\/apps.avecnous.eu\/boutique\/"},{"@type":"ListItem","position":3,"name":"Connecteurs","item":"https:\/\/apps.avecnous.eu\/categorie-produit\/connecteurs-wordpress-woocommerce\/"},{"@type":"ListItem","position":4,"name":"Amadeus-Woocommerce \u00ab\u00a0Master Price\u00a0\u00bb Connecteur"}]},{"@type":"WebSite","@id":"https:\/\/apps.avecnous.eu\/#website","url":"https:\/\/apps.avecnous.eu\/","name":"Apps by N.O.U.S.","description":"NOUS - Open, Useful &amp; Simple develop free and premium plugins for WordPress and Woocommerce with a commitment to delivering high-quality, environmentally friendly code.","publisher":{"@id":"https:\/\/apps.avecnous.eu\/#organization"},"alternateName":"Apps NOUS","potentialAction":[{"@type":"SearchAction","target":{"@type":"EntryPoint","urlTemplate":"https:\/\/apps.avecnous.eu\/?s={search_term_string}"},"query-input":{"@type":"PropertyValueSpecification","valueRequired":true,"valueName":"search_term_string"}}],"inLanguage":"en-GB"},{"@type":"Organization","@id":"https:\/\/apps.avecnous.eu\/#organization","name":"Apps by N.O.U.S.","url":"https:\/\/apps.avecnous.eu\/","logo":{"@type":"ImageObject","inLanguage":"en-GB","@id":"https:\/\/apps.avecnous.eu\/#\/schema\/logo\/image\/","url":"https:\/\/apps.avecnous.eu\/wp-content\/uploads\/sites\/28\/2025\/07\/Logo_APPS_by_NOUS_2025.png","contentUrl":"https:\/\/apps.avecnous.eu\/wp-content\/uploads\/sites\/28\/2025\/07\/Logo_APPS_by_NOUS_2025.png","width":500,"height":112,"caption":"Apps by N.O.U.S."},"image":{"@id":"https:\/\/apps.avecnous.eu\/#\/schema\/logo\/image\/"}}]}},"_links":{"self":[{"href":"https:\/\/apps.avecnous.eu\/en\/wp-json\/wp\/v2\/product\/5815","targetHints":{"allow":["GET"]}}],"collection":[{"href":"https:\/\/apps.avecnous.eu\/en\/wp-json\/wp\/v2\/product"}],"about":[{"href":"https:\/\/apps.avecnous.eu\/en\/wp-json\/wp\/v2\/types\/product"}],"replies":[{"embeddable":true,"href":"https:\/\/apps.avecnous.eu\/en\/wp-json\/wp\/v2\/comments?post=5815"}],"wp:featuredmedia":[{"embeddable":true,"href":"https:\/\/apps.avecnous.eu\/en\/wp-json\/wp\/v2\/media\/2620"}],"wp:attachment":[{"href":"https:\/\/apps.avecnous.eu\/en\/wp-json\/wp\/v2\/media?parent=5815"}],"wp:term":[{"taxonomy":"product_brand","embeddable":true,"href":"https:\/\/apps.avecnous.eu\/en\/wp-json\/wp\/v2\/product_brand?post=5815"},{"taxonomy":"product_cat","embeddable":true,"href":"https:\/\/apps.avecnous.eu\/en\/wp-json\/wp\/v2\/product_cat?post=5815"},{"taxonomy":"product_tag","embeddable":true,"href":"https:\/\/apps.avecnous.eu\/en\/wp-json\/wp\/v2\/product_tag?post=5815"}],"curies":[{"name":"wp","href":"https:\/\/api.w.org\/{rel}","templated":true}]}}