{"id":597,"date":"2021-01-28T18:57:37","date_gmt":"2021-01-28T17:57:37","guid":{"rendered":"https:\/\/apps.avecnous.eu\/product\/slide-your-net\/"},"modified":"2025-12-30T16:54:29","modified_gmt":"2025-12-30T15:54:29","slug":"slide-your-net","status":"publish","type":"product","link":"https:\/\/apps.avecnous.eu\/en\/boutique\/reseaux-sociaux-connectez-wordpress\/slide-your-net\/","title":{"rendered":"Slide Your Net"},"content":{"rendered":"<div class=\"wp-block-group .wp-block-cover.alignwide.has-palette-color-3-background-color.is-position-center-center has-background\">\r\n<div class=\"wp-block-group__inner-container is-layout-flow wp-block-group-is-layout-flow\">\r\n<h2 class=\"has-text-align-center wp-block-heading\">Imagine...<\/h2>\r\n\r\n\r\n\r\n<div class=\"wp-block-columns has-background is-layout-flex wp-container-core-columns-is-layout-28f84493 wp-block-columns-is-layout-flex\">\r\n<div class=\"wp-block-column is-layout-flow wp-block-column-is-layout-flow\">\r\n<h2 class=\"wp-block-heading\">Your social media as editorial content<\/h2>\r\n<p>SlideYourNet allows you to collect all messages that concern you, depending on how you use them. Follow one or more hashtags, search for a specific word, or collect all messages from a list of accounts. Display content at the heart of your site and manage moderation directly from your WordPress.<\/p>\r\n<div class=\"wp-block-spacer\" aria-hidden=\"true\">\u00a0<\/div>\r\n<\/div>\r\n\r\n\r\n\r\n<div class=\"wp-block-column is-layout-flow wp-block-column-is-layout-flow\">\r\n<figure class=\"wp-block-image size-large is-style-default\"><img decoding=\"async\" width=\"978\" height=\"768\" class=\"wp-image-1211\" src=\"https:\/\/apps.avecnous.eu\/wp-content\/uploads\/sites\/28\/2021\/02\/smartmockups_kli4t39c.png\" alt=\"\" srcset=\"https:\/\/apps.avecnous.eu\/wp-content\/uploads\/sites\/28\/2021\/02\/smartmockups_kli4t39c.png 978w, https:\/\/apps.avecnous.eu\/wp-content\/uploads\/sites\/28\/2021\/02\/smartmockups_kli4t39c-300x236.png 300w, https:\/\/apps.avecnous.eu\/wp-content\/uploads\/sites\/28\/2021\/02\/smartmockups_kli4t39c-768x603.png 768w, https:\/\/apps.avecnous.eu\/wp-content\/uploads\/sites\/28\/2021\/02\/smartmockups_kli4t39c-600x471.png 600w\" sizes=\"(max-width: 978px) 100vw, 978px\" \/><\/figure>\r\n<\/div>\r\n<\/div>\r\n\r\n\r\n\r\n<div class=\"wp-block-columns is-layout-flex wp-container-core-columns-is-layout-28f84493 wp-block-columns-is-layout-flex\">\r\n<div class=\"wp-block-column is-layout-flow wp-block-column-is-layout-flow\">\r\n<figure class=\"wp-block-image size-large is-style-default\"><img decoding=\"async\" width=\"1024\" height=\"717\" class=\"wp-image-1206\" src=\"https:\/\/apps.avecnous.eu\/wp-content\/uploads\/sites\/28\/2021\/02\/smartmockups_kli4ce52-1024x717.jpg\" alt=\"\" srcset=\"https:\/\/apps.avecnous.eu\/wp-content\/uploads\/sites\/28\/2021\/02\/smartmockups_kli4ce52-1024x717.jpg 1024w, https:\/\/apps.avecnous.eu\/wp-content\/uploads\/sites\/28\/2021\/02\/smartmockups_kli4ce52-300x210.jpg 300w, https:\/\/apps.avecnous.eu\/wp-content\/uploads\/sites\/28\/2021\/02\/smartmockups_kli4ce52-768x537.jpg 768w, https:\/\/apps.avecnous.eu\/wp-content\/uploads\/sites\/28\/2021\/02\/smartmockups_kli4ce52-1536x1075.jpg 1536w, https:\/\/apps.avecnous.eu\/wp-content\/uploads\/sites\/28\/2021\/02\/smartmockups_kli4ce52-600x420.jpg 600w, https:\/\/apps.avecnous.eu\/wp-content\/uploads\/sites\/28\/2021\/02\/smartmockups_kli4ce52.jpg 1862w\" sizes=\"(max-width: 1024px) 100vw, 1024px\" \/><\/figure>\r\n<\/div>\r\n\r\n\r\n\r\n<div class=\"wp-block-column is-layout-flow wp-block-column-is-layout-flow\">\r\n<h2 class=\"has-text-align-right wp-block-heading\">Bring your events to life with LiveWall<\/h2>\r\n\r\n\r\n\r\n<p class=\"has-text-align-right\">Originally designed for events, SlideYourNet allows you to monitor your broadcast stream and continue live moderation from the same interface.<\/p>\r\n\r\n\r\n\r\n<p class=\"has-text-align-right\">The messages you select are displayed on any screen in the highest quality. Each piece of information is enhanced and enriched with photos of the sender and quoted profiles, as well as screenshots of the web pages mentioned.<\/p>\r\n<\/div>\r\n<\/div>\r\n\r\n\r\n\r\n<div class=\"wp-block-spacer\" aria-hidden=\"true\">\u00a0<\/div>\r\n\r\n\r\n\r\n<div class=\"wp-block-columns is-layout-flex wp-container-core-columns-is-layout-28f84493 wp-block-columns-is-layout-flex\">\r\n<div class=\"wp-block-column is-layout-flow wp-block-column-is-layout-flow\">\r\n<h2 class=\"wp-block-heading\">Customised geolocation<\/h2>\r\n<p>With SlideYourNet, users become active participants and contributors. Enrich your maps with the help of internet users: their best photos, information reports, or reactions in real time or after moderation, at the heart of your editorial content.<\/p>\r\n<\/div>\r\n\r\n\r\n\r\n<div class=\"wp-block-column is-layout-flow wp-block-column-is-layout-flow\">\r\n<div class=\"wp-block-image is-style-default\">\r\n<figure class=\"alignright size-large is-resized\"><img decoding=\"async\" class=\"wp-image-1217\" src=\"https:\/\/apps.avecnous.eu\/wp-content\/uploads\/sites\/28\/2021\/02\/smartmockups_kli4yy0t-824x1024.png\" alt=\"\" width=\"206\" height=\"256\" srcset=\"https:\/\/apps.avecnous.eu\/wp-content\/uploads\/sites\/28\/2021\/02\/smartmockups_kli4yy0t-824x1024.png 824w, https:\/\/apps.avecnous.eu\/wp-content\/uploads\/sites\/28\/2021\/02\/smartmockups_kli4yy0t-242x300.png 242w, https:\/\/apps.avecnous.eu\/wp-content\/uploads\/sites\/28\/2021\/02\/smartmockups_kli4yy0t-768x954.png 768w, https:\/\/apps.avecnous.eu\/wp-content\/uploads\/sites\/28\/2021\/02\/smartmockups_kli4yy0t-600x745.png 600w, https:\/\/apps.avecnous.eu\/wp-content\/uploads\/sites\/28\/2021\/02\/smartmockups_kli4yy0t.png 872w\" sizes=\"(max-width: 206px) 100vw, 206px\" \/><\/figure>\r\n<\/div>\r\n<\/div>\r\n<\/div>\r\n\r\n\r\n\r\n<div class=\"wp-block-spacer\" aria-hidden=\"true\">\u00a0<\/div>\r\n\r\n\r\n\r\n<div class=\"wp-block-columns is-layout-flex wp-container-core-columns-is-layout-28f84493 wp-block-columns-is-layout-flex\">\r\n<div class=\"wp-block-column is-layout-flow wp-block-column-is-layout-flow\">\r\n<figure class=\"wp-block-image size-medium is-resized is-style-default\"><img decoding=\"async\" class=\"wp-image-1222\" src=\"https:\/\/apps.avecnous.eu\/wp-content\/uploads\/sites\/28\/2021\/02\/smartmockups_kli537rh-300x300.png\" alt=\"\" width=\"219\" height=\"219\" srcset=\"https:\/\/apps.avecnous.eu\/wp-content\/uploads\/sites\/28\/2021\/02\/smartmockups_kli537rh-300x300.png 300w, https:\/\/apps.avecnous.eu\/wp-content\/uploads\/sites\/28\/2021\/02\/smartmockups_kli537rh-1019x1024.png 1019w, https:\/\/apps.avecnous.eu\/wp-content\/uploads\/sites\/28\/2021\/02\/smartmockups_kli537rh-150x150.png 150w, https:\/\/apps.avecnous.eu\/wp-content\/uploads\/sites\/28\/2021\/02\/smartmockups_kli537rh-768x771.png 768w, https:\/\/apps.avecnous.eu\/wp-content\/uploads\/sites\/28\/2021\/02\/smartmockups_kli537rh-250x250.png 250w, https:\/\/apps.avecnous.eu\/wp-content\/uploads\/sites\/28\/2021\/02\/smartmockups_kli537rh-600x603.png 600w, https:\/\/apps.avecnous.eu\/wp-content\/uploads\/sites\/28\/2021\/02\/smartmockups_kli537rh-100x100.png 100w, https:\/\/apps.avecnous.eu\/wp-content\/uploads\/sites\/28\/2021\/02\/smartmockups_kli537rh.png 1120w\" sizes=\"(max-width: 219px) 100vw, 219px\" \/><\/figure>\r\n<\/div>\r\n\r\n\r\n\r\n<div class=\"wp-block-column is-layout-flow wp-block-column-is-layout-flow\">\r\n<h2 class=\"has-text-align-right wp-block-heading\">Imagine new forms of animation<\/h2>\r\n\r\n\r\n\r\n<p class=\"has-text-align-right\">Bring your network to life: set your hashtag and follow it live on social media.<\/p>\r\n\r\n\r\n\r\n<p class=\"has-text-align-right\">Offer photo and writing competitions, new forms of engagement, data visualisation, hybrid IRL\/online games... or any other form of participation.<\/p>\r\n<\/div>\r\n<\/div>\r\n<\/div>\r\n<\/div>\r\n\r\n<p>&nbsp;<\/p>\r\n<div class=\"bloc-link-article\">\r\n<h2>Would you like more information?<\/h2>\r\n<div class=\"btn-cta-violet maillage-int wp-block-button\"><a href=\"\/en\/blog\/reseaux-sociaux\/slide-your-net-de-nouveaux-usages-pour-vos-reseaux-sociaux\/\" title=\"Consulter notre article complet sur l'extension\" target=\"_BLANK\">Discover now our full article on the plugin<\/a><\/div>\r\n<\/div>","protected":false},"excerpt":{"rendered":"<p>Agr\u00e9gateurs de contenus r\u00e9seaux sociaux pour WordPress Ins\u00e9rez une liste de messages provenant des r\u00e9seaux sociaux r\u00e9cup\u00e9r\u00e9s par <a href=\"https:\/\/slideyour.net\">slideyour.net<\/a><\/p>\n<div class=\"button\"><a style=\"color: #ffffff;\" href=\"https:\/\/apps.avecnous.eu\/en\/2021\/01\/28\/slide-your-net-de-nouveaux-usages-pour-vos-reseaux-sociaux\/\">Read more<\/a><\/div>\n<p>&nbsp;<\/p>\n<div class=\"button\"><a style=\"color: #ffffff;\" href=\"https:\/\/wordpress.org\/plugins\/wp-slideyournet\/\">Obtenir ce plugin<\/a><\/div>","protected":false},"featured_media":573,"comment_status":"open","ping_status":"closed","template":"","meta":{"_eb_attr":""},"product_brand":[138],"product_cat":[40],"product_tag":[90],"class_list":{"0":"post-597","1":"product","2":"type-product","3":"status-publish","4":"has-post-thumbnail","6":"product_brand-wordpress","7":"product_cat-reseaux-sociaux-connectez-wordpress","8":"product_tag-gratuit","10":"first","11":"instock","12":"downloadable","13":"virtual","14":"taxable","15":"purchasable","16":"product-type-simple","17":"nyp-product"},"yoast_head":"<!-- This site is optimized with the Yoast SEO plugin v27.3 - https:\/\/yoast.com\/product\/yoast-seo-wordpress\/ -->\n<title>Slide Your Net | Apps NOUS<\/title>\n<meta name=\"robots\" content=\"index, follow, max-snippet:-1, max-image-preview:large, max-video-preview:-1\" \/>\n<link rel=\"canonical\" href=\"https:\/\/apps.avecnous.eu\/en\/boutique\/reseaux-sociaux-connectez-wordpress\/slide-your-net\/\" \/>\n<meta property=\"og:locale\" content=\"en_GB\" \/>\n<meta property=\"og:type\" content=\"article\" \/>\n<meta property=\"og:title\" content=\"Slide Your Net | Apps NOUS\" \/>\n<meta property=\"og:description\" content=\"Agr\u00e9gateurs de contenus r\u00e9seaux sociaux pour WordPress Ins\u00e9rez une liste de messages provenant des r\u00e9seaux sociaux r\u00e9cup\u00e9r\u00e9s par slideyour.net En savoir plus &nbsp; Obtenir ce plugin\" \/>\n<meta property=\"og:url\" content=\"https:\/\/apps.avecnous.eu\/en\/boutique\/reseaux-sociaux-connectez-wordpress\/slide-your-net\/\" \/>\n<meta property=\"og:site_name\" content=\"Apps\" \/>\n<meta property=\"article:modified_time\" content=\"2025-12-30T15:54:29+00:00\" \/>\n<meta property=\"og:image\" content=\"https:\/\/apps.avecnous.eu\/wp-content\/uploads\/sites\/28\/2021\/01\/icon-256x256-4.png\" \/>\n\t<meta property=\"og:image:width\" content=\"256\" \/>\n\t<meta property=\"og:image:height\" content=\"256\" \/>\n\t<meta property=\"og:image:type\" content=\"image\/png\" \/>\n<meta name=\"twitter:card\" content=\"summary_large_image\" \/>\n<meta name=\"twitter:label1\" content=\"Estimated reading time\" \/>\n\t<meta name=\"twitter:data1\" content=\"3 minutes\" \/>\n<script type=\"application\/ld+json\" class=\"yoast-schema-graph\">{\"@context\":\"https:\\\/\\\/schema.org\",\"@graph\":[{\"@type\":\"WebPage\",\"@id\":\"https:\\\/\\\/apps.avecnous.eu\\\/boutique\\\/reseaux-sociaux-connectez-wordpress\\\/slide-your-net\\\/\",\"url\":\"https:\\\/\\\/apps.avecnous.eu\\\/boutique\\\/reseaux-sociaux-connectez-wordpress\\\/slide-your-net\\\/\",\"name\":\"Slide Your Net | Apps NOUS\",\"isPartOf\":{\"@id\":\"https:\\\/\\\/apps.avecnous.eu\\\/#website\"},\"primaryImageOfPage\":{\"@id\":\"https:\\\/\\\/apps.avecnous.eu\\\/boutique\\\/reseaux-sociaux-connectez-wordpress\\\/slide-your-net\\\/#primaryimage\"},\"image\":{\"@id\":\"https:\\\/\\\/apps.avecnous.eu\\\/boutique\\\/reseaux-sociaux-connectez-wordpress\\\/slide-your-net\\\/#primaryimage\"},\"thumbnailUrl\":\"https:\\\/\\\/apps.avecnous.eu\\\/wp-content\\\/uploads\\\/sites\\\/28\\\/2021\\\/01\\\/icon-256x256-4.png\",\"datePublished\":\"2021-01-28T17:57:37+00:00\",\"dateModified\":\"2025-12-30T15:54:29+00:00\",\"breadcrumb\":{\"@id\":\"https:\\\/\\\/apps.avecnous.eu\\\/boutique\\\/reseaux-sociaux-connectez-wordpress\\\/slide-your-net\\\/#breadcrumb\"},\"inLanguage\":\"en-GB\",\"potentialAction\":[{\"@type\":\"ReadAction\",\"target\":[\"https:\\\/\\\/apps.avecnous.eu\\\/boutique\\\/reseaux-sociaux-connectez-wordpress\\\/slide-your-net\\\/\"]}]},{\"@type\":\"ImageObject\",\"inLanguage\":\"en-GB\",\"@id\":\"https:\\\/\\\/apps.avecnous.eu\\\/boutique\\\/reseaux-sociaux-connectez-wordpress\\\/slide-your-net\\\/#primaryimage\",\"url\":\"https:\\\/\\\/apps.avecnous.eu\\\/wp-content\\\/uploads\\\/sites\\\/28\\\/2021\\\/01\\\/icon-256x256-4.png\",\"contentUrl\":\"https:\\\/\\\/apps.avecnous.eu\\\/wp-content\\\/uploads\\\/sites\\\/28\\\/2021\\\/01\\\/icon-256x256-4.png\",\"width\":256,\"height\":256,\"caption\":\"Image produit Slide Your Net\"},{\"@type\":\"BreadcrumbList\",\"@id\":\"https:\\\/\\\/apps.avecnous.eu\\\/boutique\\\/reseaux-sociaux-connectez-wordpress\\\/slide-your-net\\\/#breadcrumb\",\"itemListElement\":[{\"@type\":\"ListItem\",\"position\":1,\"name\":\"Home\",\"item\":\"https:\\\/\\\/apps.avecnous.eu\\\/\"},{\"@type\":\"ListItem\",\"position\":2,\"name\":\"Toutes nos extensions WordPress et WooCommerce\",\"item\":\"https:\\\/\\\/apps.avecnous.eu\\\/boutique\\\/\"},{\"@type\":\"ListItem\",\"position\":3,\"name\":\"Partage\",\"item\":\"https:\\\/\\\/apps.avecnous.eu\\\/categorie-produit\\\/reseaux-sociaux-connectez-wordpress\\\/\"},{\"@type\":\"ListItem\",\"position\":4,\"name\":\"Slide Your Net\"}]},{\"@type\":\"WebSite\",\"@id\":\"https:\\\/\\\/apps.avecnous.eu\\\/#website\",\"url\":\"https:\\\/\\\/apps.avecnous.eu\\\/\",\"name\":\"Apps by N.O.U.S.\",\"description\":\"Nous Ouvert, Utile &amp; Simple, d\u00e9veloppe des extensions gratuites et premium pour WordPress et Woocommerce avec un engagement de livrer un code de qualit\u00e9 et respectueux de l&#039;environnement.\",\"publisher\":{\"@id\":\"https:\\\/\\\/apps.avecnous.eu\\\/#organization\"},\"alternateName\":\"Apps NOUS\",\"potentialAction\":[{\"@type\":\"SearchAction\",\"target\":{\"@type\":\"EntryPoint\",\"urlTemplate\":\"https:\\\/\\\/apps.avecnous.eu\\\/?s={search_term_string}\"},\"query-input\":{\"@type\":\"PropertyValueSpecification\",\"valueRequired\":true,\"valueName\":\"search_term_string\"}}],\"inLanguage\":\"en-GB\"},{\"@type\":\"Organization\",\"@id\":\"https:\\\/\\\/apps.avecnous.eu\\\/#organization\",\"name\":\"Apps by N.O.U.S.\",\"url\":\"https:\\\/\\\/apps.avecnous.eu\\\/\",\"logo\":{\"@type\":\"ImageObject\",\"inLanguage\":\"en-GB\",\"@id\":\"https:\\\/\\\/apps.avecnous.eu\\\/#\\\/schema\\\/logo\\\/image\\\/\",\"url\":\"https:\\\/\\\/apps.avecnous.eu\\\/wp-content\\\/uploads\\\/sites\\\/28\\\/2025\\\/07\\\/Logo_APPS_by_NOUS_2025.png\",\"contentUrl\":\"https:\\\/\\\/apps.avecnous.eu\\\/wp-content\\\/uploads\\\/sites\\\/28\\\/2025\\\/07\\\/Logo_APPS_by_NOUS_2025.png\",\"width\":500,\"height\":112,\"caption\":\"Apps by N.O.U.S.\"},\"image\":{\"@id\":\"https:\\\/\\\/apps.avecnous.eu\\\/#\\\/schema\\\/logo\\\/image\\\/\"}}]}<\/script>\n<!-- \/ Yoast SEO plugin. -->","yoast_head_json":{"title":"Slide Your Net | Apps NOUS","robots":{"index":"index","follow":"follow","max-snippet":"max-snippet:-1","max-image-preview":"max-image-preview:large","max-video-preview":"max-video-preview:-1"},"canonical":"https:\/\/apps.avecnous.eu\/en\/boutique\/reseaux-sociaux-connectez-wordpress\/slide-your-net\/","og_locale":"en_GB","og_type":"article","og_title":"Slide Your Net | Apps NOUS","og_description":"Agr\u00e9gateurs de contenus r\u00e9seaux sociaux pour WordPress Ins\u00e9rez une liste de messages provenant des r\u00e9seaux sociaux r\u00e9cup\u00e9r\u00e9s par slideyour.net En savoir plus &nbsp; Obtenir ce plugin","og_url":"https:\/\/apps.avecnous.eu\/en\/boutique\/reseaux-sociaux-connectez-wordpress\/slide-your-net\/","og_site_name":"Apps","article_modified_time":"2025-12-30T15:54:29+00:00","og_image":[{"width":256,"height":256,"url":"https:\/\/apps.avecnous.eu\/wp-content\/uploads\/sites\/28\/2021\/01\/icon-256x256-4.png","type":"image\/png"}],"twitter_card":"summary_large_image","twitter_misc":{"Estimated reading time":"3 minutes"},"schema":{"@context":"https:\/\/schema.org","@graph":[{"@type":"WebPage","@id":"https:\/\/apps.avecnous.eu\/boutique\/reseaux-sociaux-connectez-wordpress\/slide-your-net\/","url":"https:\/\/apps.avecnous.eu\/boutique\/reseaux-sociaux-connectez-wordpress\/slide-your-net\/","name":"Slide Your Net | Apps NOUS","isPartOf":{"@id":"https:\/\/apps.avecnous.eu\/#website"},"primaryImageOfPage":{"@id":"https:\/\/apps.avecnous.eu\/boutique\/reseaux-sociaux-connectez-wordpress\/slide-your-net\/#primaryimage"},"image":{"@id":"https:\/\/apps.avecnous.eu\/boutique\/reseaux-sociaux-connectez-wordpress\/slide-your-net\/#primaryimage"},"thumbnailUrl":"https:\/\/apps.avecnous.eu\/wp-content\/uploads\/sites\/28\/2021\/01\/icon-256x256-4.png","datePublished":"2021-01-28T17:57:37+00:00","dateModified":"2025-12-30T15:54:29+00:00","breadcrumb":{"@id":"https:\/\/apps.avecnous.eu\/boutique\/reseaux-sociaux-connectez-wordpress\/slide-your-net\/#breadcrumb"},"inLanguage":"en-GB","potentialAction":[{"@type":"ReadAction","target":["https:\/\/apps.avecnous.eu\/boutique\/reseaux-sociaux-connectez-wordpress\/slide-your-net\/"]}]},{"@type":"ImageObject","inLanguage":"en-GB","@id":"https:\/\/apps.avecnous.eu\/boutique\/reseaux-sociaux-connectez-wordpress\/slide-your-net\/#primaryimage","url":"https:\/\/apps.avecnous.eu\/wp-content\/uploads\/sites\/28\/2021\/01\/icon-256x256-4.png","contentUrl":"https:\/\/apps.avecnous.eu\/wp-content\/uploads\/sites\/28\/2021\/01\/icon-256x256-4.png","width":256,"height":256,"caption":"Image produit Slide Your Net"},{"@type":"BreadcrumbList","@id":"https:\/\/apps.avecnous.eu\/boutique\/reseaux-sociaux-connectez-wordpress\/slide-your-net\/#breadcrumb","itemListElement":[{"@type":"ListItem","position":1,"name":"Home","item":"https:\/\/apps.avecnous.eu\/"},{"@type":"ListItem","position":2,"name":"Toutes nos extensions WordPress et WooCommerce","item":"https:\/\/apps.avecnous.eu\/boutique\/"},{"@type":"ListItem","position":3,"name":"Partage","item":"https:\/\/apps.avecnous.eu\/categorie-produit\/reseaux-sociaux-connectez-wordpress\/"},{"@type":"ListItem","position":4,"name":"Slide Your Net"}]},{"@type":"WebSite","@id":"https:\/\/apps.avecnous.eu\/#website","url":"https:\/\/apps.avecnous.eu\/","name":"Apps by N.O.U.S.","description":"NOUS - Open, Useful &amp; Simple develop free and premium plugins for WordPress and Woocommerce with a commitment to delivering high-quality, environmentally friendly code.","publisher":{"@id":"https:\/\/apps.avecnous.eu\/#organization"},"alternateName":"Apps NOUS","potentialAction":[{"@type":"SearchAction","target":{"@type":"EntryPoint","urlTemplate":"https:\/\/apps.avecnous.eu\/?s={search_term_string}"},"query-input":{"@type":"PropertyValueSpecification","valueRequired":true,"valueName":"search_term_string"}}],"inLanguage":"en-GB"},{"@type":"Organization","@id":"https:\/\/apps.avecnous.eu\/#organization","name":"Apps by N.O.U.S.","url":"https:\/\/apps.avecnous.eu\/","logo":{"@type":"ImageObject","inLanguage":"en-GB","@id":"https:\/\/apps.avecnous.eu\/#\/schema\/logo\/image\/","url":"https:\/\/apps.avecnous.eu\/wp-content\/uploads\/sites\/28\/2025\/07\/Logo_APPS_by_NOUS_2025.png","contentUrl":"https:\/\/apps.avecnous.eu\/wp-content\/uploads\/sites\/28\/2025\/07\/Logo_APPS_by_NOUS_2025.png","width":500,"height":112,"caption":"Apps by N.O.U.S."},"image":{"@id":"https:\/\/apps.avecnous.eu\/#\/schema\/logo\/image\/"}}]}},"_links":{"self":[{"href":"https:\/\/apps.avecnous.eu\/en\/wp-json\/wp\/v2\/product\/597","targetHints":{"allow":["GET"]}}],"collection":[{"href":"https:\/\/apps.avecnous.eu\/en\/wp-json\/wp\/v2\/product"}],"about":[{"href":"https:\/\/apps.avecnous.eu\/en\/wp-json\/wp\/v2\/types\/product"}],"replies":[{"embeddable":true,"href":"https:\/\/apps.avecnous.eu\/en\/wp-json\/wp\/v2\/comments?post=597"}],"wp:featuredmedia":[{"embeddable":true,"href":"https:\/\/apps.avecnous.eu\/en\/wp-json\/wp\/v2\/media\/573"}],"wp:attachment":[{"href":"https:\/\/apps.avecnous.eu\/en\/wp-json\/wp\/v2\/media?parent=597"}],"wp:term":[{"taxonomy":"product_brand","embeddable":true,"href":"https:\/\/apps.avecnous.eu\/en\/wp-json\/wp\/v2\/product_brand?post=597"},{"taxonomy":"product_cat","embeddable":true,"href":"https:\/\/apps.avecnous.eu\/en\/wp-json\/wp\/v2\/product_cat?post=597"},{"taxonomy":"product_tag","embeddable":true,"href":"https:\/\/apps.avecnous.eu\/en\/wp-json\/wp\/v2\/product_tag?post=597"}],"curies":[{"name":"wp","href":"https:\/\/api.w.org\/{rel}","templated":true}]}}