{"id":598,"date":"2021-01-28T18:53:08","date_gmt":"2021-01-28T17:53:08","guid":{"rendered":"https:\/\/apps.avecnous.eu\/product\/bloc-de-partage-social-simple\/"},"modified":"2025-12-30T16:54:41","modified_gmt":"2025-12-30T15:54:41","slug":"bloc-de-partage-social-simple","status":"publish","type":"product","link":"https:\/\/apps.avecnous.eu\/en\/boutique\/reseaux-sociaux-connectez-wordpress\/bloc-de-partage-social-simple\/","title":{"rendered":"Simple bloc for social network share"},"content":{"rendered":"<p>With this plugin, you can add social sharing buttons as blocks in Gutenberg.<br \/>\nIn the first version, we only created the ones we needed: print, email, Facebook, and Twitter.<br \/>\nYou can choose Dashicons or images, as well as the original colours of these networks, or a greyscale version.<\/p>\n<p>&nbsp;<\/p>","protected":false},"excerpt":{"rendered":"<p>With this plugin, you can add social sharing buttons as blocks in Gutenberg.<br \/>\nIn the first version, we only created the ones we needed: print, email, Facebook, and Twitter.<br \/>\nYou can choose Dashicons or images, as well as the original colours of these networks, or a greyscale version.<\/p>\n<div class=\"button\"><a style=\"color: #ffffff;\" href=\"https:\/\/wordpress.org\/plugins\/simple-social-share-block\/\">Obtenir ce plugin<\/a><\/div>","protected":false},"featured_media":3437,"comment_status":"open","ping_status":"closed","template":"","meta":{"_eb_attr":""},"product_brand":[138],"product_cat":[40],"product_tag":[90],"class_list":{"0":"post-598","1":"product","2":"type-product","3":"status-publish","4":"has-post-thumbnail","6":"product_brand-wordpress","7":"product_cat-reseaux-sociaux-connectez-wordpress","8":"product_tag-gratuit","10":"first","11":"instock","12":"featured","13":"downloadable","14":"virtual","15":"taxable","16":"purchasable","17":"product-type-simple","18":"nyp-product"},"yoast_head":"<!-- This site is optimized with the Yoast SEO plugin v27.3 - https:\/\/yoast.com\/product\/yoast-seo-wordpress\/ -->\n<title>Bloc simple de partage de r\u00e9seaux sociaux | Apps NOUS<\/title>\n<meta name=\"robots\" content=\"index, follow, max-snippet:-1, max-image-preview:large, max-video-preview:-1\" \/>\n<link rel=\"canonical\" href=\"https:\/\/apps.avecnous.eu\/en\/boutique\/reseaux-sociaux-connectez-wordpress\/bloc-de-partage-social-simple\/\" \/>\n<meta property=\"og:locale\" content=\"en_GB\" \/>\n<meta property=\"og:type\" content=\"article\" \/>\n<meta property=\"og:title\" content=\"Bloc simple de partage de r\u00e9seaux sociaux | Apps NOUS\" \/>\n<meta property=\"og:description\" content=\"Avec ce plugin, vous pouvez ajouter des boutons de partage social en tant que blocs dans Gutenberg. Dans une premi\u00e8re version, nous n&#039;avons cr\u00e9\u00e9 que celles dont nous avions besoin: impression, mail, Facebook et Twitter. Vous pouvez choisir des Dashicons ou des images, ainsi que les couleurs d&#039;origine de ces r\u00e9seaux, ou une version en niveaux de gris. Obtenir ce plugin\" \/>\n<meta property=\"og:url\" content=\"https:\/\/apps.avecnous.eu\/en\/boutique\/reseaux-sociaux-connectez-wordpress\/bloc-de-partage-social-simple\/\" \/>\n<meta property=\"og:site_name\" content=\"Apps\" \/>\n<meta property=\"article:modified_time\" content=\"2025-12-30T15:54:41+00:00\" \/>\n<meta property=\"og:image\" content=\"https:\/\/apps.avecnous.eu\/wp-content\/uploads\/sites\/28\/2021\/01\/simple-social-sharing-block.png\" \/>\n\t<meta property=\"og:image:width\" content=\"256\" \/>\n\t<meta property=\"og:image:height\" content=\"256\" \/>\n\t<meta property=\"og:image:type\" content=\"image\/png\" \/>\n<meta name=\"twitter:card\" content=\"summary_large_image\" \/>\n<meta name=\"twitter:label1\" content=\"Estimated reading time\" \/>\n\t<meta name=\"twitter:data1\" content=\"1 minute\" \/>\n<script type=\"application\/ld+json\" class=\"yoast-schema-graph\">{\"@context\":\"https:\\\/\\\/schema.org\",\"@graph\":[{\"@type\":\"WebPage\",\"@id\":\"https:\\\/\\\/apps.avecnous.eu\\\/boutique\\\/reseaux-sociaux-connectez-wordpress\\\/bloc-de-partage-social-simple\\\/\",\"url\":\"https:\\\/\\\/apps.avecnous.eu\\\/boutique\\\/reseaux-sociaux-connectez-wordpress\\\/bloc-de-partage-social-simple\\\/\",\"name\":\"Bloc simple de partage de r\u00e9seaux sociaux | Apps NOUS\",\"isPartOf\":{\"@id\":\"https:\\\/\\\/apps.avecnous.eu\\\/#website\"},\"primaryImageOfPage\":{\"@id\":\"https:\\\/\\\/apps.avecnous.eu\\\/boutique\\\/reseaux-sociaux-connectez-wordpress\\\/bloc-de-partage-social-simple\\\/#primaryimage\"},\"image\":{\"@id\":\"https:\\\/\\\/apps.avecnous.eu\\\/boutique\\\/reseaux-sociaux-connectez-wordpress\\\/bloc-de-partage-social-simple\\\/#primaryimage\"},\"thumbnailUrl\":\"https:\\\/\\\/apps.avecnous.eu\\\/wp-content\\\/uploads\\\/sites\\\/28\\\/2021\\\/01\\\/simple-social-sharing-block.png\",\"datePublished\":\"2021-01-28T17:53:08+00:00\",\"dateModified\":\"2025-12-30T15:54:41+00:00\",\"breadcrumb\":{\"@id\":\"https:\\\/\\\/apps.avecnous.eu\\\/boutique\\\/reseaux-sociaux-connectez-wordpress\\\/bloc-de-partage-social-simple\\\/#breadcrumb\"},\"inLanguage\":\"en-GB\",\"potentialAction\":[{\"@type\":\"ReadAction\",\"target\":[\"https:\\\/\\\/apps.avecnous.eu\\\/boutique\\\/reseaux-sociaux-connectez-wordpress\\\/bloc-de-partage-social-simple\\\/\"]}]},{\"@type\":\"ImageObject\",\"inLanguage\":\"en-GB\",\"@id\":\"https:\\\/\\\/apps.avecnous.eu\\\/boutique\\\/reseaux-sociaux-connectez-wordpress\\\/bloc-de-partage-social-simple\\\/#primaryimage\",\"url\":\"https:\\\/\\\/apps.avecnous.eu\\\/wp-content\\\/uploads\\\/sites\\\/28\\\/2021\\\/01\\\/simple-social-sharing-block.png\",\"contentUrl\":\"https:\\\/\\\/apps.avecnous.eu\\\/wp-content\\\/uploads\\\/sites\\\/28\\\/2021\\\/01\\\/simple-social-sharing-block.png\",\"width\":256,\"height\":256,\"caption\":\"Image produit Bloc simple partage de r\u00e9seaux sociaux\"},{\"@type\":\"BreadcrumbList\",\"@id\":\"https:\\\/\\\/apps.avecnous.eu\\\/boutique\\\/reseaux-sociaux-connectez-wordpress\\\/bloc-de-partage-social-simple\\\/#breadcrumb\",\"itemListElement\":[{\"@type\":\"ListItem\",\"position\":1,\"name\":\"Home\",\"item\":\"https:\\\/\\\/apps.avecnous.eu\\\/\"},{\"@type\":\"ListItem\",\"position\":2,\"name\":\"Toutes nos extensions WordPress et WooCommerce\",\"item\":\"https:\\\/\\\/apps.avecnous.eu\\\/boutique\\\/\"},{\"@type\":\"ListItem\",\"position\":3,\"name\":\"Partage\",\"item\":\"https:\\\/\\\/apps.avecnous.eu\\\/categorie-produit\\\/reseaux-sociaux-connectez-wordpress\\\/\"},{\"@type\":\"ListItem\",\"position\":4,\"name\":\"Bloc simple de partage de r\u00e9seaux sociaux\"}]},{\"@type\":\"WebSite\",\"@id\":\"https:\\\/\\\/apps.avecnous.eu\\\/#website\",\"url\":\"https:\\\/\\\/apps.avecnous.eu\\\/\",\"name\":\"Apps by N.O.U.S.\",\"description\":\"Nous Ouvert, Utile &amp; Simple, d\u00e9veloppe des extensions gratuites et premium pour WordPress et Woocommerce avec un engagement de livrer un code de qualit\u00e9 et respectueux de l&#039;environnement.\",\"publisher\":{\"@id\":\"https:\\\/\\\/apps.avecnous.eu\\\/#organization\"},\"alternateName\":\"Apps NOUS\",\"potentialAction\":[{\"@type\":\"SearchAction\",\"target\":{\"@type\":\"EntryPoint\",\"urlTemplate\":\"https:\\\/\\\/apps.avecnous.eu\\\/?s={search_term_string}\"},\"query-input\":{\"@type\":\"PropertyValueSpecification\",\"valueRequired\":true,\"valueName\":\"search_term_string\"}}],\"inLanguage\":\"en-GB\"},{\"@type\":\"Organization\",\"@id\":\"https:\\\/\\\/apps.avecnous.eu\\\/#organization\",\"name\":\"Apps by N.O.U.S.\",\"url\":\"https:\\\/\\\/apps.avecnous.eu\\\/\",\"logo\":{\"@type\":\"ImageObject\",\"inLanguage\":\"en-GB\",\"@id\":\"https:\\\/\\\/apps.avecnous.eu\\\/#\\\/schema\\\/logo\\\/image\\\/\",\"url\":\"https:\\\/\\\/apps.avecnous.eu\\\/wp-content\\\/uploads\\\/sites\\\/28\\\/2025\\\/07\\\/Logo_APPS_by_NOUS_2025.png\",\"contentUrl\":\"https:\\\/\\\/apps.avecnous.eu\\\/wp-content\\\/uploads\\\/sites\\\/28\\\/2025\\\/07\\\/Logo_APPS_by_NOUS_2025.png\",\"width\":500,\"height\":112,\"caption\":\"Apps by N.O.U.S.\"},\"image\":{\"@id\":\"https:\\\/\\\/apps.avecnous.eu\\\/#\\\/schema\\\/logo\\\/image\\\/\"}}]}<\/script>\n<!-- \/ Yoast SEO plugin. -->","yoast_head_json":{"title":"Bloc simple de partage de r\u00e9seaux sociaux | Apps NOUS","robots":{"index":"index","follow":"follow","max-snippet":"max-snippet:-1","max-image-preview":"max-image-preview:large","max-video-preview":"max-video-preview:-1"},"canonical":"https:\/\/apps.avecnous.eu\/en\/boutique\/reseaux-sociaux-connectez-wordpress\/bloc-de-partage-social-simple\/","og_locale":"en_GB","og_type":"article","og_title":"Bloc simple de partage de r\u00e9seaux sociaux | Apps NOUS","og_description":"Avec ce plugin, vous pouvez ajouter des boutons de partage social en tant que blocs dans Gutenberg. Dans une premi\u00e8re version, nous n'avons cr\u00e9\u00e9 que celles dont nous avions besoin: impression, mail, Facebook et Twitter. Vous pouvez choisir des Dashicons ou des images, ainsi que les couleurs d'origine de ces r\u00e9seaux, ou une version en niveaux de gris. Obtenir ce plugin","og_url":"https:\/\/apps.avecnous.eu\/en\/boutique\/reseaux-sociaux-connectez-wordpress\/bloc-de-partage-social-simple\/","og_site_name":"Apps","article_modified_time":"2025-12-30T15:54:41+00:00","og_image":[{"width":256,"height":256,"url":"https:\/\/apps.avecnous.eu\/wp-content\/uploads\/sites\/28\/2021\/01\/simple-social-sharing-block.png","type":"image\/png"}],"twitter_card":"summary_large_image","twitter_misc":{"Estimated reading time":"1 minute"},"schema":{"@context":"https:\/\/schema.org","@graph":[{"@type":"WebPage","@id":"https:\/\/apps.avecnous.eu\/boutique\/reseaux-sociaux-connectez-wordpress\/bloc-de-partage-social-simple\/","url":"https:\/\/apps.avecnous.eu\/boutique\/reseaux-sociaux-connectez-wordpress\/bloc-de-partage-social-simple\/","name":"Bloc simple de partage de r\u00e9seaux sociaux | Apps NOUS","isPartOf":{"@id":"https:\/\/apps.avecnous.eu\/#website"},"primaryImageOfPage":{"@id":"https:\/\/apps.avecnous.eu\/boutique\/reseaux-sociaux-connectez-wordpress\/bloc-de-partage-social-simple\/#primaryimage"},"image":{"@id":"https:\/\/apps.avecnous.eu\/boutique\/reseaux-sociaux-connectez-wordpress\/bloc-de-partage-social-simple\/#primaryimage"},"thumbnailUrl":"https:\/\/apps.avecnous.eu\/wp-content\/uploads\/sites\/28\/2021\/01\/simple-social-sharing-block.png","datePublished":"2021-01-28T17:53:08+00:00","dateModified":"2025-12-30T15:54:41+00:00","breadcrumb":{"@id":"https:\/\/apps.avecnous.eu\/boutique\/reseaux-sociaux-connectez-wordpress\/bloc-de-partage-social-simple\/#breadcrumb"},"inLanguage":"en-GB","potentialAction":[{"@type":"ReadAction","target":["https:\/\/apps.avecnous.eu\/boutique\/reseaux-sociaux-connectez-wordpress\/bloc-de-partage-social-simple\/"]}]},{"@type":"ImageObject","inLanguage":"en-GB","@id":"https:\/\/apps.avecnous.eu\/boutique\/reseaux-sociaux-connectez-wordpress\/bloc-de-partage-social-simple\/#primaryimage","url":"https:\/\/apps.avecnous.eu\/wp-content\/uploads\/sites\/28\/2021\/01\/simple-social-sharing-block.png","contentUrl":"https:\/\/apps.avecnous.eu\/wp-content\/uploads\/sites\/28\/2021\/01\/simple-social-sharing-block.png","width":256,"height":256,"caption":"Image produit Bloc simple partage de r\u00e9seaux sociaux"},{"@type":"BreadcrumbList","@id":"https:\/\/apps.avecnous.eu\/boutique\/reseaux-sociaux-connectez-wordpress\/bloc-de-partage-social-simple\/#breadcrumb","itemListElement":[{"@type":"ListItem","position":1,"name":"Home","item":"https:\/\/apps.avecnous.eu\/"},{"@type":"ListItem","position":2,"name":"Toutes nos extensions WordPress et WooCommerce","item":"https:\/\/apps.avecnous.eu\/boutique\/"},{"@type":"ListItem","position":3,"name":"Partage","item":"https:\/\/apps.avecnous.eu\/categorie-produit\/reseaux-sociaux-connectez-wordpress\/"},{"@type":"ListItem","position":4,"name":"Bloc simple de partage de r\u00e9seaux sociaux"}]},{"@type":"WebSite","@id":"https:\/\/apps.avecnous.eu\/#website","url":"https:\/\/apps.avecnous.eu\/","name":"Apps by N.O.U.S.","description":"NOUS - Open, Useful &amp; Simple develop free and premium plugins for WordPress and Woocommerce with a commitment to delivering high-quality, environmentally friendly code.","publisher":{"@id":"https:\/\/apps.avecnous.eu\/#organization"},"alternateName":"Apps NOUS","potentialAction":[{"@type":"SearchAction","target":{"@type":"EntryPoint","urlTemplate":"https:\/\/apps.avecnous.eu\/?s={search_term_string}"},"query-input":{"@type":"PropertyValueSpecification","valueRequired":true,"valueName":"search_term_string"}}],"inLanguage":"en-GB"},{"@type":"Organization","@id":"https:\/\/apps.avecnous.eu\/#organization","name":"Apps by N.O.U.S.","url":"https:\/\/apps.avecnous.eu\/","logo":{"@type":"ImageObject","inLanguage":"en-GB","@id":"https:\/\/apps.avecnous.eu\/#\/schema\/logo\/image\/","url":"https:\/\/apps.avecnous.eu\/wp-content\/uploads\/sites\/28\/2025\/07\/Logo_APPS_by_NOUS_2025.png","contentUrl":"https:\/\/apps.avecnous.eu\/wp-content\/uploads\/sites\/28\/2025\/07\/Logo_APPS_by_NOUS_2025.png","width":500,"height":112,"caption":"Apps by N.O.U.S."},"image":{"@id":"https:\/\/apps.avecnous.eu\/#\/schema\/logo\/image\/"}}]}},"_links":{"self":[{"href":"https:\/\/apps.avecnous.eu\/en\/wp-json\/wp\/v2\/product\/598","targetHints":{"allow":["GET"]}}],"collection":[{"href":"https:\/\/apps.avecnous.eu\/en\/wp-json\/wp\/v2\/product"}],"about":[{"href":"https:\/\/apps.avecnous.eu\/en\/wp-json\/wp\/v2\/types\/product"}],"replies":[{"embeddable":true,"href":"https:\/\/apps.avecnous.eu\/en\/wp-json\/wp\/v2\/comments?post=598"}],"wp:featuredmedia":[{"embeddable":true,"href":"https:\/\/apps.avecnous.eu\/en\/wp-json\/wp\/v2\/media\/3437"}],"wp:attachment":[{"href":"https:\/\/apps.avecnous.eu\/en\/wp-json\/wp\/v2\/media?parent=598"}],"wp:term":[{"taxonomy":"product_brand","embeddable":true,"href":"https:\/\/apps.avecnous.eu\/en\/wp-json\/wp\/v2\/product_brand?post=598"},{"taxonomy":"product_cat","embeddable":true,"href":"https:\/\/apps.avecnous.eu\/en\/wp-json\/wp\/v2\/product_cat?post=598"},{"taxonomy":"product_tag","embeddable":true,"href":"https:\/\/apps.avecnous.eu\/en\/wp-json\/wp\/v2\/product_tag?post=598"}],"curies":[{"name":"wp","href":"https:\/\/api.w.org\/{rel}","templated":true}]}}