{"id":607,"date":"2021-01-28T18:27:06","date_gmt":"2021-01-28T17:27:06","guid":{"rendered":"https:\/\/apps.avecnous.eu\/product\/comptabilite-pour-woocommerce\/"},"modified":"2026-01-22T12:14:56","modified_gmt":"2026-01-22T11:14:56","slug":"comptabilite-pour-woocommerce-gratuit","status":"publish","type":"product","link":"https:\/\/apps.avecnous.eu\/en\/boutique\/comptabilite-woocommerce\/comptabilite-pour-woocommerce-gratuit\/","title":{"rendered":"Accounting for Woocommerce"},"content":{"rendered":"<h2>Enjoy free Accounting for WooCommerce<\/h2>\n<h3>You are\u00a0<strong>freelance, Microbusiness or SME<\/strong>\u00a0? This plugin will make your life easier!<\/h3>\n<p>With free Accounting for WooCommerce, carry out all your accounting exports easily to simplify your life.<\/p>\n<p class=\"has-text-color\">Manage your online shop's accounts in WooCommerce in just a few clicks!<\/p>\n<p class=\"has-text-color\">No complex and costly synchronisation:\u00a0<strong>Generate directly your accounting exports<\/strong>\u00a0to the main accounting softwares :\u00a0\u00a0<strong>CIEL, EBP Comptabilit\u00e9, Cogilog, GNUcash,\u00a0<a href=\"https:\/\/www.isagri.fr\/\" target=\"_blank\" rel=\"noopener\">Isagri<\/a><\/strong>, respecting\u00a0<strong>the accounting plan of your enterprise - analytic accounting included.<\/strong>.<\/p>\n<p>WooCommerce Accounting also allows you to export CSV files according to different VAT rates.<\/p>\n<p>&nbsp;<\/p>\n<h3>This WooCommerce accounting export extension works optimally with:<\/h3>\n<ul>\n<li><a href=\"https:\/\/wordpress.org\/plugins\/woocommerce-pdf-invoices-packing-slips\/\" target=\"_blank\" rel=\"noopener\"><span class=\"author-a-drz80zz81zuz83zemtz68zdgjxz87z1\">WooCommerce PDF Invoices &amp; Packing Slips<\/span><\/a><\/li>\n<li><a href=\"https:\/\/fr.wordpress.org\/plugins\/paybox-woocommerce-gateway\/\" target=\"_blank\" rel=\"noopener\">Paybox WooCommerce Payment Gateway<\/a>\u00a0(<em>via<\/em>\u00a0the addon\u00a0<a href=\"https:\/\/apps.avecnous.eu\/en\/produit\/module-journal-de-banque-comptabilite-pour-woocommerce\/\">Bank journal plugin<span class=\"author-a-gz67zz88zz68zz69zz72zz67z1z73zz85zdz80zz79zz85zz90zz122z b\">\/<\/span><\/a>)<\/li>\n<li><a href=\"https:\/\/apps.avecnous.eu\/en\/produit\/bank-slip-for-woocommerce\/\"><span class=\"author-a-gz67zz88zz68zz69zz72zz67z1z73zz85zdz80zz79zz85zz90zz122z b\">Bank Slip for WooCommerce<strong>\u00a0(free)<\/strong><\/span><\/a><\/li>\n<\/ul>\n<h4><strong>WooCommerce PDF Invoices &amp; Packing Slips<\/strong><\/h4>\n<div id=\"magicdomid1252\" class=\"ace-line\">\n<div id=\"magicdomid1194\" class=\"ace-line\"><span class=\"author-a-gz67zz88zz68zz69zz72zz67z1z73zz85zdz80zz79zz85zz90zz122z\">While <strong>Accounting for WooCommerce<\/strong> is installed at the same time as<strong> <a href=\"https:\/\/wordpress.org\/plugins\/woocommerce-pdf-invoices-packing-slips\/\" target=\"_blank\" rel=\"noopener\"><span class=\"author-a-drz80zz81zuz83zemtz68zdgjxz87z1\">WooCommerce PDF Invoices &amp; Packing Slips<\/span><\/a><\/strong><span class=\"author-a-drz80zz81zuz83zemtz68zdgjxz87z1\">,<\/span> it is then possible to use the invoice date and invoice number in the accounting export<\/span><span class=\"author-a-drz80zz81zuz83zemtz68zdgjxz87z1\">.<\/span><\/div>\n<div><\/div>\n<\/div>\n<div>\n<h4 id=\"magicdomid1236\" class=\"ace-line\"><span class=\"author-a-gz67zz88zz68zz69zz72zz67z1z73zz85zdz80zz79zz85zz90zz122z b\"><b>Bank Slip for WooCommerce (free)<\/b><\/span><\/h4>\n<\/div>\n<div>\n<div id=\"magicdomid1270\" class=\"ace-line\">\n<div id=\"magicdomid1192\" class=\"ace-line\"><strong><span class=\"author-a-gz67zz88zz68zz69zz72zz67z1z73zz85zdz80zz79zz85zz90zz122z\">Consolidation by delivery notes.<\/span><\/strong><\/div>\n<\/div>\n<div id=\"magicdomid1237\" class=\"ace-line\"><span class=\"author-a-gz67zz88zz68zz69zz72zz67z1z73zz85zdz80zz79zz85zz90zz122z\">Enables the generation of bank remittance slips, particularly for cheque<\/span><span class=\"author-a-drz80zz81zuz83zemtz68zdgjxz87z1\">s<\/span><\/div>\n<div id=\"magicdomid1238\" class=\"ace-line\"><span class=\"author-a-gz67zz88zz68zz69zz72zz67z1z73zz85zdz80zz79zz85zz90zz122z\">Generate a PDF, add the bank transfer number to each relevant order<\/span><\/div>\n<\/div>\n<div><a href=\"https:\/\/apps.avecnous.eu\/en\/produit\/bank-slip-for-woocommerce\/\">Read more<\/a><\/div>\n<div class=\"bloc-link-article\">\n<h2>Would you like more information?<\/h2>\n<div class=\"btn-cta-violet maillage-int wp-block-button\"><a title=\"Consulter notre article complet sur l'extension\" href=\"\/en\/blog\/comptabilite\/decouvrez-notre-extension-comptabilite-pour-woocommerce\/\" target=\"_BLANK\">Discover now our full article on the plugin<\/a><\/div>\n<\/div>","protected":false},"excerpt":{"rendered":"<p>This plugin is a fork of Ro_meow's WooCommerce Book-keeper with a major refactor by US Open Useful and Simple.<\/p>","protected":false},"featured_media":559,"comment_status":"open","ping_status":"closed","template":"","meta":{"_eb_attr":""},"product_brand":[139],"product_cat":[41],"product_tag":[90,140],"class_list":{"0":"post-607","1":"product","2":"type-product","3":"status-publish","4":"has-post-thumbnail","6":"product_brand-woocommerce","7":"product_cat-comptabilite-woocommerce","8":"product_tag-gratuit","9":"product_tag-woocommerce","11":"first","12":"instock","13":"downloadable","14":"virtual","15":"taxable","16":"purchasable","17":"product-type-simple","18":"nyp-product"},"yoast_head":"<!-- This site is optimized with the Yoast SEO plugin v27.3 - https:\/\/yoast.com\/product\/yoast-seo-wordpress\/ -->\n<title>Comptabilit\u00e9 pour WooCommerce | Export comptable gratuit<\/title>\n<meta name=\"description\" content=\"D\u00e9couvrez Comptabilit\u00e9 pour WooCommerce gratuit : simplifiez votre gestion comptable gratuitement en exportant vos donn\u00e9es comptables.\" \/>\n<meta name=\"robots\" content=\"index, follow, max-snippet:-1, max-image-preview:large, max-video-preview:-1\" \/>\n<link rel=\"canonical\" href=\"https:\/\/apps.avecnous.eu\/en\/boutique\/comptabilite-woocommerce\/comptabilite-pour-woocommerce-gratuit\/\" \/>\n<meta property=\"og:locale\" content=\"en_GB\" \/>\n<meta property=\"og:type\" content=\"article\" \/>\n<meta property=\"og:title\" content=\"Comptabilit\u00e9 pour WooCommerce | Export comptable gratuit\" \/>\n<meta property=\"og:description\" content=\"D\u00e9couvrez Comptabilit\u00e9 pour WooCommerce gratuit : simplifiez votre gestion comptable gratuitement en exportant vos donn\u00e9es comptables.\" \/>\n<meta property=\"og:url\" content=\"https:\/\/apps.avecnous.eu\/en\/boutique\/comptabilite-woocommerce\/comptabilite-pour-woocommerce-gratuit\/\" \/>\n<meta property=\"og:site_name\" content=\"Apps\" \/>\n<meta property=\"article:modified_time\" content=\"2026-01-22T11:14:56+00:00\" \/>\n<meta property=\"og:image\" content=\"https:\/\/apps.avecnous.eu\/wp-content\/uploads\/sites\/28\/2021\/01\/icon-256x256-1-1.png\" \/>\n\t<meta property=\"og:image:width\" content=\"256\" \/>\n\t<meta property=\"og:image:height\" content=\"256\" \/>\n\t<meta property=\"og:image:type\" content=\"image\/png\" \/>\n<meta name=\"twitter:card\" content=\"summary_large_image\" \/>\n<meta name=\"twitter:label1\" content=\"Estimated reading time\" \/>\n\t<meta name=\"twitter:data1\" content=\"2 minutes\" \/>\n<script type=\"application\/ld+json\" class=\"yoast-schema-graph\">{\"@context\":\"https:\\\/\\\/schema.org\",\"@graph\":[{\"@type\":\"WebPage\",\"@id\":\"https:\\\/\\\/apps.avecnous.eu\\\/boutique\\\/comptabilite-woocommerce\\\/comptabilite-pour-woocommerce-gratuit\\\/\",\"url\":\"https:\\\/\\\/apps.avecnous.eu\\\/boutique\\\/comptabilite-woocommerce\\\/comptabilite-pour-woocommerce-gratuit\\\/\",\"name\":\"Comptabilit\u00e9 pour WooCommerce | Export comptable gratuit\",\"isPartOf\":{\"@id\":\"https:\\\/\\\/apps.avecnous.eu\\\/#website\"},\"primaryImageOfPage\":{\"@id\":\"https:\\\/\\\/apps.avecnous.eu\\\/boutique\\\/comptabilite-woocommerce\\\/comptabilite-pour-woocommerce-gratuit\\\/#primaryimage\"},\"image\":{\"@id\":\"https:\\\/\\\/apps.avecnous.eu\\\/boutique\\\/comptabilite-woocommerce\\\/comptabilite-pour-woocommerce-gratuit\\\/#primaryimage\"},\"thumbnailUrl\":\"https:\\\/\\\/apps.avecnous.eu\\\/wp-content\\\/uploads\\\/sites\\\/28\\\/2021\\\/01\\\/icon-256x256-1-1.png\",\"datePublished\":\"2021-01-28T17:27:06+00:00\",\"dateModified\":\"2026-01-22T11:14:56+00:00\",\"description\":\"D\u00e9couvrez Comptabilit\u00e9 pour WooCommerce gratuit : simplifiez votre gestion comptable gratuitement en exportant vos donn\u00e9es comptables.\",\"breadcrumb\":{\"@id\":\"https:\\\/\\\/apps.avecnous.eu\\\/boutique\\\/comptabilite-woocommerce\\\/comptabilite-pour-woocommerce-gratuit\\\/#breadcrumb\"},\"inLanguage\":\"en-GB\",\"potentialAction\":[{\"@type\":\"ReadAction\",\"target\":[\"https:\\\/\\\/apps.avecnous.eu\\\/boutique\\\/comptabilite-woocommerce\\\/comptabilite-pour-woocommerce-gratuit\\\/\"]}]},{\"@type\":\"ImageObject\",\"inLanguage\":\"en-GB\",\"@id\":\"https:\\\/\\\/apps.avecnous.eu\\\/boutique\\\/comptabilite-woocommerce\\\/comptabilite-pour-woocommerce-gratuit\\\/#primaryimage\",\"url\":\"https:\\\/\\\/apps.avecnous.eu\\\/wp-content\\\/uploads\\\/sites\\\/28\\\/2021\\\/01\\\/icon-256x256-1-1.png\",\"contentUrl\":\"https:\\\/\\\/apps.avecnous.eu\\\/wp-content\\\/uploads\\\/sites\\\/28\\\/2021\\\/01\\\/icon-256x256-1-1.png\",\"width\":256,\"height\":256,\"caption\":\"Image Logo Woocommerce\"},{\"@type\":\"BreadcrumbList\",\"@id\":\"https:\\\/\\\/apps.avecnous.eu\\\/boutique\\\/comptabilite-woocommerce\\\/comptabilite-pour-woocommerce-gratuit\\\/#breadcrumb\",\"itemListElement\":[{\"@type\":\"ListItem\",\"position\":1,\"name\":\"Home\",\"item\":\"https:\\\/\\\/apps.avecnous.eu\\\/\"},{\"@type\":\"ListItem\",\"position\":2,\"name\":\"Toutes nos extensions WordPress et WooCommerce\",\"item\":\"https:\\\/\\\/apps.avecnous.eu\\\/boutique\\\/\"},{\"@type\":\"ListItem\",\"position\":3,\"name\":\"Comptabilit\u00e9\",\"item\":\"https:\\\/\\\/apps.avecnous.eu\\\/categorie-produit\\\/comptabilite-woocommerce\\\/\"},{\"@type\":\"ListItem\",\"position\":4,\"name\":\"Comptabilit\u00e9 pour WooCommerce\"}]},{\"@type\":\"WebSite\",\"@id\":\"https:\\\/\\\/apps.avecnous.eu\\\/#website\",\"url\":\"https:\\\/\\\/apps.avecnous.eu\\\/\",\"name\":\"Apps by N.O.U.S.\",\"description\":\"Nous Ouvert, Utile &amp; Simple, d\u00e9veloppe des extensions gratuites et premium pour WordPress et Woocommerce avec un engagement de livrer un code de qualit\u00e9 et respectueux de l&#039;environnement.\",\"publisher\":{\"@id\":\"https:\\\/\\\/apps.avecnous.eu\\\/#organization\"},\"alternateName\":\"Apps NOUS\",\"potentialAction\":[{\"@type\":\"SearchAction\",\"target\":{\"@type\":\"EntryPoint\",\"urlTemplate\":\"https:\\\/\\\/apps.avecnous.eu\\\/?s={search_term_string}\"},\"query-input\":{\"@type\":\"PropertyValueSpecification\",\"valueRequired\":true,\"valueName\":\"search_term_string\"}}],\"inLanguage\":\"en-GB\"},{\"@type\":\"Organization\",\"@id\":\"https:\\\/\\\/apps.avecnous.eu\\\/#organization\",\"name\":\"Apps by N.O.U.S.\",\"url\":\"https:\\\/\\\/apps.avecnous.eu\\\/\",\"logo\":{\"@type\":\"ImageObject\",\"inLanguage\":\"en-GB\",\"@id\":\"https:\\\/\\\/apps.avecnous.eu\\\/#\\\/schema\\\/logo\\\/image\\\/\",\"url\":\"https:\\\/\\\/apps.avecnous.eu\\\/wp-content\\\/uploads\\\/sites\\\/28\\\/2025\\\/07\\\/Logo_APPS_by_NOUS_2025.png\",\"contentUrl\":\"https:\\\/\\\/apps.avecnous.eu\\\/wp-content\\\/uploads\\\/sites\\\/28\\\/2025\\\/07\\\/Logo_APPS_by_NOUS_2025.png\",\"width\":500,\"height\":112,\"caption\":\"Apps by N.O.U.S.\"},\"image\":{\"@id\":\"https:\\\/\\\/apps.avecnous.eu\\\/#\\\/schema\\\/logo\\\/image\\\/\"}}]}<\/script>\n<!-- \/ Yoast SEO plugin. -->","yoast_head_json":{"title":"Comptabilit\u00e9 pour WooCommerce | Export comptable gratuit","description":"D\u00e9couvrez Comptabilit\u00e9 pour WooCommerce gratuit : simplifiez votre gestion comptable gratuitement en exportant vos donn\u00e9es comptables.","robots":{"index":"index","follow":"follow","max-snippet":"max-snippet:-1","max-image-preview":"max-image-preview:large","max-video-preview":"max-video-preview:-1"},"canonical":"https:\/\/apps.avecnous.eu\/en\/boutique\/comptabilite-woocommerce\/comptabilite-pour-woocommerce-gratuit\/","og_locale":"en_GB","og_type":"article","og_title":"Comptabilit\u00e9 pour WooCommerce | Export comptable gratuit","og_description":"D\u00e9couvrez Comptabilit\u00e9 pour WooCommerce gratuit : simplifiez votre gestion comptable gratuitement en exportant vos donn\u00e9es comptables.","og_url":"https:\/\/apps.avecnous.eu\/en\/boutique\/comptabilite-woocommerce\/comptabilite-pour-woocommerce-gratuit\/","og_site_name":"Apps","article_modified_time":"2026-01-22T11:14:56+00:00","og_image":[{"width":256,"height":256,"url":"https:\/\/apps.avecnous.eu\/wp-content\/uploads\/sites\/28\/2021\/01\/icon-256x256-1-1.png","type":"image\/png"}],"twitter_card":"summary_large_image","twitter_misc":{"Estimated reading time":"2 minutes"},"schema":{"@context":"https:\/\/schema.org","@graph":[{"@type":"WebPage","@id":"https:\/\/apps.avecnous.eu\/boutique\/comptabilite-woocommerce\/comptabilite-pour-woocommerce-gratuit\/","url":"https:\/\/apps.avecnous.eu\/boutique\/comptabilite-woocommerce\/comptabilite-pour-woocommerce-gratuit\/","name":"Comptabilit\u00e9 pour WooCommerce | Export comptable gratuit","isPartOf":{"@id":"https:\/\/apps.avecnous.eu\/#website"},"primaryImageOfPage":{"@id":"https:\/\/apps.avecnous.eu\/boutique\/comptabilite-woocommerce\/comptabilite-pour-woocommerce-gratuit\/#primaryimage"},"image":{"@id":"https:\/\/apps.avecnous.eu\/boutique\/comptabilite-woocommerce\/comptabilite-pour-woocommerce-gratuit\/#primaryimage"},"thumbnailUrl":"https:\/\/apps.avecnous.eu\/wp-content\/uploads\/sites\/28\/2021\/01\/icon-256x256-1-1.png","datePublished":"2021-01-28T17:27:06+00:00","dateModified":"2026-01-22T11:14:56+00:00","description":"D\u00e9couvrez Comptabilit\u00e9 pour WooCommerce gratuit : simplifiez votre gestion comptable gratuitement en exportant vos donn\u00e9es comptables.","breadcrumb":{"@id":"https:\/\/apps.avecnous.eu\/boutique\/comptabilite-woocommerce\/comptabilite-pour-woocommerce-gratuit\/#breadcrumb"},"inLanguage":"en-GB","potentialAction":[{"@type":"ReadAction","target":["https:\/\/apps.avecnous.eu\/boutique\/comptabilite-woocommerce\/comptabilite-pour-woocommerce-gratuit\/"]}]},{"@type":"ImageObject","inLanguage":"en-GB","@id":"https:\/\/apps.avecnous.eu\/boutique\/comptabilite-woocommerce\/comptabilite-pour-woocommerce-gratuit\/#primaryimage","url":"https:\/\/apps.avecnous.eu\/wp-content\/uploads\/sites\/28\/2021\/01\/icon-256x256-1-1.png","contentUrl":"https:\/\/apps.avecnous.eu\/wp-content\/uploads\/sites\/28\/2021\/01\/icon-256x256-1-1.png","width":256,"height":256,"caption":"Image Logo Woocommerce"},{"@type":"BreadcrumbList","@id":"https:\/\/apps.avecnous.eu\/boutique\/comptabilite-woocommerce\/comptabilite-pour-woocommerce-gratuit\/#breadcrumb","itemListElement":[{"@type":"ListItem","position":1,"name":"Home","item":"https:\/\/apps.avecnous.eu\/"},{"@type":"ListItem","position":2,"name":"Toutes nos extensions WordPress et WooCommerce","item":"https:\/\/apps.avecnous.eu\/boutique\/"},{"@type":"ListItem","position":3,"name":"Comptabilit\u00e9","item":"https:\/\/apps.avecnous.eu\/categorie-produit\/comptabilite-woocommerce\/"},{"@type":"ListItem","position":4,"name":"Comptabilit\u00e9 pour WooCommerce"}]},{"@type":"WebSite","@id":"https:\/\/apps.avecnous.eu\/#website","url":"https:\/\/apps.avecnous.eu\/","name":"Apps by N.O.U.S.","description":"NOUS - Open, Useful &amp; Simple develop free and premium plugins for WordPress and Woocommerce with a commitment to delivering high-quality, environmentally friendly code.","publisher":{"@id":"https:\/\/apps.avecnous.eu\/#organization"},"alternateName":"Apps NOUS","potentialAction":[{"@type":"SearchAction","target":{"@type":"EntryPoint","urlTemplate":"https:\/\/apps.avecnous.eu\/?s={search_term_string}"},"query-input":{"@type":"PropertyValueSpecification","valueRequired":true,"valueName":"search_term_string"}}],"inLanguage":"en-GB"},{"@type":"Organization","@id":"https:\/\/apps.avecnous.eu\/#organization","name":"Apps by N.O.U.S.","url":"https:\/\/apps.avecnous.eu\/","logo":{"@type":"ImageObject","inLanguage":"en-GB","@id":"https:\/\/apps.avecnous.eu\/#\/schema\/logo\/image\/","url":"https:\/\/apps.avecnous.eu\/wp-content\/uploads\/sites\/28\/2025\/07\/Logo_APPS_by_NOUS_2025.png","contentUrl":"https:\/\/apps.avecnous.eu\/wp-content\/uploads\/sites\/28\/2025\/07\/Logo_APPS_by_NOUS_2025.png","width":500,"height":112,"caption":"Apps by N.O.U.S."},"image":{"@id":"https:\/\/apps.avecnous.eu\/#\/schema\/logo\/image\/"}}]}},"_links":{"self":[{"href":"https:\/\/apps.avecnous.eu\/en\/wp-json\/wp\/v2\/product\/607","targetHints":{"allow":["GET"]}}],"collection":[{"href":"https:\/\/apps.avecnous.eu\/en\/wp-json\/wp\/v2\/product"}],"about":[{"href":"https:\/\/apps.avecnous.eu\/en\/wp-json\/wp\/v2\/types\/product"}],"replies":[{"embeddable":true,"href":"https:\/\/apps.avecnous.eu\/en\/wp-json\/wp\/v2\/comments?post=607"}],"wp:featuredmedia":[{"embeddable":true,"href":"https:\/\/apps.avecnous.eu\/en\/wp-json\/wp\/v2\/media\/559"}],"wp:attachment":[{"href":"https:\/\/apps.avecnous.eu\/en\/wp-json\/wp\/v2\/media?parent=607"}],"wp:term":[{"taxonomy":"product_brand","embeddable":true,"href":"https:\/\/apps.avecnous.eu\/en\/wp-json\/wp\/v2\/product_brand?post=607"},{"taxonomy":"product_cat","embeddable":true,"href":"https:\/\/apps.avecnous.eu\/en\/wp-json\/wp\/v2\/product_cat?post=607"},{"taxonomy":"product_tag","embeddable":true,"href":"https:\/\/apps.avecnous.eu\/en\/wp-json\/wp\/v2\/product_tag?post=607"}],"curies":[{"name":"wp","href":"https:\/\/api.w.org\/{rel}","templated":true}]}}